{"id":119178,"date":"2025-04-22T13:39:31","date_gmt":"2025-04-22T12:39:31","guid":{"rendered":"https:\/\/loopup.com\/homepage-2025\/"},"modified":"2026-02-16T12:32:07","modified_gmt":"2026-02-16T12:32:07","slug":"homepage-2025","status":"publish","type":"page","link":"https:\/\/loopup.com\/de\/homepage-2025\/","title":{"rendered":"Homepage 2025"},"content":{"rendered":"\n<h1>Vereinfachen Sie Ihre Welt<\/h1>\n<h2>Konsolidieren Sie die Telefonie Ihrer multinationalen Teams auf globaler Ebene<\/h2>\n","protected":false},"excerpt":{"rendered":"<p>Vereinfachen Sie Ihre Welt Konsolidieren Sie die Telefonie Ihrer multinationalen Teams auf globaler Ebene<\/p>\n","protected":false},"author":13,"featured_media":0,"parent":0,"menu_order":0,"comment_status":"closed","ping_status":"closed","template":"templates\/home-2025.php","meta":{"_acf_changed":false,"footnotes":""},"class_list":["post-119178","page","type-page","status-publish","hentry"],"acf":[],"yoast_head":"<!-- This site is optimized with the Yoast SEO Premium plugin v25.2 (Yoast SEO v25.2) - https:\/\/yoast.com\/wordpress\/plugins\/seo\/ -->\n<title>Konsolidieren Sie die Telefonie Ihrer multinationalen Teams auf globaler Ebene<\/title>\n<meta name=\"description\" content=\"LoopUp unterst\u00fctzt multinationale Unternehmen bei der Konsolidierung des Einkaufs und der Verwaltung ihrer globalen Microsoft-Teams-Telefonie und bietet Telefonnummern und einen vollst\u00e4ndig cloudbasierten PSTN-Ersatzdienst in mehr als 100 L\u00e4ndern weltweit. Wir befreien multinationale Unternehmen von den Frustrationen, der Komplexit\u00e4t und der Ineffizienz der Zusammenarbeit mit mehreren regionalen Anbietern, von denen jeder seine eigenen Vertr\u00e4ge, Preise, Support-Teams und Verwaltungsportale hat. LoopUp bietet eine einzige und konsistente globale L\u00f6sung, die Design, Bereitstellung, Service Delivery und Support kombiniert - weltweit und integriert mit Microsoft Teams. LoopUp hat seinen Hauptsitz in London und verf\u00fcgt \u00fcber Niederlassungen auf der ganzen Welt.\" \/>\n<meta name=\"robots\" content=\"index, follow, max-snippet:-1, max-image-preview:large, max-video-preview:-1\" \/>\n<link rel=\"canonical\" href=\"https:\/\/loopup.com\/de\/\" \/>\n<meta property=\"og:locale\" content=\"en_US\" \/>\n<meta property=\"og:type\" content=\"article\" \/>\n<meta property=\"og:title\" content=\"Homepage 2025\" \/>\n<meta property=\"og:description\" content=\"LoopUp helps multinational enterprises consolidate how they buy and management their global Microsoft Teams telephony, offering phone numbers and full cloud-based, PSTN-replacement service in over 100 countries around the world. We liberate multinationals from the frustrations, complexities and inefficiencies of working with multiple regional carriers, each with their own contracts, pricing, support teams and management portals. LoopUp offers a single and consistent global solution, combining design, deployment, service delivery and support \u2013 provided globally and all integrated with Microsoft Teams.\" \/>\n<meta property=\"og:url\" content=\"https:\/\/loopup.com\/de\/\" \/>\n<meta property=\"og:site_name\" content=\"LoopUp\" \/>\n<meta property=\"article:publisher\" content=\"https:\/\/www.facebook.com\/LoopUp\" \/>\n<meta property=\"article:modified_time\" content=\"2026-02-16T12:32:07+00:00\" \/>\n<meta property=\"og:image\" content=\"https:\/\/loopup.com\/app\/uploads\/2014\/07\/loopup-logo.png\" \/>\n\t<meta property=\"og:image:width\" content=\"1214\" \/>\n\t<meta property=\"og:image:height\" content=\"590\" \/>\n\t<meta property=\"og:image:type\" content=\"image\/png\" \/>\n<meta name=\"twitter:card\" content=\"summary_large_image\" \/>\n<meta name=\"twitter:site\" content=\"@LoopUp\" \/>\n<meta name=\"twitter:label1\" content=\"Est. reading time\" \/>\n\t<meta name=\"twitter:data1\" content=\"1 minute\" \/>\n<script type=\"application\/ld+json\" class=\"yoast-schema-graph\">{\"@context\":\"https:\/\/schema.org\",\"@graph\":[{\"@type\":\"WebPage\",\"@id\":\"https:\/\/loopup.com\/de\/\",\"url\":\"https:\/\/loopup.com\/de\/\",\"name\":\"Konsolidieren Sie die Telefonie Ihrer multinationalen Teams auf globaler Ebene\",\"isPartOf\":{\"@id\":\"https:\/\/loopup.com\/us\/#website\"},\"datePublished\":\"2025-04-22T12:39:31+00:00\",\"dateModified\":\"2026-02-16T12:32:07+00:00\",\"description\":\"LoopUp unterst\u00fctzt multinationale Unternehmen bei der Konsolidierung des Einkaufs und der Verwaltung ihrer globalen Microsoft-Teams-Telefonie und bietet Telefonnummern und einen vollst\u00e4ndig cloudbasierten PSTN-Ersatzdienst in mehr als 100 L\u00e4ndern weltweit. Wir befreien multinationale Unternehmen von den Frustrationen, der Komplexit\u00e4t und der Ineffizienz der Zusammenarbeit mit mehreren regionalen Anbietern, von denen jeder seine eigenen Vertr\u00e4ge, Preise, Support-Teams und Verwaltungsportale hat. LoopUp bietet eine einzige und konsistente globale L\u00f6sung, die Design, Bereitstellung, Service Delivery und Support kombiniert - weltweit und integriert mit Microsoft Teams. LoopUp hat seinen Hauptsitz in London und verf\u00fcgt \u00fcber Niederlassungen auf der ganzen Welt.\",\"breadcrumb\":{\"@id\":\"https:\/\/loopup.com\/de\/#breadcrumb\"},\"inLanguage\":\"en-US\",\"potentialAction\":[{\"@type\":\"ReadAction\",\"target\":[\"https:\/\/loopup.com\/de\/\"]}]},{\"@type\":\"BreadcrumbList\",\"@id\":\"https:\/\/loopup.com\/de\/#breadcrumb\",\"itemListElement\":[{\"@type\":\"ListItem\",\"position\":1,\"name\":\"Home\",\"item\":\"https:\/\/loopup.com\/us\/\"},{\"@type\":\"ListItem\",\"position\":2,\"name\":\"Homepage 2025\"}]},{\"@type\":\"WebSite\",\"@id\":\"https:\/\/loopup.com\/us\/#website\",\"url\":\"https:\/\/loopup.com\/us\/\",\"name\":\"LoopUp\",\"description\":\"Simplify your world, Consolidate your multinational Teams telephony globally.\",\"publisher\":{\"@id\":\"https:\/\/loopup.com\/us\/#organization\"},\"potentialAction\":[{\"@type\":\"SearchAction\",\"target\":{\"@type\":\"EntryPoint\",\"urlTemplate\":\"https:\/\/loopup.com\/us\/?s={search_term_string}\"},\"query-input\":{\"@type\":\"PropertyValueSpecification\",\"valueRequired\":true,\"valueName\":\"search_term_string\"}}],\"inLanguage\":\"en-US\"},{\"@type\":\"Organization\",\"@id\":\"https:\/\/loopup.com\/us\/#organization\",\"name\":\"LoopUp\",\"url\":\"https:\/\/loopup.com\/us\/\",\"logo\":{\"@type\":\"ImageObject\",\"inLanguage\":\"en-US\",\"@id\":\"https:\/\/loopup.com\/us\/#\/schema\/logo\/image\/\",\"url\":\"https:\/\/loopup.com\/app\/uploads\/2016\/08\/Coloured_Logo_White_Background_200x200.png\",\"contentUrl\":\"https:\/\/loopup.com\/app\/uploads\/2016\/08\/Coloured_Logo_White_Background_200x200.png\",\"width\":200,\"height\":200,\"caption\":\"LoopUp\"},\"image\":{\"@id\":\"https:\/\/loopup.com\/us\/#\/schema\/logo\/image\/\"},\"sameAs\":[\"https:\/\/www.facebook.com\/LoopUp\",\"https:\/\/x.com\/LoopUp\"]}]}<\/script>\n<!-- \/ Yoast SEO Premium plugin. -->","yoast_head_json":{"title":"Konsolidieren Sie die Telefonie Ihrer multinationalen Teams auf globaler Ebene","description":"LoopUp unterst\u00fctzt multinationale Unternehmen bei der Konsolidierung des Einkaufs und der Verwaltung ihrer globalen Microsoft-Teams-Telefonie und bietet Telefonnummern und einen vollst\u00e4ndig cloudbasierten PSTN-Ersatzdienst in mehr als 100 L\u00e4ndern weltweit. Wir befreien multinationale Unternehmen von den Frustrationen, der Komplexit\u00e4t und der Ineffizienz der Zusammenarbeit mit mehreren regionalen Anbietern, von denen jeder seine eigenen Vertr\u00e4ge, Preise, Support-Teams und Verwaltungsportale hat. LoopUp bietet eine einzige und konsistente globale L\u00f6sung, die Design, Bereitstellung, Service Delivery und Support kombiniert - weltweit und integriert mit Microsoft Teams. LoopUp hat seinen Hauptsitz in London und verf\u00fcgt \u00fcber Niederlassungen auf der ganzen Welt.","robots":{"index":"index","follow":"follow","max-snippet":"max-snippet:-1","max-image-preview":"max-image-preview:large","max-video-preview":"max-video-preview:-1"},"canonical":"https:\/\/loopup.com\/de\/","og_locale":"en_US","og_type":"article","og_title":"Homepage 2025","og_description":"LoopUp helps multinational enterprises consolidate how they buy and management their global Microsoft Teams telephony, offering phone numbers and full cloud-based, PSTN-replacement service in over 100 countries around the world. We liberate multinationals from the frustrations, complexities and inefficiencies of working with multiple regional carriers, each with their own contracts, pricing, support teams and management portals. LoopUp offers a single and consistent global solution, combining design, deployment, service delivery and support \u2013 provided globally and all integrated with Microsoft Teams.","og_url":"https:\/\/loopup.com\/de\/","og_site_name":"LoopUp","article_publisher":"https:\/\/www.facebook.com\/LoopUp","article_modified_time":"2026-02-16T12:32:07+00:00","og_image":[{"width":1214,"height":590,"url":"https:\/\/loopup.com\/app\/uploads\/2014\/07\/loopup-logo.png","type":"image\/png"}],"twitter_card":"summary_large_image","twitter_site":"@LoopUp","twitter_misc":{"Est. reading time":"1 minute"},"schema":{"@context":"https:\/\/schema.org","@graph":[{"@type":"WebPage","@id":"https:\/\/loopup.com\/de\/","url":"https:\/\/loopup.com\/de\/","name":"Konsolidieren Sie die Telefonie Ihrer multinationalen Teams auf globaler Ebene","isPartOf":{"@id":"https:\/\/loopup.com\/us\/#website"},"datePublished":"2025-04-22T12:39:31+00:00","dateModified":"2026-02-16T12:32:07+00:00","description":"LoopUp unterst\u00fctzt multinationale Unternehmen bei der Konsolidierung des Einkaufs und der Verwaltung ihrer globalen Microsoft-Teams-Telefonie und bietet Telefonnummern und einen vollst\u00e4ndig cloudbasierten PSTN-Ersatzdienst in mehr als 100 L\u00e4ndern weltweit. Wir befreien multinationale Unternehmen von den Frustrationen, der Komplexit\u00e4t und der Ineffizienz der Zusammenarbeit mit mehreren regionalen Anbietern, von denen jeder seine eigenen Vertr\u00e4ge, Preise, Support-Teams und Verwaltungsportale hat. LoopUp bietet eine einzige und konsistente globale L\u00f6sung, die Design, Bereitstellung, Service Delivery und Support kombiniert - weltweit und integriert mit Microsoft Teams. LoopUp hat seinen Hauptsitz in London und verf\u00fcgt \u00fcber Niederlassungen auf der ganzen Welt.","breadcrumb":{"@id":"https:\/\/loopup.com\/de\/#breadcrumb"},"inLanguage":"en-US","potentialAction":[{"@type":"ReadAction","target":["https:\/\/loopup.com\/de\/"]}]},{"@type":"BreadcrumbList","@id":"https:\/\/loopup.com\/de\/#breadcrumb","itemListElement":[{"@type":"ListItem","position":1,"name":"Home","item":"https:\/\/loopup.com\/us\/"},{"@type":"ListItem","position":2,"name":"Homepage 2025"}]},{"@type":"WebSite","@id":"https:\/\/loopup.com\/us\/#website","url":"https:\/\/loopup.com\/us\/","name":"LoopUp","description":"Simplify your world, Consolidate your multinational Teams telephony globally.","publisher":{"@id":"https:\/\/loopup.com\/us\/#organization"},"potentialAction":[{"@type":"SearchAction","target":{"@type":"EntryPoint","urlTemplate":"https:\/\/loopup.com\/us\/?s={search_term_string}"},"query-input":{"@type":"PropertyValueSpecification","valueRequired":true,"valueName":"search_term_string"}}],"inLanguage":"en-US"},{"@type":"Organization","@id":"https:\/\/loopup.com\/us\/#organization","name":"LoopUp","url":"https:\/\/loopup.com\/us\/","logo":{"@type":"ImageObject","inLanguage":"en-US","@id":"https:\/\/loopup.com\/us\/#\/schema\/logo\/image\/","url":"https:\/\/loopup.com\/app\/uploads\/2016\/08\/Coloured_Logo_White_Background_200x200.png","contentUrl":"https:\/\/loopup.com\/app\/uploads\/2016\/08\/Coloured_Logo_White_Background_200x200.png","width":200,"height":200,"caption":"LoopUp"},"image":{"@id":"https:\/\/loopup.com\/us\/#\/schema\/logo\/image\/"},"sameAs":["https:\/\/www.facebook.com\/LoopUp","https:\/\/x.com\/LoopUp"]}]}},"_links":{"self":[{"href":"https:\/\/loopup.com\/us\/wp-json\/wp\/v2\/pages\/119178","targetHints":{"allow":["GET"]}}],"collection":[{"href":"https:\/\/loopup.com\/us\/wp-json\/wp\/v2\/pages"}],"about":[{"href":"https:\/\/loopup.com\/us\/wp-json\/wp\/v2\/types\/page"}],"author":[{"embeddable":true,"href":"https:\/\/loopup.com\/us\/wp-json\/wp\/v2\/users\/13"}],"replies":[{"embeddable":true,"href":"https:\/\/loopup.com\/us\/wp-json\/wp\/v2\/comments?post=119178"}],"version-history":[{"count":7,"href":"https:\/\/loopup.com\/us\/wp-json\/wp\/v2\/pages\/119178\/revisions"}],"predecessor-version":[{"id":123686,"href":"https:\/\/loopup.com\/us\/wp-json\/wp\/v2\/pages\/119178\/revisions\/123686"}],"wp:attachment":[{"href":"https:\/\/loopup.com\/us\/wp-json\/wp\/v2\/media?parent=119178"}],"curies":[{"name":"wp","href":"https:\/\/api.w.org\/{rel}","templated":true}]}}