{"id":23208,"date":"2015-12-02T11:52:06","date_gmt":"2015-12-02T11:52:06","guid":{"rendered":"https:\/\/loopup.com\/legal\/permitted-use-takedown-policy\/"},"modified":"2026-03-23T10:27:35","modified_gmt":"2026-03-23T10:27:35","slug":"permitted-use-takedown-policy","status":"publish","type":"page","link":"https:\/\/loopup.com\/de\/legal\/permitted-use-takedown-policy\/","title":{"rendered":"Richtlinie zur zul\u00e4ssigen Nutzung und L\u00f6schungsrichtlinie von LoopUp"},"content":{"rendered":"<h2>1. Auslegung<\/h2>\n<p><b>1.1<\/b> In dieser Richtlinie gilt Folgendes: die Definitionen von W\u00f6rtern, Wortgruppen sowie Begriffen in unseren Vereinbarung mit Ihnen gelten gleicherma\u00dfen auch, soweit dies nicht anderslautend angegeben ist; \u00dcber-schriften sind nur aus Gru\u0308nden der \u00dcbersicht-lichkeit aufgenommen und haben keine Auswirkung auf die Auslegung; ein Bezug auf: eine Person, umfasst auch einen Bezug auf eine juristische Person, Vereinigung oder Part-nerschaft und die Rechtsnachfolger und zu-l\u00e4ssigen Abtretungsempf\u00e4nger dieser Person; der Singular umfasst den Plural, die m\u00e4nnliche Form umfasst die weibliche Form und umge-kehrt; der Begriff \u201eeinschlie\u00dflich\u201c bedeutet \u201eeinschlie\u00dflich und ohne Einschr\u00e4nkung\u201c; \u201eWebsite\u201c steht fu\u0308r jegliche Website, zu der wir einen Zugriff gew\u00e4hren, und \u201eschriftlich\u201c steht fu\u0308r jegliche lesbare, sichtbare und permanente Form, einschlie\u00dflich fu\u0308r handschriftliche und gedruckte Dokumente, Faxe und Kommuni-kation per elektronischer Mail (einschlie\u00dflich der davon gedruckten Unterlagen).<\/p>\n<h2>2. Unrechtm\u00e4\u00dfiges und sch\u00e4dliches Verhalten<\/h2>\n<p><b>2.1<\/b> Sie werden Folgendes nicht tun und sich nach Kr\u00e4ften bemu\u0308hen, dass auch die Endbenutzer Folgendes nicht tun: Nutzung der Dienstleistungen, Software, LoopUp Cloud-Telefonieplattform oder Website fu\u0308r jegliche Kommunikation oder zum Anrufen bzw. Heraufladen, Erfassen oder fu\u0308r die sonstige \u00dcbermittlung, Verteilung oder Speicherung jeglicher Kundeninhalte, die vollst\u00e4ndig oder teilweise: (a) jegliche Urheberrechte Dritter, Patente, Marken, Gesch\u00e4ftsgeheimnisse bzw. sonstige geistigen Eigentumsrechte oder \u00d6ffentlichkeits- bzw. Datenschutzrechte ver-letzen, (b) jegliche Gesetze, Vorschriften, Anordnungen oder Verordnungen (einschlie\u00df-lich u. a. die Gesetze und Vorschriften zu Ausfuhrkontrollen, Wettbewerbsverzerrung, Schutz vor Diskriminierung oder falsche Wer-bung) verletzen, (c) diffamierend, verleum-derisch, ungesetzlich, bedrohlich oder unge-setzlich bel\u00e4stigend sind, (d) obsz\u00f6n sind, eine rechtswidrige Bedrohung umfassen, fu\u0308r Minder-j\u00e4hrige sch\u00e4digend sind oder Kinderporno-graphie darstellen, (e) automatisierte oder unaufgeforderte Kommunikation oder Sen-dungen bzw. eine Weitergabe von Kommunika-tion darstellen, au\u00dfer diese entsprechen dem geltenden Recht, (f) Viren, Trojaner, Wu\u0308rmer, Zeitbomben, Cancelbots oder andere Computer-Programmierroutinen enthalten, deren Absicht in der Sch\u00e4digung, dem sch\u00e4-digenden Eingriff in, dem betru\u0308gerischen Ein-griff oder der Enteignung jeglicher Systeme, Daten oder pers\u00f6nlichen Informationen besteht, einschlie\u00dflich in der Nutzung einer Dienst-leistung, der Nutzung von Speicherplatz, dem Senden von E-Mails, der Besch\u00e4digung von Dateien oder der Kompromittierung von bzw. Einflussnahme auf die Authentizit\u00e4t und Sicherheit von Informationen und Verfahren, (g) wesentlich falsch, irrefu\u0308hrend oder fehlerhaft sind, oder (h) auf andere Weise Ihrem Vertrag mit uns entgegenstehen.<\/p>\n<h2>3. Untersagte Nutzung der Dienstleistungen<\/h2>\n<p><b>3.1<\/b> Sie werden Folgendes nicht tun und sich nach Kr\u00e4ften bemu\u0308hen, dass auch die End-benutzer Folgendes nicht tun: (a) die Nutzung der Dienstleistungen, der Software, LoopUp Cloud-Telefonieplattform oder der Website im Zusammenhang mit Kettenbriefen, Junk-Mail, Umfragen, Preisausschreiben, Schneeballsystemen oder in Verbindung mit der Nutzung von Vertriebslisten, die an jegliche Personen gerichtet sind, die nicht ihr aus-dru\u0308ckliches Einverst\u00e4ndnis zur Aufnahme in einen solchen (gewerblichen oder sonstigen) Prozess gegeben haben, (b) zum Auslesen oder zur sonstigen Erhebung von Informationen<br \/>\nu\u0308ber andere, einschlie\u00dflich E-Mail-Adressen, ohne deren Einverst\u00e4ndnis eingeholt zu haben, (c) zur Nutzung, zum Herunterladen oder zum sonstigen Kopieren bzw. fu\u0308r die (entgeltliche oder unentgeltliche) Zurverfu\u0308gungstellung jeglicher Verzeichnisse anderer Benutzer oder Nutzungsinformationen oder jeglicher ihrer Teile gegenu\u0308ber Personen bzw. Unternehmen, die keine Nutzer der Dienstleistungen sind, au\u00dfer dies erfolgt im Zusammenhang mit Ihrer Nutzung der Dienstleistungen, (d) fu\u0308r einen wissentlichen Eingriff bzw. die St\u00f6rung von Netzwerken, die mit den Dienstleistungen, der Software, LoopUp Cloud-Telefonieplattform oder Website verbunden sind oder zur Verletzung von Verordnungen, Richtlinien oder Verfahren solcher Netzwerke, (e) fu\u0308r jeglichen Versuch, sich unbefugten Zugriff auf die Dienst-leistungen, Software,\u00a0 LoopUp Cloud-Telefonieplattform, Website oder sonstige Konten, Computersysteme oder Netzwerke zu verschaffen, die mit den Dienstleistungen verbunden sind, entweder durch Passwort-Mining oder durch andere Mittel oder (f) zur Nutzung der Dienstleistungen, Software, LoopUp Cloud-Telefonieplattform oder Website fu\u0308r unrechtm\u00e4\u00dfige Zwecke (ein-schlie\u00dflich u. a. fu\u0308r Glu\u0308cksspiel oder Wetten).<\/p>\n<p><b>3.2<\/b> Sie werden Folgendes nicht tun und werden sich nach Kr\u00e4ften bemu\u0308hen, dass die Endbe-nutzer Folgendes nicht tun: die Nutzung jeg-licher Dienstleistungen oder der Website in einer Weise, die Ihrem Vertrag mit uns entge-gensteht oder die eine wesentlich negative Auswirkung auf unseren Firmenwert oder jegliche Dienstleistungen oder diese Website haben kann, einschlie\u00dflich auf deren Leistung, Zug\u00e4nglichkeit, Sicherheit oder Nutzung durch andere Personen; das Vermieten, Verpachten,<br \/>\nGew\u00e4hren eines Sicherungsrechts an, der Weiterverkauf oder die sonstige \u00dcbertragung jeglicher Rechte an der Nutzung der Dienst-leistungen an jegliche Person, die Unterlizen-zierung der Software, LoopUp Cloud-Telefonieplattform oder Materialien an jegliche Person, au\u00dfer wie dies im Rahmen Ihres Vertrag mit uns ausdru\u0308cklich zul\u00e4ssig ist; das Fungieren als Servicebu\u0308ro fu\u0308r jegliche Dienstleistung; oder die Gew\u00e4hrung von Zugriff auf die Software, die Dienstleistungen, LoopUp Cloud-Telefonieplattform oder die Materialien gegenu\u0308ber jeglicher Person, au\u00dfer gem\u00e4\u00df Ihrem Vertrag mit uns.<\/p>\n<h2>4. L\u00f6schung von Kundeninhalten<\/h2>\n<p><b>4.1<\/b> Wir behalten uns das Recht vor, jeglichen Kundeninhalt, den wir nach unserem Ermessen als dieser Richtlinie entgegenstehend erachten oder fu\u0308r den wir einen L\u00f6schungsantrag (\u201eLA\u201c) gem\u00e4\u00df dieser Richtlinie von einer Person (die \u201ebenachrichtigende Person\u201c) erhalten haben, jederzeit zu l\u00f6schen. Wir k\u00f6nnen um fehlende Informationen bitten, bevor wir (ggf.) die von uns als angemessen erachteten Schritte ergreifen. Da in jedem Land andere Gesetze gelten, kann unsere Entscheidung in jedem Einzelfall anders ausfallen. Sofern wir den Kundeninhalt entfernen, werden wir die Person, um deren Inhalt es sich handelt (\u201ever\u00f6ffent-lichende Person\u201c) stets informieren und ihr eine Kopie des LA u\u0308bergeben, so dass sie in der erforderlichen Form antworten kann. Danach werden wir eine Kopie der Antwort an die benachrichtigende Person weiterleiten.<\/p>\n<p><b>4.2<\/b> Ein LA muss der nachstehend aufgefu\u0308hrten Form entsprechen, Ihre physische oder elek-tronische Unterschrift tragen und per Post, Fax oder E-Mail an uns gesendet werden. Bei F\u00e4llen au\u00dfer der Verletzung von Urheber-rechten \u00e4ndern Sie bitte den Text des LA je nach Ihrem Anspruch.<\/p>\n<p style=\"padding-left: 30px;\"><strong>L\u00f6schungsantrag WEGEN: vermeintlicher Urheberrechtsverletzung<\/strong><\/p>\n<p style=\"padding-left: 30px;\">Sehr geehrte Firma LoopUp, hiermit setze ich Sie davon in Kenntnis, dass der nachstehend beschriebene Inhalt, der in Ihren Dienstleistungen gehostet wird, die ebenfalls nachstehend aufgefu\u0308hrte(n) urheberrechtlich geschu\u0308tzte(n) Arbeit(en) verletzt.<\/p>\n<p style=\"padding-left: 30px;\">(1) Bei der urheberrechtlich geschu\u0308tzten Arbeit, die vermeintlich verletzt wurde, handelt es sich um: \u2026\u2026\u2026\u2026\u2026\u2026.. [Wenn Sie uns in einem L\u00f6schungsantrag u\u0308ber mehrere urheber-rechtlich geschu\u0308tzte Arbeiten unterrichten, fu\u0308hren Sie bitte jede Arbeit einzeln auf.]<\/p>\n<p style=\"padding-left: 30px;\">(2) Bei dem Material, das vermeintlich verletzt wurde oder vermeintlich der Gegenstand der verletzenden Handlung ist und das entfernt werden soll oder zu dem der Zugriff zu deaktivieren ist, handelt es sich um: \u2026\u2026\u2026\u2026\u2026\u2026.. und befindet sich \/wird gehostet unter: \u2026\u2026\u2026\u2026\u2026\u2026\u2026 [geben Sie uns bitte ausreichend Informationen, damit wir das\/die Material(ien) finden k\u00f6nnen].<\/p>\n<p style=\"padding-left: 30px;\">(3) Meine Kontaktangaben lauten: \u2026\u2026\u2026\u2026\u2026\u2026.. [Geben Sie bitte Ihre Postanschrift, Telefonnummer und E-Mail-Adresse an, unter denen wir Sie kontaktieren k\u00f6nnen].<\/p>\n<p style=\"padding-left: 30px;\">(4) Ich bin in gutem Glauben der Ansicht, dass die Nutzung des Materials in der angemahnten Weise vom Urheberrechtseigentu\u0308mer, dessen Vertreter oder nach dem Gesetz nicht zugelassen ist.<\/p>\n<p style=\"padding-left: 30px;\">(5) Ich schw\u00f6re unter Strafe des Meineids, dass die in dieser Mitteilung enthaltenen Informa-tionen korrekt sind und dass ich der Urheberrechtseigentu\u0308mer bin\/ich im Namen des Eigentu\u0308mers* eines exklusiven Rechts, das vermeintlich verletzt wird, zu dieser Handlung bevollm\u00e4chtigt wurde. [*Nichtzutreffendes bitte streichen]<\/p>\n<p><b>4.3<\/b> Sofern Sie in Nordamerika ans\u00e4ssig sind oder u\u0308ber Rechte in Nordamerika schreiben, richten Sie Ihren L\u00f6schungsantrag bitte an die LoopUp LLC, FAO: General Counsel (TDR), und senden Sie ihn entweder per Post an die 282 2nd Street, Suite 200, San Francisco, CA 94105, USA, oder per E-Mail an: <a href=\"mailto:legal@loopup.com\">legal@loopup.com<\/a>.<\/p>\n<p><b>4.4<\/b> In allen anderen F\u00e4llen richten Sie Ihren L\u00f6schungsantrag bitte an die LoopUp Limited, FAO: General Counsel (TDR), und senden Sie ihn entweder per Post an die LoopUp, 52 Tabernacle Street, London EC2A 4NJ, Vereinigtes K\u00f6nigreich, oder per E-Mail an: <a href=\"mailto:legal@loopup.com\">legal@loopup.com<\/a>.<\/p>\n<h2>5. K\u00fcndigungsrecht<\/h2>\n<p><b>5.1<\/b> Sofern diese Richtlinie von einer Person verletzt wird, behalten wir uns das Recht vor, deren Konto zu ku\u0308ndigen.<\/p>\n<p><img decoding=\"async\" class=\"alignnone size-medium wp-image-9964\" src=\"\/app\/uploads\/2015\/12\/loopup-iso-black-300x180.png\" alt=\"loopUp BSI ISO logo\u201d width=\" height=\"84\" \/><\/p>\n","protected":false},"excerpt":{"rendered":"<p>1. Auslegung 1.1 In dieser Richtlinie gilt Folgendes: die Definitionen von W\u00f6rtern, Wortgruppen sowie Begriffen in unseren Vereinbarung mit Ihnen gelten gleicherma\u00dfen auch, soweit dies nicht anderslautend angegeben ist; \u00dcber-schriften&#8230;<\/p>\n","protected":false},"author":13,"featured_media":0,"parent":23149,"menu_order":4,"comment_status":"closed","ping_status":"closed","template":"templates\/legal.php","meta":{"_acf_changed":false,"footnotes":""},"class_list":["post-23208","page","type-page","status-publish","hentry"],"acf":[],"yoast_head":"<!-- This site is optimized with the Yoast SEO Premium plugin v25.2 (Yoast SEO v25.2) - https:\/\/yoast.com\/wordpress\/plugins\/seo\/ -->\n<title>Legal | LoopUp Permitted Use &amp; Takedown Policy | LoopUp<\/title>\n<meta name=\"description\" content=\"LoopUp Permitted Use &amp; Takedown Policy - legal document related to LoopUp and its conference call and online meetings services.\" \/>\n<meta name=\"robots\" content=\"index, follow, max-snippet:-1, max-image-preview:large, max-video-preview:-1\" \/>\n<link rel=\"canonical\" href=\"https:\/\/loopup.com\/de\/legal\/permitted-use-takedown-policy\/\" \/>\n<meta property=\"og:locale\" content=\"en_US\" \/>\n<meta property=\"og:type\" content=\"article\" \/>\n<meta property=\"og:title\" content=\"Richtlinie zur zul\u00e4ssigen Nutzung und L\u00f6schungsrichtlinie von LoopUp\" \/>\n<meta property=\"og:description\" content=\"LoopUp Permitted Use &amp; Takedown Policy - legal document related to LoopUp and its conference call and online meetings services.\" \/>\n<meta property=\"og:url\" content=\"https:\/\/loopup.com\/de\/legal\/permitted-use-takedown-policy\/\" \/>\n<meta property=\"og:site_name\" content=\"LoopUp\" \/>\n<meta property=\"article:publisher\" content=\"https:\/\/www.facebook.com\/LoopUp\" \/>\n<meta property=\"article:modified_time\" content=\"2026-03-23T10:27:35+00:00\" \/>\n<meta name=\"twitter:card\" content=\"summary_large_image\" \/>\n<meta name=\"twitter:site\" content=\"@LoopUp\" \/>\n<meta name=\"twitter:label1\" content=\"Est. reading time\" \/>\n\t<meta name=\"twitter:data1\" content=\"6 minutes\" \/>\n<script type=\"application\/ld+json\" class=\"yoast-schema-graph\">{\"@context\":\"https:\/\/schema.org\",\"@graph\":[{\"@type\":\"WebPage\",\"@id\":\"https:\/\/loopup.com\/de\/legal\/permitted-use-takedown-policy\/\",\"url\":\"https:\/\/loopup.com\/de\/legal\/permitted-use-takedown-policy\/\",\"name\":\"Legal | LoopUp Permitted Use & Takedown Policy | LoopUp\",\"isPartOf\":{\"@id\":\"https:\/\/loopup.com\/us\/#website\"},\"datePublished\":\"2015-12-02T11:52:06+00:00\",\"dateModified\":\"2026-03-23T10:27:35+00:00\",\"description\":\"LoopUp Permitted Use & Takedown Policy - legal document related to LoopUp and its conference call and online meetings services.\",\"breadcrumb\":{\"@id\":\"https:\/\/loopup.com\/de\/legal\/permitted-use-takedown-policy\/#breadcrumb\"},\"inLanguage\":\"en-US\",\"potentialAction\":[{\"@type\":\"ReadAction\",\"target\":[\"https:\/\/loopup.com\/de\/legal\/permitted-use-takedown-policy\/\"]}]},{\"@type\":\"BreadcrumbList\",\"@id\":\"https:\/\/loopup.com\/de\/legal\/permitted-use-takedown-policy\/#breadcrumb\",\"itemListElement\":[{\"@type\":\"ListItem\",\"position\":1,\"name\":\"Home\",\"item\":\"https:\/\/loopup.com\/us\/\"},{\"@type\":\"ListItem\",\"position\":2,\"name\":\"Rechtliche Hinweise\",\"item\":\"https:\/\/loopup.com\/de\/legal\/\"},{\"@type\":\"ListItem\",\"position\":3,\"name\":\"Richtlinie zur zul\u00e4ssigen Nutzung und L\u00f6schungsrichtlinie von LoopUp\"}]},{\"@type\":\"WebSite\",\"@id\":\"https:\/\/loopup.com\/us\/#website\",\"url\":\"https:\/\/loopup.com\/us\/\",\"name\":\"LoopUp\",\"description\":\"Simplify your world, Consolidate your multinational Teams telephony globally.\",\"publisher\":{\"@id\":\"https:\/\/loopup.com\/us\/#organization\"},\"potentialAction\":[{\"@type\":\"SearchAction\",\"target\":{\"@type\":\"EntryPoint\",\"urlTemplate\":\"https:\/\/loopup.com\/us\/?s={search_term_string}\"},\"query-input\":{\"@type\":\"PropertyValueSpecification\",\"valueRequired\":true,\"valueName\":\"search_term_string\"}}],\"inLanguage\":\"en-US\"},{\"@type\":\"Organization\",\"@id\":\"https:\/\/loopup.com\/us\/#organization\",\"name\":\"LoopUp\",\"url\":\"https:\/\/loopup.com\/us\/\",\"logo\":{\"@type\":\"ImageObject\",\"inLanguage\":\"en-US\",\"@id\":\"https:\/\/loopup.com\/us\/#\/schema\/logo\/image\/\",\"url\":\"https:\/\/loopup.com\/app\/uploads\/2016\/08\/Coloured_Logo_White_Background_200x200.png\",\"contentUrl\":\"https:\/\/loopup.com\/app\/uploads\/2016\/08\/Coloured_Logo_White_Background_200x200.png\",\"width\":200,\"height\":200,\"caption\":\"LoopUp\"},\"image\":{\"@id\":\"https:\/\/loopup.com\/us\/#\/schema\/logo\/image\/\"},\"sameAs\":[\"https:\/\/www.facebook.com\/LoopUp\",\"https:\/\/x.com\/LoopUp\"]}]}<\/script>\n<!-- \/ Yoast SEO Premium plugin. -->","yoast_head_json":{"title":"Legal | LoopUp Permitted Use & Takedown Policy | LoopUp","description":"LoopUp Permitted Use & Takedown Policy - legal document related to LoopUp and its conference call and online meetings services.","robots":{"index":"index","follow":"follow","max-snippet":"max-snippet:-1","max-image-preview":"max-image-preview:large","max-video-preview":"max-video-preview:-1"},"canonical":"https:\/\/loopup.com\/de\/legal\/permitted-use-takedown-policy\/","og_locale":"en_US","og_type":"article","og_title":"Richtlinie zur zul\u00e4ssigen Nutzung und L\u00f6schungsrichtlinie von LoopUp","og_description":"LoopUp Permitted Use & Takedown Policy - legal document related to LoopUp and its conference call and online meetings services.","og_url":"https:\/\/loopup.com\/de\/legal\/permitted-use-takedown-policy\/","og_site_name":"LoopUp","article_publisher":"https:\/\/www.facebook.com\/LoopUp","article_modified_time":"2026-03-23T10:27:35+00:00","twitter_card":"summary_large_image","twitter_site":"@LoopUp","twitter_misc":{"Est. reading time":"6 minutes"},"schema":{"@context":"https:\/\/schema.org","@graph":[{"@type":"WebPage","@id":"https:\/\/loopup.com\/de\/legal\/permitted-use-takedown-policy\/","url":"https:\/\/loopup.com\/de\/legal\/permitted-use-takedown-policy\/","name":"Legal | LoopUp Permitted Use & Takedown Policy | LoopUp","isPartOf":{"@id":"https:\/\/loopup.com\/us\/#website"},"datePublished":"2015-12-02T11:52:06+00:00","dateModified":"2026-03-23T10:27:35+00:00","description":"LoopUp Permitted Use & Takedown Policy - legal document related to LoopUp and its conference call and online meetings services.","breadcrumb":{"@id":"https:\/\/loopup.com\/de\/legal\/permitted-use-takedown-policy\/#breadcrumb"},"inLanguage":"en-US","potentialAction":[{"@type":"ReadAction","target":["https:\/\/loopup.com\/de\/legal\/permitted-use-takedown-policy\/"]}]},{"@type":"BreadcrumbList","@id":"https:\/\/loopup.com\/de\/legal\/permitted-use-takedown-policy\/#breadcrumb","itemListElement":[{"@type":"ListItem","position":1,"name":"Home","item":"https:\/\/loopup.com\/us\/"},{"@type":"ListItem","position":2,"name":"Rechtliche Hinweise","item":"https:\/\/loopup.com\/de\/legal\/"},{"@type":"ListItem","position":3,"name":"Richtlinie zur zul\u00e4ssigen Nutzung und L\u00f6schungsrichtlinie von LoopUp"}]},{"@type":"WebSite","@id":"https:\/\/loopup.com\/us\/#website","url":"https:\/\/loopup.com\/us\/","name":"LoopUp","description":"Simplify your world, Consolidate your multinational Teams telephony globally.","publisher":{"@id":"https:\/\/loopup.com\/us\/#organization"},"potentialAction":[{"@type":"SearchAction","target":{"@type":"EntryPoint","urlTemplate":"https:\/\/loopup.com\/us\/?s={search_term_string}"},"query-input":{"@type":"PropertyValueSpecification","valueRequired":true,"valueName":"search_term_string"}}],"inLanguage":"en-US"},{"@type":"Organization","@id":"https:\/\/loopup.com\/us\/#organization","name":"LoopUp","url":"https:\/\/loopup.com\/us\/","logo":{"@type":"ImageObject","inLanguage":"en-US","@id":"https:\/\/loopup.com\/us\/#\/schema\/logo\/image\/","url":"https:\/\/loopup.com\/app\/uploads\/2016\/08\/Coloured_Logo_White_Background_200x200.png","contentUrl":"https:\/\/loopup.com\/app\/uploads\/2016\/08\/Coloured_Logo_White_Background_200x200.png","width":200,"height":200,"caption":"LoopUp"},"image":{"@id":"https:\/\/loopup.com\/us\/#\/schema\/logo\/image\/"},"sameAs":["https:\/\/www.facebook.com\/LoopUp","https:\/\/x.com\/LoopUp"]}]}},"_links":{"self":[{"href":"https:\/\/loopup.com\/us\/wp-json\/wp\/v2\/pages\/23208","targetHints":{"allow":["GET"]}}],"collection":[{"href":"https:\/\/loopup.com\/us\/wp-json\/wp\/v2\/pages"}],"about":[{"href":"https:\/\/loopup.com\/us\/wp-json\/wp\/v2\/types\/page"}],"author":[{"embeddable":true,"href":"https:\/\/loopup.com\/us\/wp-json\/wp\/v2\/users\/13"}],"replies":[{"embeddable":true,"href":"https:\/\/loopup.com\/us\/wp-json\/wp\/v2\/comments?post=23208"}],"version-history":[{"count":1,"href":"https:\/\/loopup.com\/us\/wp-json\/wp\/v2\/pages\/23208\/revisions"}],"predecessor-version":[{"id":125124,"href":"https:\/\/loopup.com\/us\/wp-json\/wp\/v2\/pages\/23208\/revisions\/125124"}],"up":[{"embeddable":true,"href":"https:\/\/loopup.com\/us\/wp-json\/wp\/v2\/pages\/23149"}],"wp:attachment":[{"href":"https:\/\/loopup.com\/us\/wp-json\/wp\/v2\/media?parent=23208"}],"curies":[{"name":"wp","href":"https:\/\/api.w.org\/{rel}","templated":true}]}}