{"id":23343,"date":"2015-12-02T12:00:23","date_gmt":"2015-12-02T12:00:23","guid":{"rendered":"https:\/\/loopup.com\/legal\/ip-guidelines\/"},"modified":"2026-03-23T10:38:52","modified_gmt":"2026-03-23T10:38:52","slug":"ip-richtlinien","status":"publish","type":"page","link":"https:\/\/loopup.com\/de\/legal\/ip-richtlinien\/","title":{"rendered":"Richtlinie zum geistigen Eigentum der LoopUp"},"content":{"rendered":"<div class=\"row\">\n<div class=\"grid_12\">\n<p>LoopUp\u00ae ist der Handelsname der LoopUp Unternehmensgruppe (\u201e<strong>wir<\/strong>\u201d und \u201c<strong>uns<\/strong>\u201d). Dieses Dokument enth\u00e4lt die Richtlinien zur Nutzung unserer Marken, urheberrechtlich geschu\u0308tzten Werke und der sonstigen geistigen Eigentumsrechte (oder \u201e<strong>IPR<\/strong>\u201c) bezu\u0308glich unserer Marke. Unsere IPR sind ein wertvolles Gut fu\u0308r uns, und wir schu\u0308tzen diesen Wert, indem wir dessen korrekte Nutzung durch bevollm\u00e4chtigte Dritte gew\u00e4hrleisten und entsprechende Ma\u00dfnahmen zur Verhinderung von Verletzungen treffen. Wir behalten uns das Recht vor, diese Richtlinien nach unserem Ermessen gelegentlich zu \u00e4ndern, und Sie haben die jeweils letzte Version dieser Richtlinien sowie jegliche Anweisungen einzuhalten, die wir Ihnen jederzeit zur Nutzung unserer IPR zur Verfu\u0308gung stellen. Sofern wir Ihnen eine ausdru\u0308ckliche schriftliche Lizenz zur Nutzung unserer Marken in einer anderen Form gew\u00e4hrt haben, z. B. unseren Vertriebspartnern oder Lizenznehmern zur Nutzung der Marken in deren Werbematerial, hat Ihre Nutzung gem\u00e4\u00df dieser Lizenz (die Vorrang hat) und diesen Richtlinien zu erfolgen. Wir k\u00f6nnen dieses Do-kument \u00e4ndern, und Ihre Rechte zur Nutzung unserer IPR im Rahmen dieses Dokuments jederzeit nach unserem alleinigen Ermessen ku\u0308ndigen.<\/p>\n<h3>Eigentum<\/h3>\n<p>Alle Rechte zu und der Rechtstitel an den IPR in der Marke, Software und den Dienstleis-tungen von LoopUp sind Eigentum der LoopUp\u00ae Ltd, 52 Tabernacle Street, London EC2A 4NJ, UK (\u201e<strong>LoopUp UK<\/strong>\u201c) und ihrer Lizenzgeber. Jeglicher Firmenwert, der sich jederzeit aus der Nutzung unserer Marken oder anderen geistigen Eigen-tumsrechten ergibt, geht zu Gunsten der LoopUp UK (wie nachstehend definiert).<\/p>\n<\/div>\n<div><\/div>\n<div class=\"grid_12\">Sie mu\u0308ssen jegliche Eigentumshinweise zum geistigen Eigentum auf allen von LoopUp zur Verfu\u0308gung gestellten Materialien beibehalten und du\u0308rfen diese nicht entfernen.<\/p>\n<h3>Unsere Marken<\/h3>\n<p>Zu unseren Marken geh\u00f6ren die Wortmarke LOOPUP und das Logo von LoopUp. Eine umfassende Liste ist nachstehend aufgefu\u0308hrt, zusammen mit dem entsprechenden Symbol, das jeweils damit zu verwenden ist. Sie k\u00f6nnen unsere Marken nutzen, wenn Sie sich auf unsere Dienstleistungen beziehen, jede sons-tige Nutzung bedarf jedoch unserer ausdru\u0308cklichen schriftlichen Lizenz. Beispiel: Akzeptabel w\u00e4re: \u201eDurch die gro\u00dfartigen neuen Dienstleistungen und die Software von LoopUp&#x2122; werden allt\u00e4gliche Remote-Meetings einfach und produktiv\u201c, oder auch \u201edie LoopUp&#x2122;-Software funktioniert mit&#8230;\u201c.<\/p>\n<p><strong>Dabei haben Sie stets:<\/strong><\/p>\n<ul>\n<li>das entsprechende Markensymbol (\u00ae) zu nutzen, wenn sie die Marke in einem Doku-ment, auf einer Website oder in einem anderen Medium zum ersten Mal verwenden (z. B. LoopUp\u00ae),<\/li>\n<li>unsere Marke folgenderma\u00dfen zu schreiben: LoopUp oder LOOPUP, wobei keine andere Kombination aus Gro\u00df- bzw. Kleinbuch-staben akzeptabel ist,<\/li>\n<li>au\u00dfer unseren eigenen genehmigten Bildern keine sonstigen zu nutzen, wenn Sie unsere Logos, Screenshots oder sonstigen urheber-rechtlich geschu\u0308tzten Arbeiten nutzen,<\/li>\n<li>Ihre eigenen Marken in jeglichen Doku-menten deutlicher hervorzuheben als unsere, damit offensichtlich wird, dass das Material Ihr eigenes ist, und<\/li>\n<li>folgende Zuordnung als Fu\u00dfnote in das Dokument, Material und in jegliche Webseite einzufu\u0308gen, in denen unsere Marke genutzt wird: \u201e[MARKE] ist eine Marke der LoopUp Limited, die unter dem Namen LoopUp t\u00e4tig ist\u201d.<\/li>\n<\/ul>\n<p><strong>Folgendes du\u0308rfen Sie dabei nie tun:<\/strong><\/p>\n<ul>\n<li>unsere Marken als Verben, im Plural, als Domainnamen auf jeglichem Level nutzen oder zu diesen eine Registrierung als Firmen- oder Gesch\u00e4ftsnamen oder sonstigem beantragen bzw. eine solche Registrierung vornehmen,<\/li>\n<li>jegliche Eigentumshinweise zum geistigen Eigentum entfernen, die in einem Material enthalten sind, das wir Ihnen zur Verfu\u0308gung stellen bzw. unsere IPR in jeglicher Form \u00e4ndern,<\/li>\n<li>unsere IPR in Ihre Produkte oder Dienst-leistungen aufnehmen, unsere Handelsauf-machung, unser Erscheinungsbild oder die Farbgebung in Ihre Produkte oder Dienstleistungen einbauen, oder auf andere Weise unsere IPR als Ihre nutzen oder Ihre<br \/>\nProdukte oder Dienstleistungen als unsere ausgeben,<\/li>\n<li>unsere IPR mit jeglichen Materialien oder fu\u0308r jegliche Zwecke nutzen, die die Rechte eines Dritten in einer Weise verletzen, den Aus-fuhrgesetzen entgegenstehen oder auf andere Weise ungesetzlich, geschmacklos, unh\u00f6flich oder respektlos gegenu\u0308ber einer Person oder einem Unternehmen sind (einschlie\u00dflich uns) oder mit Adult- bzw. Spielgesch\u00e4ften oder -Inhalten im Zusammenhang stehen, bzw.<\/li>\n<li>unsere IPR in jeglicher Weise nutzen, dass damit Hinweise auf einen angeblichen Verbund oder eine Partnerschaft mit uns bzw. auf ein Sponsoring oder eine Billigung Ihrer Person oder Ihres T\u00e4tigkeitsbereichs durch uns gegeben werden &#8211; au\u00dfer wir haben zu diesem Zweck unsere vorherige schriftliche Genehmigung gegeben.<\/li>\n<\/ul>\n<h3>Online-Nutzung und Links<\/h3>\n<p>Sie k\u00f6nnen eine unserer Wortmarken als Text-Link oder eines unserer Logos als Link von Ihrer Website auf unsere Website nutzen, so-fern diese Nutzung: diesen Richtlinien ent-spricht, deutlich als Link auf unsere Website gekennzeichnet ist, nur als Link auf unsere Seite funktioniert und nicht so hervorgehoben ist, dass damit angedeutet wird, dass wir jegliche Kontrolle u\u0308ber Ihre Website oder deren Inhalte oder diese genehmigt h\u00e4tten.<\/p>\n<h2>Nutzung der LoopUp Markenelemente<\/h2>\n<p>Das Logo von LoopUp sollte nur in einem Kon-text verwendet werden, der es erlaubt, dass sich das Logo leicht vom umgebenden Text oder dem Hintergrund unterscheiden l\u00e4sst, so dass es hervorgehoben ist.<\/p>\n<\/div>\n<div><\/div>\n<div class=\"grid_12\">Dieser Hintergrund sollte vorzugsweise einfarbig sein, kann jedoch auch in mehreren Farben, mit Illustrationen oder als Fotohintergrund erscheinen, sofern die folgenden Richtlinien beachtet wurden: Nutzen Sie nur die genehmigten Kunstwerke fu\u0308r das Logo von LoopUp im entsprechenden Kontext, der nachstehend aufgefu\u0308hrt ist.<\/div>\n<div><\/div>\n<div class=\"grid_12\">Wenn Sie sich bezu\u0308glich der besten Nutzung der Markenelemente von LoopUp unsicher sind, wenden Sie sich an<a href=\"mailto:marketing@loopup.com\">marketing@loopup.com<\/a>.<\/div>\n<div class=\"grid_6\"><\/div>\n<div class=\"grid_12\"><a href=\"https:\/\/local.loopup.com\/app\/uploads\/2015\/12\/logos-loopup.com_.png\"><img loading=\"lazy\" decoding=\"async\" class=\"alignnone img-max size-full wp-image-11870\" src=\"https:\/\/local.loopup.com\/app\/uploads\/2015\/12\/logos-loopup.com_.png\" alt=\"LoopUp Logos\" width=\"1200\" height=\"378\" srcset=\"https:\/\/loopup.com\/app\/uploads\/2015\/12\/logos-loopup.com_.png 1200w, https:\/\/loopup.com\/app\/uploads\/2015\/12\/logos-loopup.com_-300x95.png 300w, https:\/\/loopup.com\/app\/uploads\/2015\/12\/logos-loopup.com_-768x242.png 768w, https:\/\/loopup.com\/app\/uploads\/2015\/12\/logos-loopup.com_-1024x323.png 1024w\" sizes=\"auto, (max-width: 1200px) 100vw, 1200px\" \/><\/a><\/div>\n<div class=\"grid_12\">\n<p>Ein einfarbiges Logo (in Graustufen) ist nur akzeptabel, wenn die Medienproduktion rein schwarz ist.<\/p>\n<h2>Gr\u00f6\u00dfe des Logos und Freiraum<\/h2>\n<p>Zur Beibehaltung der Integrit\u00e4t des Logos gegenu\u0308ber seinem Hintergrund muss ein Mindestabstand zwischen dem Logo und anderen Elementen aufrecht erhalten bleiben. Dies wird im nachstehenden Bild gezeigt. Die H\u00f6he bemisst sich von der Spitze des Symbols bis zu dessen Unterseite. Ausnahmen k\u00f6nnen in Situationen oder Anwendungen m\u00f6glich sein, in denen ein kleineres Logo erforderlich ist, wie in sozialen Medien. Bei der Farbversion (wei\u00dfer Hintergrund) ist bereits ein Mindestabstand eingebaut.<\/p>\n<p><a href=\"https:\/\/local.loopup.com\/app\/uploads\/2015\/12\/clearence-loopup.com_.png\"><img loading=\"lazy\" decoding=\"async\" class=\"alignnone img-max size-full wp-image-11871\" src=\"https:\/\/local.loopup.com\/app\/uploads\/2015\/12\/clearence-loopup.com_.png\" alt=\"LoopUp logo clearence\" width=\"1200\" height=\"328\" srcset=\"https:\/\/loopup.com\/app\/uploads\/2015\/12\/clearence-loopup.com_.png 1200w, https:\/\/loopup.com\/app\/uploads\/2015\/12\/clearence-loopup.com_-300x82.png 300w, https:\/\/loopup.com\/app\/uploads\/2015\/12\/clearence-loopup.com_-768x210.png 768w, https:\/\/loopup.com\/app\/uploads\/2015\/12\/clearence-loopup.com_-1024x280.png 1024w\" sizes=\"auto, (max-width: 1200px) 100vw, 1200px\" \/><\/a><\/p>\n<\/div>\n<div class=\"grid_12\">\n<h2>Missbrauch des Logos von LoopUp<\/h2>\n<p>Das Logo von LoopUp muss in der zur Verfu\u0308-gung gestellten Weise verwendet, und sein Erscheinungsbild darf nicht ver\u00e4ndert werden. Nachstehend finden sich Beispiele fu\u0308r eine inakzeptable Nutzung des Logos von LoopUp. <strong>Folgendes ist untersagt<\/strong>:<\/p>\n<\/div>\n<div class=\"grid_12\"><a href=\"https:\/\/local.loopup.com\/app\/uploads\/2015\/12\/logos-do-dont.png\"><img loading=\"lazy\" decoding=\"async\" class=\"img-max alignnone size-full wp-image-11874\" src=\"https:\/\/local.loopup.com\/app\/uploads\/2015\/12\/logos-do-dont.png\" alt=\"LoopUp logo do and don't\" width=\"1200\" height=\"556\" srcset=\"https:\/\/loopup.com\/app\/uploads\/2015\/12\/logos-do-dont.png 1200w, https:\/\/loopup.com\/app\/uploads\/2015\/12\/logos-do-dont-300x139.png 300w, https:\/\/loopup.com\/app\/uploads\/2015\/12\/logos-do-dont-768x356.png 768w, https:\/\/loopup.com\/app\/uploads\/2015\/12\/logos-do-dont-1024x474.png 1024w\" sizes=\"auto, (max-width: 1200px) 100vw, 1200px\" \/><\/a><\/div>\n<div class=\"grid_12\">\n<h2>Unsere Marken<\/h2>\n<p>Unser Marken enthalten folgende W\u00f6rter, Logos und Slogans:<\/p>\n<\/div>\n<div class=\"grid_6\"><a href=\"https:\/\/local.loopup.com\/app\/uploads\/2015\/12\/trade-marks-loopup.com_.png\"><img loading=\"lazy\" decoding=\"async\" class=\"img-max alignnone size-full wp-image-11875\" src=\"https:\/\/local.loopup.com\/app\/uploads\/2015\/12\/trade-marks-loopup.com_.png\" alt=\"LoopUp trademarked logos\" width=\"405\" height=\"799\" srcset=\"https:\/\/loopup.com\/app\/uploads\/2015\/12\/trade-marks-loopup.com_.png 405w, https:\/\/loopup.com\/app\/uploads\/2015\/12\/trade-marks-loopup.com_-152x300.png 152w\" sizes=\"auto, (max-width: 405px) 100vw, 405px\" \/><\/a><\/div>\n<div class=\"grid_12\">\n<p>LOOPUP\u00aeLESS MESS. MORE MEETING<sup>TM<\/sup><\/p>\n<p>MEET BETTER<sup>TM<\/sup><\/p>\n<p>MEET BETTER. MEET LOOPUP<sup>TM<\/sup><\/p>\n<p>LOOPUP CONFERENCING<sup>TM<\/sup><\/p>\n<p>LOOPUP CONFERENCE CONTROLLER<sup>TM<\/sup><\/p>\n<p>POWERED BY LOOPUP<sup>TM<\/sup><\/p>\n<p>\u6a02\u6d3d&#x2122;<\/p>\n<p>\u6e1b\u5c11\u7e41\u4e82, \u66f4\u591a\u6703\u8b70&#x2122;<\/p>\n<p>\u6a02\u6d3d&#x2122; &#8211; \u70ba\u60a8\u5275\u9020\u66f4\u7f8e\u597d\u7684\u6703\u8b70\u74b0\u5883&#x2122;<\/p>\n<h2>Sonstige geistige Eigentumsrechte<\/h2>\n<p>Wir k\u00f6nnen Ihnen neben unseren Marken gele-gentlich auch andere geistige Eigentumsrechte zur Verfu\u0308gung stellen. Beispiele dafu\u0308r sind ur-heberrechtlich geschu\u0308tzte Arbeiten als Screen-shots unserer Dienstleistungen in Aktion und zus\u00e4tzliches schriftliches oder ku\u0308nstlerisches Material zur Nutzung im Vertrieb, beim Marke-ting und in Werbema\u00dfnahmen. Wir (oder unsere Lizenzgeber) bleiben weiter die Eigen-tu\u0308mer aller Urheberrechte, Designrechte oder sonstigen geistigen Eigentumsrechte an diesen Arbeiten und Materialien, und diese Richtlinien bleiben fu\u0308r die Nutzung selbiger durch Sie weiter in Kraft.<\/p>\n<h3>Aufnahme in Ihre Materialien<\/h3>\n<p>Sofern Sie Ihre eigenen Werbe-, Marketing- oder Promotion-Materialien in einem aktuellen oder zuku\u0308nftigen Medium erstellen und unsere Marken, Screenshots oder sonstiges geistige Eigentum aufnehmen m\u00f6chten, haben Sie vor der ersten Nutzung unser vorheriges schrift-liches Einverst\u00e4ndnis zu jedem einzelnen Beispiel solcher Materialien einzuholen, sowie auch unser vorheriges schriftliches Einver-st\u00e4ndnis zu jeglicher \u00c4nderung am Material, das vorher genehmigt wurde.<\/p>\n<h3>Haftungsausschluss<\/h3>\n<p>Wir stellen fu\u0308r die Nutzung unserer geistigen Eigentumsrechte gem\u00e4\u00df diesen Richtlinien keinen Betrag in Rechnung. Das gesamte Ihnen zur Verfu\u0308gung gestellte geistige Eigen-tum wird \u201eWIE GESEHEN\u201c und ohne Gew\u00e4hr-leistungen jeglicher Art zur Verfu\u0308gung gestellt, abgesehen von jenen, die nach dem Gesetz nicht ausgeschlossen werden k\u00f6nnen. Wir sind weder haftbar, noch u\u0308bernehmen wir eine Haftung fu\u0308r jegliche Verluste oder Sch\u00e4den, die Sie auf Grund der Nutzung unserer IPR erlei-den, entweder auf Grund von entgangenen Gewinnen, entgangenen Gesch\u00e4ften, direkten, indirekten Sch\u00e4den oder Folgesch\u00e4den sowie Schadenersatz mit Strafcharakter, Verluste oder Sch\u00e4den, unabh\u00e4ngig davon, ob wir im Voraus von der M\u00f6glichkeit selbiger informiert waren oder nicht.<\/p>\n<h3>\u00dcber \u201euns\u201c<\/h3>\n<p>Zum 09. Mai 2014 geh\u00f6ren zur Unternehmens-gruppe Ring2 die Muttergesellschaft, die LoopUp\u00ae Ltd, 52 Tabernacle Street, London EC2A 4NJ, UK (\u201e<strong>LoopUp UK<\/strong>\u201c), die Ring2 Communications LLC mit Sitz in 400 2nd Street, Suite 450, San Francisco, CA 94107, USA (\u201e<strong>LoopUp USA<\/strong>\u201c), die Ring2 (HK) Ltd mit Sitz in 43\/F AIA Tower, 183 Electric Road, North Point, Hongkong (\u201e<strong>LoopUp HK<\/strong>\u201c) und die Ring2 (Barbados) Ltd mit Sitz in The Gables, Haggatt Hall, St. Michael, BB11063, Barbados (\u201e<strong>LoopUp Barbados<\/strong>\u201c).<\/p>\n<h3>Weitere Unterst\u00fctzung<\/h3>\n<p>Sollten Sie Fragen zu diesen Richtlinien haben, oder sofern Sie eine Genehmigung zur Nutzung einholen m\u00f6chten, senden Sie uns bitte eine E-Mail an <a href=\"mailto:legal@loopup.com\">legal@loopup.com<\/a>. Wir behalten uns das Recht vor, jegliche Nutzung nach unserem Ermessen zu genehmigen oder abzulehnen.<\/p>\n<p><img decoding=\"async\" class=\"alignnone size-medium wp-image-9964\" src=\"\/app\/uploads\/2015\/12\/loopup-iso-black-300x180.png\" alt=\"loopUp BSI ISO logo\u201d width=\" height=\"84\" \/><\/p>\n<\/div>\n<\/div>\n","protected":false},"excerpt":{"rendered":"<p>LoopUp\u00ae ist der Handelsname der LoopUp Unternehmensgruppe (\u201ewir\u201d und \u201cuns\u201d). Dieses Dokument enth\u00e4lt die Richtlinien zur Nutzung unserer Marken, urheberrechtlich geschu\u0308tzten Werke und der sonstigen geistigen Eigentumsrechte (oder \u201eIPR\u201c) bezu\u0308glich&#8230;<\/p>\n","protected":false},"author":13,"featured_media":0,"parent":23149,"menu_order":9,"comment_status":"closed","ping_status":"closed","template":"templates\/legal.php","meta":{"_acf_changed":false,"footnotes":""},"class_list":["post-23343","page","type-page","status-publish","hentry"],"acf":[],"yoast_head":"<!-- This site is optimized with the Yoast SEO Premium plugin v25.2 (Yoast SEO v25.2) - https:\/\/yoast.com\/wordpress\/plugins\/seo\/ -->\n<title>LoopUp IP Guidelines | Conference Call &amp; Online Meetings Service<\/title>\n<meta name=\"description\" content=\"This document sets out guidelines for use of our trade marks, copyright works and other intellectual property - or IP - around the LoopUp brand.\" \/>\n<meta name=\"robots\" content=\"index, follow, max-snippet:-1, max-image-preview:large, max-video-preview:-1\" \/>\n<link rel=\"canonical\" href=\"https:\/\/loopup.com\/de\/legal\/ip-richtlinien\/\" \/>\n<meta property=\"og:locale\" content=\"en_US\" \/>\n<meta property=\"og:type\" content=\"article\" \/>\n<meta property=\"og:title\" content=\"Richtlinie zum geistigen Eigentum der LoopUp\" \/>\n<meta property=\"og:description\" content=\"This document sets out guidelines for use of our trade marks, copyright works and other intellectual property - or IP - around the LoopUp brand.\" \/>\n<meta property=\"og:url\" content=\"https:\/\/loopup.com\/de\/legal\/ip-richtlinien\/\" \/>\n<meta property=\"og:site_name\" content=\"LoopUp\" \/>\n<meta property=\"article:publisher\" content=\"https:\/\/www.facebook.com\/LoopUp\" \/>\n<meta property=\"article:modified_time\" content=\"2026-03-23T10:38:52+00:00\" \/>\n<meta property=\"og:image\" content=\"https:\/\/loopup.com\/app\/uploads\/2015\/12\/logos-loopup.com_.png\" \/>\n\t<meta property=\"og:image:width\" content=\"1200\" \/>\n\t<meta property=\"og:image:height\" content=\"378\" \/>\n\t<meta property=\"og:image:type\" content=\"image\/png\" \/>\n<meta name=\"twitter:card\" content=\"summary_large_image\" \/>\n<meta name=\"twitter:site\" content=\"@LoopUp\" \/>\n<meta name=\"twitter:label1\" content=\"Est. reading time\" \/>\n\t<meta name=\"twitter:data1\" content=\"7 minutes\" \/>\n<script type=\"application\/ld+json\" class=\"yoast-schema-graph\">{\"@context\":\"https:\/\/schema.org\",\"@graph\":[{\"@type\":\"WebPage\",\"@id\":\"https:\/\/loopup.com\/de\/legal\/ip-richtlinien\/\",\"url\":\"https:\/\/loopup.com\/de\/legal\/ip-richtlinien\/\",\"name\":\"LoopUp IP Guidelines | Conference Call & Online Meetings Service\",\"isPartOf\":{\"@id\":\"https:\/\/loopup.com\/us\/#website\"},\"primaryImageOfPage\":{\"@id\":\"https:\/\/loopup.com\/de\/legal\/ip-richtlinien\/#primaryimage\"},\"image\":{\"@id\":\"https:\/\/loopup.com\/de\/legal\/ip-richtlinien\/#primaryimage\"},\"thumbnailUrl\":\"https:\/\/local.loopup.com\/app\/uploads\/2015\/12\/logos-loopup.com_.png\",\"datePublished\":\"2015-12-02T12:00:23+00:00\",\"dateModified\":\"2026-03-23T10:38:52+00:00\",\"description\":\"This document sets out guidelines for use of our trade marks, copyright works and other intellectual property - or IP - around the LoopUp brand.\",\"breadcrumb\":{\"@id\":\"https:\/\/loopup.com\/de\/legal\/ip-richtlinien\/#breadcrumb\"},\"inLanguage\":\"en-US\",\"potentialAction\":[{\"@type\":\"ReadAction\",\"target\":[\"https:\/\/loopup.com\/de\/legal\/ip-richtlinien\/\"]}]},{\"@type\":\"ImageObject\",\"inLanguage\":\"en-US\",\"@id\":\"https:\/\/loopup.com\/de\/legal\/ip-richtlinien\/#primaryimage\",\"url\":\"https:\/\/local.loopup.com\/app\/uploads\/2015\/12\/logos-loopup.com_.png\",\"contentUrl\":\"https:\/\/local.loopup.com\/app\/uploads\/2015\/12\/logos-loopup.com_.png\"},{\"@type\":\"BreadcrumbList\",\"@id\":\"https:\/\/loopup.com\/de\/legal\/ip-richtlinien\/#breadcrumb\",\"itemListElement\":[{\"@type\":\"ListItem\",\"position\":1,\"name\":\"Home\",\"item\":\"https:\/\/loopup.com\/us\/\"},{\"@type\":\"ListItem\",\"position\":2,\"name\":\"Rechtliche Hinweise\",\"item\":\"https:\/\/loopup.com\/de\/legal\/\"},{\"@type\":\"ListItem\",\"position\":3,\"name\":\"Richtlinie zum geistigen Eigentum der LoopUp\"}]},{\"@type\":\"WebSite\",\"@id\":\"https:\/\/loopup.com\/us\/#website\",\"url\":\"https:\/\/loopup.com\/us\/\",\"name\":\"LoopUp\",\"description\":\"Simplify your world, Consolidate your multinational Teams telephony globally.\",\"publisher\":{\"@id\":\"https:\/\/loopup.com\/us\/#organization\"},\"potentialAction\":[{\"@type\":\"SearchAction\",\"target\":{\"@type\":\"EntryPoint\",\"urlTemplate\":\"https:\/\/loopup.com\/us\/?s={search_term_string}\"},\"query-input\":{\"@type\":\"PropertyValueSpecification\",\"valueRequired\":true,\"valueName\":\"search_term_string\"}}],\"inLanguage\":\"en-US\"},{\"@type\":\"Organization\",\"@id\":\"https:\/\/loopup.com\/us\/#organization\",\"name\":\"LoopUp\",\"url\":\"https:\/\/loopup.com\/us\/\",\"logo\":{\"@type\":\"ImageObject\",\"inLanguage\":\"en-US\",\"@id\":\"https:\/\/loopup.com\/us\/#\/schema\/logo\/image\/\",\"url\":\"https:\/\/loopup.com\/app\/uploads\/2016\/08\/Coloured_Logo_White_Background_200x200.png\",\"contentUrl\":\"https:\/\/loopup.com\/app\/uploads\/2016\/08\/Coloured_Logo_White_Background_200x200.png\",\"width\":200,\"height\":200,\"caption\":\"LoopUp\"},\"image\":{\"@id\":\"https:\/\/loopup.com\/us\/#\/schema\/logo\/image\/\"},\"sameAs\":[\"https:\/\/www.facebook.com\/LoopUp\",\"https:\/\/x.com\/LoopUp\"]}]}<\/script>\n<!-- \/ Yoast SEO Premium plugin. -->","yoast_head_json":{"title":"LoopUp IP Guidelines | Conference Call & Online Meetings Service","description":"This document sets out guidelines for use of our trade marks, copyright works and other intellectual property - or IP - around the LoopUp brand.","robots":{"index":"index","follow":"follow","max-snippet":"max-snippet:-1","max-image-preview":"max-image-preview:large","max-video-preview":"max-video-preview:-1"},"canonical":"https:\/\/loopup.com\/de\/legal\/ip-richtlinien\/","og_locale":"en_US","og_type":"article","og_title":"Richtlinie zum geistigen Eigentum der LoopUp","og_description":"This document sets out guidelines for use of our trade marks, copyright works and other intellectual property - or IP - around the LoopUp brand.","og_url":"https:\/\/loopup.com\/de\/legal\/ip-richtlinien\/","og_site_name":"LoopUp","article_publisher":"https:\/\/www.facebook.com\/LoopUp","article_modified_time":"2026-03-23T10:38:52+00:00","og_image":[{"width":1200,"height":378,"url":"https:\/\/loopup.com\/app\/uploads\/2015\/12\/logos-loopup.com_.png","type":"image\/png"}],"twitter_card":"summary_large_image","twitter_site":"@LoopUp","twitter_misc":{"Est. reading time":"7 minutes"},"schema":{"@context":"https:\/\/schema.org","@graph":[{"@type":"WebPage","@id":"https:\/\/loopup.com\/de\/legal\/ip-richtlinien\/","url":"https:\/\/loopup.com\/de\/legal\/ip-richtlinien\/","name":"LoopUp IP Guidelines | Conference Call & Online Meetings Service","isPartOf":{"@id":"https:\/\/loopup.com\/us\/#website"},"primaryImageOfPage":{"@id":"https:\/\/loopup.com\/de\/legal\/ip-richtlinien\/#primaryimage"},"image":{"@id":"https:\/\/loopup.com\/de\/legal\/ip-richtlinien\/#primaryimage"},"thumbnailUrl":"https:\/\/local.loopup.com\/app\/uploads\/2015\/12\/logos-loopup.com_.png","datePublished":"2015-12-02T12:00:23+00:00","dateModified":"2026-03-23T10:38:52+00:00","description":"This document sets out guidelines for use of our trade marks, copyright works and other intellectual property - or IP - around the LoopUp brand.","breadcrumb":{"@id":"https:\/\/loopup.com\/de\/legal\/ip-richtlinien\/#breadcrumb"},"inLanguage":"en-US","potentialAction":[{"@type":"ReadAction","target":["https:\/\/loopup.com\/de\/legal\/ip-richtlinien\/"]}]},{"@type":"ImageObject","inLanguage":"en-US","@id":"https:\/\/loopup.com\/de\/legal\/ip-richtlinien\/#primaryimage","url":"https:\/\/local.loopup.com\/app\/uploads\/2015\/12\/logos-loopup.com_.png","contentUrl":"https:\/\/local.loopup.com\/app\/uploads\/2015\/12\/logos-loopup.com_.png"},{"@type":"BreadcrumbList","@id":"https:\/\/loopup.com\/de\/legal\/ip-richtlinien\/#breadcrumb","itemListElement":[{"@type":"ListItem","position":1,"name":"Home","item":"https:\/\/loopup.com\/us\/"},{"@type":"ListItem","position":2,"name":"Rechtliche Hinweise","item":"https:\/\/loopup.com\/de\/legal\/"},{"@type":"ListItem","position":3,"name":"Richtlinie zum geistigen Eigentum der LoopUp"}]},{"@type":"WebSite","@id":"https:\/\/loopup.com\/us\/#website","url":"https:\/\/loopup.com\/us\/","name":"LoopUp","description":"Simplify your world, Consolidate your multinational Teams telephony globally.","publisher":{"@id":"https:\/\/loopup.com\/us\/#organization"},"potentialAction":[{"@type":"SearchAction","target":{"@type":"EntryPoint","urlTemplate":"https:\/\/loopup.com\/us\/?s={search_term_string}"},"query-input":{"@type":"PropertyValueSpecification","valueRequired":true,"valueName":"search_term_string"}}],"inLanguage":"en-US"},{"@type":"Organization","@id":"https:\/\/loopup.com\/us\/#organization","name":"LoopUp","url":"https:\/\/loopup.com\/us\/","logo":{"@type":"ImageObject","inLanguage":"en-US","@id":"https:\/\/loopup.com\/us\/#\/schema\/logo\/image\/","url":"https:\/\/loopup.com\/app\/uploads\/2016\/08\/Coloured_Logo_White_Background_200x200.png","contentUrl":"https:\/\/loopup.com\/app\/uploads\/2016\/08\/Coloured_Logo_White_Background_200x200.png","width":200,"height":200,"caption":"LoopUp"},"image":{"@id":"https:\/\/loopup.com\/us\/#\/schema\/logo\/image\/"},"sameAs":["https:\/\/www.facebook.com\/LoopUp","https:\/\/x.com\/LoopUp"]}]}},"_links":{"self":[{"href":"https:\/\/loopup.com\/us\/wp-json\/wp\/v2\/pages\/23343","targetHints":{"allow":["GET"]}}],"collection":[{"href":"https:\/\/loopup.com\/us\/wp-json\/wp\/v2\/pages"}],"about":[{"href":"https:\/\/loopup.com\/us\/wp-json\/wp\/v2\/types\/page"}],"author":[{"embeddable":true,"href":"https:\/\/loopup.com\/us\/wp-json\/wp\/v2\/users\/13"}],"replies":[{"embeddable":true,"href":"https:\/\/loopup.com\/us\/wp-json\/wp\/v2\/comments?post=23343"}],"version-history":[{"count":1,"href":"https:\/\/loopup.com\/us\/wp-json\/wp\/v2\/pages\/23343\/revisions"}],"predecessor-version":[{"id":125170,"href":"https:\/\/loopup.com\/us\/wp-json\/wp\/v2\/pages\/23343\/revisions\/125170"}],"up":[{"embeddable":true,"href":"https:\/\/loopup.com\/us\/wp-json\/wp\/v2\/pages\/23149"}],"wp:attachment":[{"href":"https:\/\/loopup.com\/us\/wp-json\/wp\/v2\/media?parent=23343"}],"curies":[{"name":"wp","href":"https:\/\/api.w.org\/{rel}","templated":true}]}}