{"id":44082,"date":"2019-07-08T09:44:48","date_gmt":"2019-07-08T08:44:48","guid":{"rendered":"https:\/\/loopup.com\/meetingzone-upgrade\/"},"modified":"2020-01-07T14:38:19","modified_gmt":"2020-01-07T14:38:19","slug":"meetingzoneupgrade","status":"publish","type":"page","link":"https:\/\/loopup.com\/de\/meetingzoneupgrade\/","title":{"rendered":"MeetingZone Upgrade"},"content":{"rendered":"\n<div class=\"row\">\n<div class=\"grid_8\"><style>.bg-2{display:none;} .bg-5{background-color: #ffffff;} h1, hr, small{display:none;} h3 {margin-top:40px; margin-bottom:0} h4{margin-bottom:20px; margin-top:30px; font-weight:bold} h4:first-of-type{margin-top:0}<\/style>\n<figure><img decoding=\"async\" style=\"max-width: 500px;\" src=\"https:\/\/loopup.com\/app\/uploads\/2019\/07\/loopup-meetingzone-logo.png\"><\/figure><p><\/p>\n<p>MeetingZone wurde k\u00fcrzlich von LoopUp \u00fcbernommen. Die meisten MeetingZone-Konten werden auf die LoopUp-Plattform \u00fcbertragen und so auch aktualisiert. Damit stellen wir sicher, dass Sie bessere Telefonkonferenzen f\u00fchren k\u00f6nnen. Au\u00dferdem wird Ihr Konto durch dieses Upgrade auf die Telekommunikationsinfrastruktur der n\u00e4chsten Generation umgestellt, sodass Sie von einer h\u00f6heren Plattformzuverl\u00e4ssigkeit und Anrufqualit\u00e4t profitieren.<\/p>\n<p><span style=\"text-decoration: underline;\"><strong>Ihre vorhandenen Einwahlnummern und Zugangscodes f\u00fcr MeetingZone \u00e4ndern sich nicht, sondern k\u00f6nnen nach dem Upgrade auf LoopUp weiterhin verwendet werden.<\/strong><\/span><\/p>\n<\/div>\n<div class=\"grid_4\"><figure><img decoding=\"async\" class=\"img-max\" style=\"border-radius: 4px; margin-top: 20px; margin-bottom: 20px; max-width: 380px;\" src=\"https:\/\/loopup.com\/app\/uploads\/2019\/07\/loopup-video-ui-1.jpg\"><\/figure><\/div>\n<\/div>\n\n\n\n<div class=\"accordion\"><a class=\"accordion-expand-all\" href=\"#\"> <span class=\"expand\" style=\"display: inline;\"> Alle Erweitern<\/span> <span class=\"collapse\" style=\"display: none;\">Alles Einklappen<\/span> <\/a>\n<div class=\"accordion-item\">\n<div class=\"accordion-title\">Informationen f\u00fcr MeetingZone-Benutzer<\/div>\n<div class=\"accordion-content\" style=\"display: none;\">\n<div class=\"row\">\n<div class=\"grid_5\"><figure><img decoding=\"async\" class=\"img-max\" style=\"border-radius: 4px; margin-top: 20px; margin-bottom: 20px; max-width: 380px;\" src=\"https:\/\/loopup.com\/app\/uploads\/2019\/07\/loopup-video-ui-2.jpg\"><\/figure><\/div>\n<div class=\"grid_6\">\n<h4>Zugriff auf erweiterte Funktionen<\/h4>\n<p>LoopUp ist eine erstklassige Plattform f\u00fcr Remote-Meetings, die Unternehmen eine effektivere Zusammenarbeit erm\u00f6glicht. Diese L\u00f6sung zeichnet sich durch eine einfache und intuitive Benutzeroberfl\u00e4che aus, sodass sie ohne eine Schulung genutzt werden kann. Nach dem Upgrade stehen Ihnen verschiedene Funktionen zur Verf\u00fcgung, mit denen Sie Ihre Meetings optimieren k\u00f6nnen:<\/p>\n<ul>\n<li>Als Alternative zur Einwahl \u00fcber eine entsprechende Telefonnummer k\u00f6nnen Sie sich von LoopUp auf einem Telefon Ihrer Wahl anrufen lassen&nbsp;\u2013 ganz einfach mit einem Klick auf einen Link. So m\u00fcssen Sie nicht mehr nach Einwahlnummern und Zugangscodes suchen.<\/li>\n<li>\u00dcber Benachrichtigungen bei Anrufbeginn werden Sie informiert, wenn der erste Teilnehmer beitritt.<\/li>\n<li>Durch die benutzerfreundliche Oberfl\u00e4che behalten Sie stets den \u00dcberblick, wer an der Konferenz teilnimmt und wer gerade spricht.<\/li>\n<li>Sie k\u00f6nnen st\u00f6rende Hintergrundger\u00e4usche identifizieren und stummschalten.<\/li>\n<li>Mit LoopUp f\u00fcr Outlook lassen sich ganz einfach Einladungen versenden.<\/li>\n<li>Dank der App k\u00f6nnen Sie Meetings von Ihrem Smartphone aus verwalten.<\/li>\n<li>Der Bildschirm kann mit nur einem Klick freigegeben werden.<\/li>\n<li>Videokonferenzen lassen sich mit nur einem Klick starten.<\/li>\n<\/ul>\n<\/div>\n<\/div>\n<div class=\"row\">\n<div class=\"grid_12\">\n<h4>Zeitplan f\u00fcr das Upgrade Ihres Kontos<\/h4>\n<p>Alle MeetingZone-Benutzerkonten werden im August und September&nbsp;2019 auf die LoopUp-Plattform umgestellt. Da das Upgrade sehr viele Konten betrifft, werden wir sie schubweise umstellen&nbsp;\u2013 und zwar so schnell wie m\u00f6glich! Sobald feststeht, wann Ihr Konto umgestellt wird, werden wir Sie benachrichtigen. Au\u00dferdem werden wir Sie dar\u00fcber informieren, wie Sie das Beste aus Ihrem neuen LoopUp-Konto herausholen.<\/p>\n<p><u><b>Ihre vorhandenen Einwahlnummern und Zugangscodes f\u00fcr MeetingZone \u00e4ndern sich nicht, sondern k\u00f6nnen nach dem Upgrade auf LoopUp weiterhin verwendet werden.<\/b><\/u><\/p>\n<h4>LoopUp-Profil einrichten<\/h4>\n<p>Nachdem Ihr Konto auf LoopUp umgestellt wurde, erhalten Sie eine Einladungs-E-Mail zur Einrichtung Ihres LoopUp-Profils. Dieses Profil ist erforderlich, damit Sie erweiterte Funktionen nutzen k\u00f6nnen. Dazu z\u00e4hlen beispielsweise Benachrichtigungen bei Anrufbeginn, die Bildschirmfreigabe, Videokonferenzen, die Anrufaufzeichnung und Informationen dazu, wer an der Konferenz teilnimmt und wer gerade spricht.<\/p>\n<p>Die Einrichtung eines LoopUp-Profils ist schnell und einfach. Sie sollte nur wenige Minuten dauern und umfasst folgende Schritte: Sie erstellen ein Passwort, laden das Tool zum Versenden von Einladungen mit Outlook und die Smartphone-App herunter, speichern Telefonnummern f\u00fcr den schnelleren Zugriff auf Ihre Meetings und laden ein Foto und Profilinformationen hoch, auf die die Teilnehmer Ihrer Meetings zugreifen k\u00f6nnen.<\/p>\n<p>Wenn Sie Ihr LoopUp-Profil nicht sofort einrichten k\u00f6nnen, haben Sie weiterhin die M\u00f6glichkeit, mit Ihren vorhandenen MeetingZone-Einwahlnummern und -Zugangscodes an Ihren Telefonkonferenzen teilzunehmen. Sie k\u00f6nnen Ihr LoopUp-Konto dann zu einem sp\u00e4teren Zeitpunkt einrichten.<\/p>\n<p>Selbst wenn Sie keine Einrichtungs-E-Mail von LoopUp erhalten, k\u00f6nnen Sie mithilfe Ihrer bestehenden MeetingZone-Zugangs-PINs ein LoopUp-Profil einrichten.<\/p>\n<p><u><b>Sie k\u00f6nnen Ihr LoopUp-Profil erst einrichten, wenn Ihr Benutzerkonto auf LoopUp umgestellt wurde. Sobald feststeht, wann Ihr Konto umgestellt wird, werden wir Sie benachrichtigen.<\/b><\/u><\/p>\n<h4>Zugang zu Ihrem MeetingZone-Kundenportal und den Steuerelementen f\u00fcr die Hosts von Telekonferenzen<\/h4>\n<p>Nachdem f\u00fcr Ihr Konto das Upgrade auf LoopUp ausgef\u00fchrt wurde, k\u00f6nnen Sie sich weiterhin bei Ihrem MeetingZone-Kundenportal anmelden, um auf die Aufzeichnungen und den Verlauf von Anrufen zuzugreifen. Es wird jedoch nicht mehr m\u00f6glich sein, \u00fcber das Kundenportal Einladungen f\u00fcr Meetings zu senden oder Anrufen beizutreten. Hierf\u00fcr m\u00fcssen Sie stattdessen den LoopUp-Kontobereich verwenden.<\/p>\n<\/div>\n<\/div>\n<\/div>\n<\/div>\n<div class=\"accordion-item\">\n<div class=\"accordion-title\">Informationen f\u00fcr Administratoren von MeetingZone-Konten<\/div>\n<div class=\"accordion-content\" style=\"display: none;\">\n<h4>Vorgehensweise bei der Umstellung Ihrer Benutzer<\/h4>\n<p>Sobald f\u00fcr Ihr Unternehmenskonto das Upgrade auf die LoopUp-Plattform ausgef\u00fchrt werden kann, erhalten alle Kontoadministratoren eine E-Mail mit dem Datum des Upgrades. Alle Benutzerkonten eines Unternehmens werden gleichzeitig umgestellt. Die Benutzer werden ebenfalls per E-Mail benachrichtigt.<\/p>\n<p>Nachdem das Konto eines Benutzers auf LoopUp umgestellt wurde, erh\u00e4lt er eine Einladungs-E-Mail zur Einrichtung seines LoopUp-Profils. F\u00fcr die Teilnahme an Telefonkonferenzen ben\u00f6tigen die Benutzer kein LoopUp-Profil. Wir empfehlen jedoch allen Benutzern, ein LoopUp-Profil einzurichten, damit sie auf erweiterte Funktionen zugreifen k\u00f6nnen.<\/p>\n<p>Wir k\u00f6nnen Einrichtungs-E-Mails nur an Benutzer senden, f\u00fcr die uns eine g\u00fcltige E-Mail-Adresse vorliegt. Benutzer, die keine solche E-Mail von LoopUp erhalten, k\u00f6nnen zur Einrichtung des LoopUp-Profils ihre MeetingZone-Zugangs-PINs verwenden. Ausf\u00fchrliche Informationen dazu, wie hierf\u00fcr vorzugehen ist, stellen wir vor dem Upgrade auf die LoopUp-Plattform bereit.<\/p>\n<h4>LoopUp-Administratorbereich<\/h4>\n<p>Nachdem Ihr Benutzerkonto auf LoopUp umgestellt wurde, k\u00f6nnen Sie im LoopUp-Administratorbereich Benutzerkonten erstellen, schlie\u00dfen und bearbeiten. Beim Upgrade eines Unternehmens von MeetingZone auf LoopUp werden die MeetingZone-Administratorkonten automatisch auf LoopUp-Administratorkonten umgestellt. LoopUp-Administratoren sehen in ihrem LoopUp-Kontobereich den zus\u00e4tzlichen Tab \u201eAdministrator\u201c, \u00fcber den sie auf Benutzerinformationen zugreifen k\u00f6nnen.<\/p>\n<h4>Preisgestaltung<\/h4>\n<p>Die Abrechnung erfolgt weiterhin nutzungsbasiert. Sie bezahlen also nach wie vor nur f\u00fcr das, was Sie auch tats\u00e4chlich verwenden. Unsere Preise sollen weiterhin wettbewerbsf\u00e4hig sein, sodass <u><strong>wir keinen Ihrer aktuellen Tarife erh\u00f6hen.<\/strong><\/u><\/p>\n<p>Wir werden Ihnen weitere Informationen zur Preisgestaltung senden, bevor das Upgrade f\u00fcr Ihr Konto ausgef\u00fchrt wird.<\/p>\n<h4>Nutzungsbedingungen<\/h4>\n<p>Die bestehenden Vertr\u00e4ge zwischen Kunden und MeetingZone bleiben erhalten. Die Nutzungsbedingungen \u00e4ndern sich nicht.<\/p>\n<h4>Datenschutz und Privatsph\u00e4re<\/h4>\n<p>Die Einhaltung der Datenschutzbestimmungen ist f\u00fcr uns wichtig. Umfassende Informationen dazu, welche personenbezogenen Daten wir erfassen und wozu wir diese erfassen, finden Sie in unserer Datenschutzerkl\u00e4rung. LoopUp ist ISO&nbsp;27001-zertifiziert. Das bedeutet, dass wir uns an die branchenweit anerkannten Standards und Abl\u00e4ufe zum Schutz von Daten (einschlie\u00dflich personenbezogener Daten) halten. Umfassende Informationen hierzu finden Sie unter https:\/\/loopup.com\/de\/legal\/datenschutzerklaerung\/.<\/p>\n<\/div>\n<\/div>\n<div class=\"accordion-item\">\n<div class=\"accordion-title\">FAQ<\/div>\n<div class=\"accordion-content\" style=\"display: none;\">\n<h4>FAQs<\/h4>\n<p><span style=\"color: #76b246;\">Was geschieht mit der Marke \u201eMeetingZone\u201c?<\/span><br>Das Branding von \u201eMeetingZone\u201c wird zu \u201eLoopUp\u201c ge\u00e4ndert. Zuk\u00fcnftig erhalten Sie E-Mails und Support von LoopUp.<\/p>\n<p><span style=\"color: #76b246;\">K\u00f6nnen sich Benutzer und Administratoren weiterhin beim MeetingZone-Webportal anmelden, um auf ihre Kontoinformationen zuzugreifen?<\/span><br>Nach dem Upgrade auf LoopUp k\u00f6nnen Benutzer und Administratoren weiterhin \u00fcber das MeetingZone-Webportal auf ihre Kontoinformationen zugreifen. Sie k\u00f6nnen dar\u00fcber jedoch nicht mehr Einladungen senden oder Anrufen beitreten.<\/p>\n<p><span style=\"color: #76b246;\">In meinem Konto wird die Lync-Integration (ACL) verwendet. Wird diese weiterhin verf\u00fcgbar sein?<\/span><br>Nach der Umstellung auf die LoopUp-Plattform wird die Lync-Integration nicht mehr angeboten. Falls Sie weitere Informationen hierzu ben\u00f6tigen, k\u00f6nnen Sie sich an Ihren Account Manager oder per E-Mail an <a href=\"mailto:customerservice@meetingzone.com\">customerservice@meetingzone.com <\/a>wenden.<\/p>\n<\/div>\n<\/div>\n<h4>&nbsp;<\/h4>\n<h4>Support f\u00fcr Kunden<\/h4>\n<p>Weitere Informationen zu LoopUp, der erstklassigen Plattform f\u00fcr Remote-Meetings, finden Sie hier: <a href=\"https:\/\/loopup.com\/de\/support\">https:\/\/loopup.com\/de\/support<\/a>. Falls Sie Fragen zum Ablauf des Upgrades f\u00fcr Ihr Konto haben, senden Sie uns einfach eine E-Mail: <a href=\"mailto:customerservice@meetingzone.com\">customerservice@meetingzone.com<\/a>.<\/p>\n<\/div>\n","protected":false},"excerpt":{"rendered":"<p>MeetingZone wurde k\u00fcrzlich von LoopUp \u00fcbernommen. Die meisten MeetingZone-Konten werden auf die LoopUp-Plattform \u00fcbertragen und so auch aktualisiert. Damit stellen wir sicher, dass Sie bessere Telefonkonferenzen f\u00fchren k\u00f6nnen. Au\u00dferdem wird&#8230;<\/p>\n","protected":false},"author":13,"featured_media":0,"parent":0,"menu_order":0,"comment_status":"closed","ping_status":"closed","template":"","meta":{"_acf_changed":false,"footnotes":""},"class_list":["post-44082","page","type-page","status-publish","hentry"],"acf":[],"yoast_head":"<!-- This site is optimized with the Yoast SEO Premium plugin v25.2 (Yoast SEO v25.2) - https:\/\/yoast.com\/wordpress\/plugins\/seo\/ -->\n<title>MeetingZone Upgrade | LoopUp<\/title>\n<meta name=\"robots\" content=\"index, follow, max-snippet:-1, max-image-preview:large, max-video-preview:-1\" \/>\n<link rel=\"canonical\" href=\"https:\/\/loopup.com\/de\/meetingzoneupgrade\/\" \/>\n<meta property=\"og:locale\" content=\"en_US\" \/>\n<meta property=\"og:type\" content=\"article\" \/>\n<meta property=\"og:title\" content=\"MeetingZone Upgrade\" \/>\n<meta property=\"og:description\" content=\"MeetingZone wurde k\u00fcrzlich von LoopUp \u00fcbernommen. Die meisten MeetingZone-Konten werden auf die LoopUp-Plattform \u00fcbertragen und so auch aktualisiert. Damit stellen wir sicher, dass Sie bessere Telefonkonferenzen f\u00fchren k\u00f6nnen. Au\u00dferdem wird...\" \/>\n<meta property=\"og:url\" content=\"https:\/\/loopup.com\/de\/meetingzoneupgrade\/\" \/>\n<meta property=\"og:site_name\" content=\"LoopUp\" \/>\n<meta property=\"article:publisher\" content=\"https:\/\/www.facebook.com\/LoopUp\" \/>\n<meta property=\"article:modified_time\" content=\"2020-01-07T14:38:19+00:00\" \/>\n<meta property=\"og:image\" content=\"https:\/\/loopup.com\/app\/uploads\/2019\/07\/loopup-meetingzone-logo.png\" \/>\n<meta name=\"twitter:card\" content=\"summary_large_image\" \/>\n<meta name=\"twitter:site\" content=\"@LoopUp\" \/>\n<meta name=\"twitter:label1\" content=\"Est. reading time\" \/>\n\t<meta name=\"twitter:data1\" content=\"6 minutes\" \/>\n<script type=\"application\/ld+json\" class=\"yoast-schema-graph\">{\"@context\":\"https:\/\/schema.org\",\"@graph\":[{\"@type\":\"WebPage\",\"@id\":\"https:\/\/loopup.com\/de\/meetingzoneupgrade\/\",\"url\":\"https:\/\/loopup.com\/de\/meetingzoneupgrade\/\",\"name\":\"MeetingZone Upgrade | LoopUp\",\"isPartOf\":{\"@id\":\"https:\/\/loopup.com\/us\/#website\"},\"primaryImageOfPage\":{\"@id\":\"https:\/\/loopup.com\/de\/meetingzoneupgrade\/#primaryimage\"},\"image\":{\"@id\":\"https:\/\/loopup.com\/de\/meetingzoneupgrade\/#primaryimage\"},\"thumbnailUrl\":\"https:\/\/loopup.com\/app\/uploads\/2019\/07\/loopup-meetingzone-logo.png\",\"datePublished\":\"2019-07-08T08:44:48+00:00\",\"dateModified\":\"2020-01-07T14:38:19+00:00\",\"breadcrumb\":{\"@id\":\"https:\/\/loopup.com\/de\/meetingzoneupgrade\/#breadcrumb\"},\"inLanguage\":\"en-US\",\"potentialAction\":[{\"@type\":\"ReadAction\",\"target\":[\"https:\/\/loopup.com\/de\/meetingzoneupgrade\/\"]}]},{\"@type\":\"ImageObject\",\"inLanguage\":\"en-US\",\"@id\":\"https:\/\/loopup.com\/de\/meetingzoneupgrade\/#primaryimage\",\"url\":\"https:\/\/loopup.com\/app\/uploads\/2019\/07\/loopup-meetingzone-logo.png\",\"contentUrl\":\"https:\/\/loopup.com\/app\/uploads\/2019\/07\/loopup-meetingzone-logo.png\"},{\"@type\":\"BreadcrumbList\",\"@id\":\"https:\/\/loopup.com\/de\/meetingzoneupgrade\/#breadcrumb\",\"itemListElement\":[{\"@type\":\"ListItem\",\"position\":1,\"name\":\"Home\",\"item\":\"https:\/\/loopup.com\/us\/\"},{\"@type\":\"ListItem\",\"position\":2,\"name\":\"MeetingZone Upgrade\"}]},{\"@type\":\"WebSite\",\"@id\":\"https:\/\/loopup.com\/us\/#website\",\"url\":\"https:\/\/loopup.com\/us\/\",\"name\":\"LoopUp\",\"description\":\"Simplify your world, Consolidate your multinational Teams telephony globally.\",\"publisher\":{\"@id\":\"https:\/\/loopup.com\/us\/#organization\"},\"potentialAction\":[{\"@type\":\"SearchAction\",\"target\":{\"@type\":\"EntryPoint\",\"urlTemplate\":\"https:\/\/loopup.com\/us\/?s={search_term_string}\"},\"query-input\":{\"@type\":\"PropertyValueSpecification\",\"valueRequired\":true,\"valueName\":\"search_term_string\"}}],\"inLanguage\":\"en-US\"},{\"@type\":\"Organization\",\"@id\":\"https:\/\/loopup.com\/us\/#organization\",\"name\":\"LoopUp\",\"url\":\"https:\/\/loopup.com\/us\/\",\"logo\":{\"@type\":\"ImageObject\",\"inLanguage\":\"en-US\",\"@id\":\"https:\/\/loopup.com\/us\/#\/schema\/logo\/image\/\",\"url\":\"https:\/\/loopup.com\/app\/uploads\/2016\/08\/Coloured_Logo_White_Background_200x200.png\",\"contentUrl\":\"https:\/\/loopup.com\/app\/uploads\/2016\/08\/Coloured_Logo_White_Background_200x200.png\",\"width\":200,\"height\":200,\"caption\":\"LoopUp\"},\"image\":{\"@id\":\"https:\/\/loopup.com\/us\/#\/schema\/logo\/image\/\"},\"sameAs\":[\"https:\/\/www.facebook.com\/LoopUp\",\"https:\/\/x.com\/LoopUp\"]}]}<\/script>\n<!-- \/ Yoast SEO Premium plugin. -->","yoast_head_json":{"title":"MeetingZone Upgrade | LoopUp","robots":{"index":"index","follow":"follow","max-snippet":"max-snippet:-1","max-image-preview":"max-image-preview:large","max-video-preview":"max-video-preview:-1"},"canonical":"https:\/\/loopup.com\/de\/meetingzoneupgrade\/","og_locale":"en_US","og_type":"article","og_title":"MeetingZone Upgrade","og_description":"MeetingZone wurde k\u00fcrzlich von LoopUp \u00fcbernommen. Die meisten MeetingZone-Konten werden auf die LoopUp-Plattform \u00fcbertragen und so auch aktualisiert. Damit stellen wir sicher, dass Sie bessere Telefonkonferenzen f\u00fchren k\u00f6nnen. Au\u00dferdem wird...","og_url":"https:\/\/loopup.com\/de\/meetingzoneupgrade\/","og_site_name":"LoopUp","article_publisher":"https:\/\/www.facebook.com\/LoopUp","article_modified_time":"2020-01-07T14:38:19+00:00","og_image":[{"url":"https:\/\/loopup.com\/app\/uploads\/2019\/07\/loopup-meetingzone-logo.png","type":"","width":"","height":""}],"twitter_card":"summary_large_image","twitter_site":"@LoopUp","twitter_misc":{"Est. reading time":"6 minutes"},"schema":{"@context":"https:\/\/schema.org","@graph":[{"@type":"WebPage","@id":"https:\/\/loopup.com\/de\/meetingzoneupgrade\/","url":"https:\/\/loopup.com\/de\/meetingzoneupgrade\/","name":"MeetingZone Upgrade | LoopUp","isPartOf":{"@id":"https:\/\/loopup.com\/us\/#website"},"primaryImageOfPage":{"@id":"https:\/\/loopup.com\/de\/meetingzoneupgrade\/#primaryimage"},"image":{"@id":"https:\/\/loopup.com\/de\/meetingzoneupgrade\/#primaryimage"},"thumbnailUrl":"https:\/\/loopup.com\/app\/uploads\/2019\/07\/loopup-meetingzone-logo.png","datePublished":"2019-07-08T08:44:48+00:00","dateModified":"2020-01-07T14:38:19+00:00","breadcrumb":{"@id":"https:\/\/loopup.com\/de\/meetingzoneupgrade\/#breadcrumb"},"inLanguage":"en-US","potentialAction":[{"@type":"ReadAction","target":["https:\/\/loopup.com\/de\/meetingzoneupgrade\/"]}]},{"@type":"ImageObject","inLanguage":"en-US","@id":"https:\/\/loopup.com\/de\/meetingzoneupgrade\/#primaryimage","url":"https:\/\/loopup.com\/app\/uploads\/2019\/07\/loopup-meetingzone-logo.png","contentUrl":"https:\/\/loopup.com\/app\/uploads\/2019\/07\/loopup-meetingzone-logo.png"},{"@type":"BreadcrumbList","@id":"https:\/\/loopup.com\/de\/meetingzoneupgrade\/#breadcrumb","itemListElement":[{"@type":"ListItem","position":1,"name":"Home","item":"https:\/\/loopup.com\/us\/"},{"@type":"ListItem","position":2,"name":"MeetingZone Upgrade"}]},{"@type":"WebSite","@id":"https:\/\/loopup.com\/us\/#website","url":"https:\/\/loopup.com\/us\/","name":"LoopUp","description":"Simplify your world, Consolidate your multinational Teams telephony globally.","publisher":{"@id":"https:\/\/loopup.com\/us\/#organization"},"potentialAction":[{"@type":"SearchAction","target":{"@type":"EntryPoint","urlTemplate":"https:\/\/loopup.com\/us\/?s={search_term_string}"},"query-input":{"@type":"PropertyValueSpecification","valueRequired":true,"valueName":"search_term_string"}}],"inLanguage":"en-US"},{"@type":"Organization","@id":"https:\/\/loopup.com\/us\/#organization","name":"LoopUp","url":"https:\/\/loopup.com\/us\/","logo":{"@type":"ImageObject","inLanguage":"en-US","@id":"https:\/\/loopup.com\/us\/#\/schema\/logo\/image\/","url":"https:\/\/loopup.com\/app\/uploads\/2016\/08\/Coloured_Logo_White_Background_200x200.png","contentUrl":"https:\/\/loopup.com\/app\/uploads\/2016\/08\/Coloured_Logo_White_Background_200x200.png","width":200,"height":200,"caption":"LoopUp"},"image":{"@id":"https:\/\/loopup.com\/us\/#\/schema\/logo\/image\/"},"sameAs":["https:\/\/www.facebook.com\/LoopUp","https:\/\/x.com\/LoopUp"]}]}},"_links":{"self":[{"href":"https:\/\/loopup.com\/us\/wp-json\/wp\/v2\/pages\/44082","targetHints":{"allow":["GET"]}}],"collection":[{"href":"https:\/\/loopup.com\/us\/wp-json\/wp\/v2\/pages"}],"about":[{"href":"https:\/\/loopup.com\/us\/wp-json\/wp\/v2\/types\/page"}],"author":[{"embeddable":true,"href":"https:\/\/loopup.com\/us\/wp-json\/wp\/v2\/users\/13"}],"replies":[{"embeddable":true,"href":"https:\/\/loopup.com\/us\/wp-json\/wp\/v2\/comments?post=44082"}],"version-history":[{"count":0,"href":"https:\/\/loopup.com\/us\/wp-json\/wp\/v2\/pages\/44082\/revisions"}],"wp:attachment":[{"href":"https:\/\/loopup.com\/us\/wp-json\/wp\/v2\/media?parent=44082"}],"curies":[{"name":"wp","href":"https:\/\/api.w.org\/{rel}","templated":true}]}}