{"id":112142,"date":"2023-07-10T17:12:23","date_gmt":"2023-07-10T16:12:23","guid":{"rendered":"https:\/\/loopup.com\/?page_id=112142"},"modified":"2025-04-29T11:52:19","modified_gmt":"2025-04-29T10:52:19","slug":"homepage","status":"publish","type":"page","link":"https:\/\/loopup.com\/es\/homepage\/","title":{"rendered":"Homepage"},"content":{"rendered":"\n<h1>Telefon\u00eda Microsoft Teams <span>de forma sencilla<\/span><\/h1>\n<h2>Centraliza tu servicio de telefon\u00eda de Teams a nivel global. Deshazte de los proveedores regionales y simplifica tu negocio internacional. Trabaja con un solo proveedor qe pueda brintarte soporte en todo el mundo.<\/h2>\n<p class=\"button-holder\"> <a class=\"btn green lrg\" href=\"https:\/\/loopup.com\/es\/soluciones\/cloud-telephony\/coverage\/\">Comprobar la cobertura<\/a><\/p>\n","protected":false},"excerpt":{"rendered":"<p>Telefon\u00eda Microsoft Teams de forma sencilla Centraliza tu servicio de telefon\u00eda de Teams a nivel global. Deshazte de los proveedores regionales y simplifica tu negocio internacional. Trabaja con un solo&#8230;<\/p>\n","protected":false},"author":13,"featured_media":0,"parent":0,"menu_order":0,"comment_status":"closed","ping_status":"closed","template":"templates\/home-2023.php","meta":{"_acf_changed":false,"footnotes":""},"class_list":["post-112142","page","type-page","status-publish","hentry"],"acf":[],"yoast_head":"<!-- This site is optimized with the Yoast SEO Premium plugin v25.2 (Yoast SEO v25.2) - https:\/\/yoast.com\/wordpress\/plugins\/seo\/ -->\n<title>Microsoft Teams Telefon\u00eda en la Nube Global y l\u00edder mundial en cobertura global para el programa certificado Operator Connect de Microsoft.<\/title>\n<meta name=\"description\" content=\"LoopUp existe para proporcionar a las empresas multinacionales un proveedor global de telefon\u00eda, simplificando y centralizando la gesti\u00f3n y el soporte de telefon\u00eda, y ofreciendo econom\u00edas de escala. LoopUp es el l\u00edder mundial en cobertura global para el programa certificado Operator Connect de Microsoft.\" \/>\n<meta name=\"robots\" content=\"index, follow, max-snippet:-1, max-image-preview:large, max-video-preview:-1\" \/>\n<link rel=\"canonical\" href=\"https:\/\/loopup.com\/es\/\" \/>\n<meta property=\"og:locale\" content=\"en_US\" \/>\n<meta property=\"og:type\" content=\"article\" \/>\n<meta property=\"og:title\" content=\"Homepage\" \/>\n<meta property=\"og:description\" content=\"LoopUp existe para proporcionar a las empresas multinacionales un proveedor global de telefon\u00eda, simplificando y centralizando la gesti\u00f3n y el soporte de telefon\u00eda, y ofreciendo econom\u00edas de escala. LoopUp es el l\u00edder mundial en cobertura global para el programa certificado Operator Connect de Microsoft.\" \/>\n<meta property=\"og:url\" content=\"https:\/\/loopup.com\/es\/\" \/>\n<meta property=\"og:site_name\" content=\"LoopUp\" \/>\n<meta property=\"article:publisher\" content=\"https:\/\/www.facebook.com\/LoopUp\" \/>\n<meta property=\"article:modified_time\" content=\"2025-04-29T10:52:19+00:00\" \/>\n<meta name=\"twitter:card\" content=\"summary_large_image\" \/>\n<meta name=\"twitter:site\" content=\"@LoopUp\" \/>\n<meta name=\"twitter:label1\" content=\"Est. reading time\" \/>\n\t<meta name=\"twitter:data1\" content=\"1 minute\" \/>\n<script type=\"application\/ld+json\" class=\"yoast-schema-graph\">{\"@context\":\"https:\/\/schema.org\",\"@graph\":[{\"@type\":\"WebPage\",\"@id\":\"https:\/\/loopup.com\/es\/\",\"url\":\"https:\/\/loopup.com\/es\/\",\"name\":\"Microsoft Teams Telefon\u00eda en la Nube Global y l\u00edder mundial en cobertura global para el programa certificado Operator Connect de Microsoft.\",\"isPartOf\":{\"@id\":\"https:\/\/loopup.com\/us\/#website\"},\"datePublished\":\"2023-07-10T16:12:23+00:00\",\"dateModified\":\"2025-04-29T10:52:19+00:00\",\"description\":\"LoopUp existe para proporcionar a las empresas multinacionales un proveedor global de telefon\u00eda, simplificando y centralizando la gesti\u00f3n y el soporte de telefon\u00eda, y ofreciendo econom\u00edas de escala. LoopUp es el l\u00edder mundial en cobertura global para el programa certificado Operator Connect de Microsoft.\",\"breadcrumb\":{\"@id\":\"https:\/\/loopup.com\/es\/#breadcrumb\"},\"inLanguage\":\"en-US\",\"potentialAction\":[{\"@type\":\"ReadAction\",\"target\":[\"https:\/\/loopup.com\/es\/\"]}]},{\"@type\":\"BreadcrumbList\",\"@id\":\"https:\/\/loopup.com\/es\/#breadcrumb\",\"itemListElement\":[{\"@type\":\"ListItem\",\"position\":1,\"name\":\"Home\",\"item\":\"https:\/\/loopup.com\/us\/\"},{\"@type\":\"ListItem\",\"position\":2,\"name\":\"Homepage\"}]},{\"@type\":\"WebSite\",\"@id\":\"https:\/\/loopup.com\/us\/#website\",\"url\":\"https:\/\/loopup.com\/us\/\",\"name\":\"LoopUp\",\"description\":\"Simplify your world, Consolidate your multinational Teams telephony globally.\",\"publisher\":{\"@id\":\"https:\/\/loopup.com\/us\/#organization\"},\"potentialAction\":[{\"@type\":\"SearchAction\",\"target\":{\"@type\":\"EntryPoint\",\"urlTemplate\":\"https:\/\/loopup.com\/us\/?s={search_term_string}\"},\"query-input\":{\"@type\":\"PropertyValueSpecification\",\"valueRequired\":true,\"valueName\":\"search_term_string\"}}],\"inLanguage\":\"en-US\"},{\"@type\":\"Organization\",\"@id\":\"https:\/\/loopup.com\/us\/#organization\",\"name\":\"LoopUp\",\"url\":\"https:\/\/loopup.com\/us\/\",\"logo\":{\"@type\":\"ImageObject\",\"inLanguage\":\"en-US\",\"@id\":\"https:\/\/loopup.com\/us\/#\/schema\/logo\/image\/\",\"url\":\"https:\/\/loopup.com\/app\/uploads\/2016\/08\/Coloured_Logo_White_Background_200x200.png\",\"contentUrl\":\"https:\/\/loopup.com\/app\/uploads\/2016\/08\/Coloured_Logo_White_Background_200x200.png\",\"width\":200,\"height\":200,\"caption\":\"LoopUp\"},\"image\":{\"@id\":\"https:\/\/loopup.com\/us\/#\/schema\/logo\/image\/\"},\"sameAs\":[\"https:\/\/www.facebook.com\/LoopUp\",\"https:\/\/x.com\/LoopUp\"]}]}<\/script>\n<!-- \/ Yoast SEO Premium plugin. -->","yoast_head_json":{"title":"Microsoft Teams Telefon\u00eda en la Nube Global y l\u00edder mundial en cobertura global para el programa certificado Operator Connect de Microsoft.","description":"LoopUp existe para proporcionar a las empresas multinacionales un proveedor global de telefon\u00eda, simplificando y centralizando la gesti\u00f3n y el soporte de telefon\u00eda, y ofreciendo econom\u00edas de escala. LoopUp es el l\u00edder mundial en cobertura global para el programa certificado Operator Connect de Microsoft.","robots":{"index":"index","follow":"follow","max-snippet":"max-snippet:-1","max-image-preview":"max-image-preview:large","max-video-preview":"max-video-preview:-1"},"canonical":"https:\/\/loopup.com\/es\/","og_locale":"en_US","og_type":"article","og_title":"Homepage","og_description":"LoopUp existe para proporcionar a las empresas multinacionales un proveedor global de telefon\u00eda, simplificando y centralizando la gesti\u00f3n y el soporte de telefon\u00eda, y ofreciendo econom\u00edas de escala. LoopUp es el l\u00edder mundial en cobertura global para el programa certificado Operator Connect de Microsoft.","og_url":"https:\/\/loopup.com\/es\/","og_site_name":"LoopUp","article_publisher":"https:\/\/www.facebook.com\/LoopUp","article_modified_time":"2025-04-29T10:52:19+00:00","twitter_card":"summary_large_image","twitter_site":"@LoopUp","twitter_misc":{"Est. reading time":"1 minute"},"schema":{"@context":"https:\/\/schema.org","@graph":[{"@type":"WebPage","@id":"https:\/\/loopup.com\/es\/","url":"https:\/\/loopup.com\/es\/","name":"Microsoft Teams Telefon\u00eda en la Nube Global y l\u00edder mundial en cobertura global para el programa certificado Operator Connect de Microsoft.","isPartOf":{"@id":"https:\/\/loopup.com\/us\/#website"},"datePublished":"2023-07-10T16:12:23+00:00","dateModified":"2025-04-29T10:52:19+00:00","description":"LoopUp existe para proporcionar a las empresas multinacionales un proveedor global de telefon\u00eda, simplificando y centralizando la gesti\u00f3n y el soporte de telefon\u00eda, y ofreciendo econom\u00edas de escala. LoopUp es el l\u00edder mundial en cobertura global para el programa certificado Operator Connect de Microsoft.","breadcrumb":{"@id":"https:\/\/loopup.com\/es\/#breadcrumb"},"inLanguage":"en-US","potentialAction":[{"@type":"ReadAction","target":["https:\/\/loopup.com\/es\/"]}]},{"@type":"BreadcrumbList","@id":"https:\/\/loopup.com\/es\/#breadcrumb","itemListElement":[{"@type":"ListItem","position":1,"name":"Home","item":"https:\/\/loopup.com\/us\/"},{"@type":"ListItem","position":2,"name":"Homepage"}]},{"@type":"WebSite","@id":"https:\/\/loopup.com\/us\/#website","url":"https:\/\/loopup.com\/us\/","name":"LoopUp","description":"Simplify your world, Consolidate your multinational Teams telephony globally.","publisher":{"@id":"https:\/\/loopup.com\/us\/#organization"},"potentialAction":[{"@type":"SearchAction","target":{"@type":"EntryPoint","urlTemplate":"https:\/\/loopup.com\/us\/?s={search_term_string}"},"query-input":{"@type":"PropertyValueSpecification","valueRequired":true,"valueName":"search_term_string"}}],"inLanguage":"en-US"},{"@type":"Organization","@id":"https:\/\/loopup.com\/us\/#organization","name":"LoopUp","url":"https:\/\/loopup.com\/us\/","logo":{"@type":"ImageObject","inLanguage":"en-US","@id":"https:\/\/loopup.com\/us\/#\/schema\/logo\/image\/","url":"https:\/\/loopup.com\/app\/uploads\/2016\/08\/Coloured_Logo_White_Background_200x200.png","contentUrl":"https:\/\/loopup.com\/app\/uploads\/2016\/08\/Coloured_Logo_White_Background_200x200.png","width":200,"height":200,"caption":"LoopUp"},"image":{"@id":"https:\/\/loopup.com\/us\/#\/schema\/logo\/image\/"},"sameAs":["https:\/\/www.facebook.com\/LoopUp","https:\/\/x.com\/LoopUp"]}]}},"_links":{"self":[{"href":"https:\/\/loopup.com\/us\/wp-json\/wp\/v2\/pages\/112142","targetHints":{"allow":["GET"]}}],"collection":[{"href":"https:\/\/loopup.com\/us\/wp-json\/wp\/v2\/pages"}],"about":[{"href":"https:\/\/loopup.com\/us\/wp-json\/wp\/v2\/types\/page"}],"author":[{"embeddable":true,"href":"https:\/\/loopup.com\/us\/wp-json\/wp\/v2\/users\/13"}],"replies":[{"embeddable":true,"href":"https:\/\/loopup.com\/us\/wp-json\/wp\/v2\/comments?post=112142"}],"version-history":[{"count":0,"href":"https:\/\/loopup.com\/us\/wp-json\/wp\/v2\/pages\/112142\/revisions"}],"wp:attachment":[{"href":"https:\/\/loopup.com\/us\/wp-json\/wp\/v2\/media?parent=112142"}],"curies":[{"name":"wp","href":"https:\/\/api.w.org\/{rel}","templated":true}]}}