{"id":119369,"date":"2025-04-22T13:39:31","date_gmt":"2025-04-22T12:39:31","guid":{"rendered":"https:\/\/loopup.com\/homepage-2025\/"},"modified":"2025-11-12T11:11:49","modified_gmt":"2025-11-12T11:11:49","slug":"homepage-2025","status":"publish","type":"page","link":"https:\/\/loopup.com\/es\/homepage-2025\/","title":{"rendered":"Homepage 2025"},"content":{"rendered":"\n<h1>Simplifique su mundo<\/h1>\n<h2>Consolide globalmente la telefon\u00eda de sus equipos multinacionales<\/h2>\n","protected":false},"excerpt":{"rendered":"<p>Simplifique su mundo Consolide globalmente la telefon\u00eda de sus equipos multinacionales<\/p>\n","protected":false},"author":13,"featured_media":0,"parent":0,"menu_order":0,"comment_status":"closed","ping_status":"closed","template":"templates\/home-2025.php","meta":{"_acf_changed":false,"footnotes":""},"class_list":["post-119369","page","type-page","status-publish","hentry"],"acf":[],"yoast_head":"<!-- This site is optimized with the Yoast SEO Premium plugin v25.2 (Yoast SEO v25.2) - https:\/\/yoast.com\/wordpress\/plugins\/seo\/ -->\n<title>Consolide globalmente la telefon\u00eda de sus equipos multinacionales<\/title>\n<meta name=\"description\" content=\"LoopUp ayuda a las empresas multinacionales a consolidar la forma en que compran y gestionan su telefon\u00eda global de Microsoft Teams, ofreciendo n\u00fameros de tel\u00e9fono y un servicio completo basado en la nube que sustituye a la RTC en m\u00e1s de 100 pa\u00edses de todo el mundo. Liberamos a las multinacionales de las frustraciones, complejidades e ineficiencias de trabajar con m\u00faltiples operadores regionales, cada uno con sus propios contratos, precios, equipos de soporte y portales de gesti\u00f3n. LoopUp ofrece una soluci\u00f3n global \u00fanica y coherente, que combina dise\u00f1o, despliegue, prestaci\u00f3n de servicios y soporte, todo ello globalmente e integrado con Microsoft Teams. LoopUp tiene su sede en Londres y opera en todo el mundo.\" \/>\n<meta name=\"robots\" content=\"index, follow, max-snippet:-1, max-image-preview:large, max-video-preview:-1\" \/>\n<link rel=\"canonical\" href=\"https:\/\/loopup.com\/es\/\" \/>\n<meta property=\"og:locale\" content=\"en_US\" \/>\n<meta property=\"og:type\" content=\"article\" \/>\n<meta property=\"og:title\" content=\"Homepage 2025\" \/>\n<meta property=\"og:description\" content=\"LoopUp helps multinational enterprises consolidate how they buy and management their global Microsoft Teams telephony, offering phone numbers and full cloud-based, PSTN-replacement service in over 100 countries around the world. We liberate multinationals from the frustrations, complexities and inefficiencies of working with multiple regional carriers, each with their own contracts, pricing, support teams and management portals. LoopUp offers a single and consistent global solution, combining design, deployment, service delivery and support \u2013 provided globally and all integrated with Microsoft Teams.\" \/>\n<meta property=\"og:url\" content=\"https:\/\/loopup.com\/es\/\" \/>\n<meta property=\"og:site_name\" content=\"LoopUp\" \/>\n<meta property=\"article:publisher\" content=\"https:\/\/www.facebook.com\/LoopUp\" \/>\n<meta property=\"article:modified_time\" content=\"2025-11-12T11:11:49+00:00\" \/>\n<meta property=\"og:image\" content=\"https:\/\/loopup.com\/app\/uploads\/2014\/07\/loopup-logo.png\" \/>\n\t<meta property=\"og:image:width\" content=\"1214\" \/>\n\t<meta property=\"og:image:height\" content=\"590\" \/>\n\t<meta property=\"og:image:type\" content=\"image\/png\" \/>\n<meta name=\"twitter:card\" content=\"summary_large_image\" \/>\n<meta name=\"twitter:site\" content=\"@LoopUp\" \/>\n<meta name=\"twitter:label1\" content=\"Est. reading time\" \/>\n\t<meta name=\"twitter:data1\" content=\"1 minute\" \/>\n<script type=\"application\/ld+json\" class=\"yoast-schema-graph\">{\"@context\":\"https:\/\/schema.org\",\"@graph\":[{\"@type\":\"WebPage\",\"@id\":\"https:\/\/loopup.com\/es\/\",\"url\":\"https:\/\/loopup.com\/es\/\",\"name\":\"Consolide globalmente la telefon\u00eda de sus equipos multinacionales\",\"isPartOf\":{\"@id\":\"https:\/\/loopup.com\/us\/#website\"},\"datePublished\":\"2025-04-22T12:39:31+00:00\",\"dateModified\":\"2025-11-12T11:11:49+00:00\",\"description\":\"LoopUp ayuda a las empresas multinacionales a consolidar la forma en que compran y gestionan su telefon\u00eda global de Microsoft Teams, ofreciendo n\u00fameros de tel\u00e9fono y un servicio completo basado en la nube que sustituye a la RTC en m\u00e1s de 100 pa\u00edses de todo el mundo. Liberamos a las multinacionales de las frustraciones, complejidades e ineficiencias de trabajar con m\u00faltiples operadores regionales, cada uno con sus propios contratos, precios, equipos de soporte y portales de gesti\u00f3n. LoopUp ofrece una soluci\u00f3n global \u00fanica y coherente, que combina dise\u00f1o, despliegue, prestaci\u00f3n de servicios y soporte, todo ello globalmente e integrado con Microsoft Teams. LoopUp tiene su sede en Londres y opera en todo el mundo.\",\"breadcrumb\":{\"@id\":\"https:\/\/loopup.com\/es\/#breadcrumb\"},\"inLanguage\":\"en-US\",\"potentialAction\":[{\"@type\":\"ReadAction\",\"target\":[\"https:\/\/loopup.com\/es\/\"]}]},{\"@type\":\"BreadcrumbList\",\"@id\":\"https:\/\/loopup.com\/es\/#breadcrumb\",\"itemListElement\":[{\"@type\":\"ListItem\",\"position\":1,\"name\":\"Home\",\"item\":\"https:\/\/loopup.com\/us\/\"},{\"@type\":\"ListItem\",\"position\":2,\"name\":\"Homepage 2025\"}]},{\"@type\":\"WebSite\",\"@id\":\"https:\/\/loopup.com\/us\/#website\",\"url\":\"https:\/\/loopup.com\/us\/\",\"name\":\"LoopUp\",\"description\":\"Simplify your world, Consolidate your multinational Teams telephony globally.\",\"publisher\":{\"@id\":\"https:\/\/loopup.com\/us\/#organization\"},\"potentialAction\":[{\"@type\":\"SearchAction\",\"target\":{\"@type\":\"EntryPoint\",\"urlTemplate\":\"https:\/\/loopup.com\/us\/?s={search_term_string}\"},\"query-input\":{\"@type\":\"PropertyValueSpecification\",\"valueRequired\":true,\"valueName\":\"search_term_string\"}}],\"inLanguage\":\"en-US\"},{\"@type\":\"Organization\",\"@id\":\"https:\/\/loopup.com\/us\/#organization\",\"name\":\"LoopUp\",\"url\":\"https:\/\/loopup.com\/us\/\",\"logo\":{\"@type\":\"ImageObject\",\"inLanguage\":\"en-US\",\"@id\":\"https:\/\/loopup.com\/us\/#\/schema\/logo\/image\/\",\"url\":\"https:\/\/loopup.com\/app\/uploads\/2016\/08\/Coloured_Logo_White_Background_200x200.png\",\"contentUrl\":\"https:\/\/loopup.com\/app\/uploads\/2016\/08\/Coloured_Logo_White_Background_200x200.png\",\"width\":200,\"height\":200,\"caption\":\"LoopUp\"},\"image\":{\"@id\":\"https:\/\/loopup.com\/us\/#\/schema\/logo\/image\/\"},\"sameAs\":[\"https:\/\/www.facebook.com\/LoopUp\",\"https:\/\/x.com\/LoopUp\"]}]}<\/script>\n<!-- \/ Yoast SEO Premium plugin. -->","yoast_head_json":{"title":"Consolide globalmente la telefon\u00eda de sus equipos multinacionales","description":"LoopUp ayuda a las empresas multinacionales a consolidar la forma en que compran y gestionan su telefon\u00eda global de Microsoft Teams, ofreciendo n\u00fameros de tel\u00e9fono y un servicio completo basado en la nube que sustituye a la RTC en m\u00e1s de 100 pa\u00edses de todo el mundo. Liberamos a las multinacionales de las frustraciones, complejidades e ineficiencias de trabajar con m\u00faltiples operadores regionales, cada uno con sus propios contratos, precios, equipos de soporte y portales de gesti\u00f3n. LoopUp ofrece una soluci\u00f3n global \u00fanica y coherente, que combina dise\u00f1o, despliegue, prestaci\u00f3n de servicios y soporte, todo ello globalmente e integrado con Microsoft Teams. LoopUp tiene su sede en Londres y opera en todo el mundo.","robots":{"index":"index","follow":"follow","max-snippet":"max-snippet:-1","max-image-preview":"max-image-preview:large","max-video-preview":"max-video-preview:-1"},"canonical":"https:\/\/loopup.com\/es\/","og_locale":"en_US","og_type":"article","og_title":"Homepage 2025","og_description":"LoopUp helps multinational enterprises consolidate how they buy and management their global Microsoft Teams telephony, offering phone numbers and full cloud-based, PSTN-replacement service in over 100 countries around the world. We liberate multinationals from the frustrations, complexities and inefficiencies of working with multiple regional carriers, each with their own contracts, pricing, support teams and management portals. LoopUp offers a single and consistent global solution, combining design, deployment, service delivery and support \u2013 provided globally and all integrated with Microsoft Teams.","og_url":"https:\/\/loopup.com\/es\/","og_site_name":"LoopUp","article_publisher":"https:\/\/www.facebook.com\/LoopUp","article_modified_time":"2025-11-12T11:11:49+00:00","og_image":[{"width":1214,"height":590,"url":"https:\/\/loopup.com\/app\/uploads\/2014\/07\/loopup-logo.png","type":"image\/png"}],"twitter_card":"summary_large_image","twitter_site":"@LoopUp","twitter_misc":{"Est. reading time":"1 minute"},"schema":{"@context":"https:\/\/schema.org","@graph":[{"@type":"WebPage","@id":"https:\/\/loopup.com\/es\/","url":"https:\/\/loopup.com\/es\/","name":"Consolide globalmente la telefon\u00eda de sus equipos multinacionales","isPartOf":{"@id":"https:\/\/loopup.com\/us\/#website"},"datePublished":"2025-04-22T12:39:31+00:00","dateModified":"2025-11-12T11:11:49+00:00","description":"LoopUp ayuda a las empresas multinacionales a consolidar la forma en que compran y gestionan su telefon\u00eda global de Microsoft Teams, ofreciendo n\u00fameros de tel\u00e9fono y un servicio completo basado en la nube que sustituye a la RTC en m\u00e1s de 100 pa\u00edses de todo el mundo. Liberamos a las multinacionales de las frustraciones, complejidades e ineficiencias de trabajar con m\u00faltiples operadores regionales, cada uno con sus propios contratos, precios, equipos de soporte y portales de gesti\u00f3n. LoopUp ofrece una soluci\u00f3n global \u00fanica y coherente, que combina dise\u00f1o, despliegue, prestaci\u00f3n de servicios y soporte, todo ello globalmente e integrado con Microsoft Teams. LoopUp tiene su sede en Londres y opera en todo el mundo.","breadcrumb":{"@id":"https:\/\/loopup.com\/es\/#breadcrumb"},"inLanguage":"en-US","potentialAction":[{"@type":"ReadAction","target":["https:\/\/loopup.com\/es\/"]}]},{"@type":"BreadcrumbList","@id":"https:\/\/loopup.com\/es\/#breadcrumb","itemListElement":[{"@type":"ListItem","position":1,"name":"Home","item":"https:\/\/loopup.com\/us\/"},{"@type":"ListItem","position":2,"name":"Homepage 2025"}]},{"@type":"WebSite","@id":"https:\/\/loopup.com\/us\/#website","url":"https:\/\/loopup.com\/us\/","name":"LoopUp","description":"Simplify your world, Consolidate your multinational Teams telephony globally.","publisher":{"@id":"https:\/\/loopup.com\/us\/#organization"},"potentialAction":[{"@type":"SearchAction","target":{"@type":"EntryPoint","urlTemplate":"https:\/\/loopup.com\/us\/?s={search_term_string}"},"query-input":{"@type":"PropertyValueSpecification","valueRequired":true,"valueName":"search_term_string"}}],"inLanguage":"en-US"},{"@type":"Organization","@id":"https:\/\/loopup.com\/us\/#organization","name":"LoopUp","url":"https:\/\/loopup.com\/us\/","logo":{"@type":"ImageObject","inLanguage":"en-US","@id":"https:\/\/loopup.com\/us\/#\/schema\/logo\/image\/","url":"https:\/\/loopup.com\/app\/uploads\/2016\/08\/Coloured_Logo_White_Background_200x200.png","contentUrl":"https:\/\/loopup.com\/app\/uploads\/2016\/08\/Coloured_Logo_White_Background_200x200.png","width":200,"height":200,"caption":"LoopUp"},"image":{"@id":"https:\/\/loopup.com\/us\/#\/schema\/logo\/image\/"},"sameAs":["https:\/\/www.facebook.com\/LoopUp","https:\/\/x.com\/LoopUp"]}]}},"_links":{"self":[{"href":"https:\/\/loopup.com\/us\/wp-json\/wp\/v2\/pages\/119369","targetHints":{"allow":["GET"]}}],"collection":[{"href":"https:\/\/loopup.com\/us\/wp-json\/wp\/v2\/pages"}],"about":[{"href":"https:\/\/loopup.com\/us\/wp-json\/wp\/v2\/types\/page"}],"author":[{"embeddable":true,"href":"https:\/\/loopup.com\/us\/wp-json\/wp\/v2\/users\/13"}],"replies":[{"embeddable":true,"href":"https:\/\/loopup.com\/us\/wp-json\/wp\/v2\/comments?post=119369"}],"version-history":[{"count":1,"href":"https:\/\/loopup.com\/us\/wp-json\/wp\/v2\/pages\/119369\/revisions"}],"predecessor-version":[{"id":120054,"href":"https:\/\/loopup.com\/us\/wp-json\/wp\/v2\/pages\/119369\/revisions\/120054"}],"wp:attachment":[{"href":"https:\/\/loopup.com\/us\/wp-json\/wp\/v2\/media?parent=119369"}],"curies":[{"name":"wp","href":"https:\/\/api.w.org\/{rel}","templated":true}]}}