{"id":123784,"date":"2026-02-23T13:51:22","date_gmt":"2026-02-23T13:51:22","guid":{"rendered":"https:\/\/loopup.com\/coverage-2026\/"},"modified":"2026-03-03T10:58:31","modified_gmt":"2026-03-03T10:58:31","slug":"coverage","status":"publish","type":"page","link":"https:\/\/loopup.com\/es\/coverage\/","title":{"rendered":"Cobertur"},"content":{"rendered":"\n<h1>Un proveedor para todas sus necesidades de comunicaci\u00f3n en la nube en todo el mundo<\/h1>\n<h2>Cumplimos todos los requisitos para la sustituci\u00f3n de RTPC en 136 pa\u00edses (incluyendo China e India) y tenemos soluciones flexibles en el resto del mundo, lo que nos permite ofrecer Microsoft Teams Calling basado en la nube en m\u00e1s lugares que ning\u00fan otro proveedor.<\/h2>\n","protected":false},"excerpt":{"rendered":"<p>Un proveedor para todas sus necesidades de comunicaci\u00f3n en la nube en todo el mundo Cumplimos todos los requisitos para la sustituci\u00f3n de RTPC en 136 pa\u00edses (incluyendo China e&#8230;<\/p>\n","protected":false},"author":13,"featured_media":0,"parent":0,"menu_order":0,"comment_status":"closed","ping_status":"closed","template":"templates\/coverage-2026.php","meta":{"_acf_changed":false,"footnotes":""},"class_list":["post-123784","page","type-page","status-publish","hentry"],"acf":[],"yoast_head":"<!-- This site is optimized with the Yoast SEO Premium plugin v25.2 (Yoast SEO v25.2) - https:\/\/yoast.com\/wordpress\/plugins\/seo\/ -->\n<title>Un \u00fanico proveedor para todas tus necesidades de comunicaciones globales en la nube | Llamadas de Microsoft Teams basadas en la nube | LoopUp<\/title>\n<meta name=\"description\" content=\"Con un reemplazo PSTN totalmente compatible en 136 pa\u00edses (incluidos China e India) y soluciones flexibles en otros lugares, ofrecemos llamadas de Microsoft Teams basadas en la nube en m\u00e1s lugares que cualquier otro proveedor.\" \/>\n<meta name=\"robots\" content=\"index, follow, max-snippet:-1, max-image-preview:large, max-video-preview:-1\" \/>\n<link rel=\"canonical\" href=\"https:\/\/loopup.com\/es\/coverage\/\" \/>\n<meta property=\"og:locale\" content=\"en_US\" \/>\n<meta property=\"og:type\" content=\"article\" \/>\n<meta property=\"og:title\" content=\"Cobertur\" \/>\n<meta property=\"og:description\" content=\"Con un reemplazo PSTN totalmente compatible en 136 pa\u00edses (incluidos China e India) y soluciones flexibles en otros lugares, ofrecemos llamadas de Microsoft Teams basadas en la nube en m\u00e1s lugares que cualquier otro proveedor.\" \/>\n<meta property=\"og:url\" content=\"https:\/\/loopup.com\/es\/coverage\/\" \/>\n<meta property=\"og:site_name\" content=\"LoopUp\" \/>\n<meta property=\"article:publisher\" content=\"https:\/\/www.facebook.com\/LoopUp\" \/>\n<meta property=\"article:modified_time\" content=\"2026-03-03T10:58:31+00:00\" \/>\n<meta name=\"twitter:card\" content=\"summary_large_image\" \/>\n<meta name=\"twitter:site\" content=\"@LoopUp\" \/>\n<meta name=\"twitter:label1\" content=\"Est. reading time\" \/>\n\t<meta name=\"twitter:data1\" content=\"1 minute\" \/>\n<script type=\"application\/ld+json\" class=\"yoast-schema-graph\">{\"@context\":\"https:\/\/schema.org\",\"@graph\":[{\"@type\":\"WebPage\",\"@id\":\"https:\/\/loopup.com\/es\/coverage\/\",\"url\":\"https:\/\/loopup.com\/es\/coverage\/\",\"name\":\"Un \u00fanico proveedor para todas tus necesidades de comunicaciones globales en la nube | Llamadas de Microsoft Teams basadas en la nube | LoopUp\",\"isPartOf\":{\"@id\":\"https:\/\/loopup.com\/us\/#website\"},\"datePublished\":\"2026-02-23T13:51:22+00:00\",\"dateModified\":\"2026-03-03T10:58:31+00:00\",\"description\":\"Con un reemplazo PSTN totalmente compatible en 136 pa\u00edses (incluidos China e India) y soluciones flexibles en otros lugares, ofrecemos llamadas de Microsoft Teams basadas en la nube en m\u00e1s lugares que cualquier otro proveedor.\",\"breadcrumb\":{\"@id\":\"https:\/\/loopup.com\/es\/coverage\/#breadcrumb\"},\"inLanguage\":\"en-US\",\"potentialAction\":[{\"@type\":\"ReadAction\",\"target\":[\"https:\/\/loopup.com\/es\/coverage\/\"]}]},{\"@type\":\"BreadcrumbList\",\"@id\":\"https:\/\/loopup.com\/es\/coverage\/#breadcrumb\",\"itemListElement\":[{\"@type\":\"ListItem\",\"position\":1,\"name\":\"Home\",\"item\":\"https:\/\/loopup.com\/us\/\"},{\"@type\":\"ListItem\",\"position\":2,\"name\":\"Cobertur\"}]},{\"@type\":\"WebSite\",\"@id\":\"https:\/\/loopup.com\/us\/#website\",\"url\":\"https:\/\/loopup.com\/us\/\",\"name\":\"LoopUp\",\"description\":\"Simplify your world, Consolidate your multinational Teams telephony globally.\",\"publisher\":{\"@id\":\"https:\/\/loopup.com\/us\/#organization\"},\"potentialAction\":[{\"@type\":\"SearchAction\",\"target\":{\"@type\":\"EntryPoint\",\"urlTemplate\":\"https:\/\/loopup.com\/us\/?s={search_term_string}\"},\"query-input\":{\"@type\":\"PropertyValueSpecification\",\"valueRequired\":true,\"valueName\":\"search_term_string\"}}],\"inLanguage\":\"en-US\"},{\"@type\":\"Organization\",\"@id\":\"https:\/\/loopup.com\/us\/#organization\",\"name\":\"LoopUp\",\"url\":\"https:\/\/loopup.com\/us\/\",\"logo\":{\"@type\":\"ImageObject\",\"inLanguage\":\"en-US\",\"@id\":\"https:\/\/loopup.com\/us\/#\/schema\/logo\/image\/\",\"url\":\"https:\/\/loopup.com\/app\/uploads\/2016\/08\/Coloured_Logo_White_Background_200x200.png\",\"contentUrl\":\"https:\/\/loopup.com\/app\/uploads\/2016\/08\/Coloured_Logo_White_Background_200x200.png\",\"width\":200,\"height\":200,\"caption\":\"LoopUp\"},\"image\":{\"@id\":\"https:\/\/loopup.com\/us\/#\/schema\/logo\/image\/\"},\"sameAs\":[\"https:\/\/www.facebook.com\/LoopUp\",\"https:\/\/x.com\/LoopUp\"]}]}<\/script>\n<!-- \/ Yoast SEO Premium plugin. -->","yoast_head_json":{"title":"Un \u00fanico proveedor para todas tus necesidades de comunicaciones globales en la nube | Llamadas de Microsoft Teams basadas en la nube | LoopUp","description":"Con un reemplazo PSTN totalmente compatible en 136 pa\u00edses (incluidos China e India) y soluciones flexibles en otros lugares, ofrecemos llamadas de Microsoft Teams basadas en la nube en m\u00e1s lugares que cualquier otro proveedor.","robots":{"index":"index","follow":"follow","max-snippet":"max-snippet:-1","max-image-preview":"max-image-preview:large","max-video-preview":"max-video-preview:-1"},"canonical":"https:\/\/loopup.com\/es\/coverage\/","og_locale":"en_US","og_type":"article","og_title":"Cobertur","og_description":"Con un reemplazo PSTN totalmente compatible en 136 pa\u00edses (incluidos China e India) y soluciones flexibles en otros lugares, ofrecemos llamadas de Microsoft Teams basadas en la nube en m\u00e1s lugares que cualquier otro proveedor.","og_url":"https:\/\/loopup.com\/es\/coverage\/","og_site_name":"LoopUp","article_publisher":"https:\/\/www.facebook.com\/LoopUp","article_modified_time":"2026-03-03T10:58:31+00:00","twitter_card":"summary_large_image","twitter_site":"@LoopUp","twitter_misc":{"Est. reading time":"1 minute"},"schema":{"@context":"https:\/\/schema.org","@graph":[{"@type":"WebPage","@id":"https:\/\/loopup.com\/es\/coverage\/","url":"https:\/\/loopup.com\/es\/coverage\/","name":"Un \u00fanico proveedor para todas tus necesidades de comunicaciones globales en la nube | Llamadas de Microsoft Teams basadas en la nube | LoopUp","isPartOf":{"@id":"https:\/\/loopup.com\/us\/#website"},"datePublished":"2026-02-23T13:51:22+00:00","dateModified":"2026-03-03T10:58:31+00:00","description":"Con un reemplazo PSTN totalmente compatible en 136 pa\u00edses (incluidos China e India) y soluciones flexibles en otros lugares, ofrecemos llamadas de Microsoft Teams basadas en la nube en m\u00e1s lugares que cualquier otro proveedor.","breadcrumb":{"@id":"https:\/\/loopup.com\/es\/coverage\/#breadcrumb"},"inLanguage":"en-US","potentialAction":[{"@type":"ReadAction","target":["https:\/\/loopup.com\/es\/coverage\/"]}]},{"@type":"BreadcrumbList","@id":"https:\/\/loopup.com\/es\/coverage\/#breadcrumb","itemListElement":[{"@type":"ListItem","position":1,"name":"Home","item":"https:\/\/loopup.com\/us\/"},{"@type":"ListItem","position":2,"name":"Cobertur"}]},{"@type":"WebSite","@id":"https:\/\/loopup.com\/us\/#website","url":"https:\/\/loopup.com\/us\/","name":"LoopUp","description":"Simplify your world, Consolidate your multinational Teams telephony globally.","publisher":{"@id":"https:\/\/loopup.com\/us\/#organization"},"potentialAction":[{"@type":"SearchAction","target":{"@type":"EntryPoint","urlTemplate":"https:\/\/loopup.com\/us\/?s={search_term_string}"},"query-input":{"@type":"PropertyValueSpecification","valueRequired":true,"valueName":"search_term_string"}}],"inLanguage":"en-US"},{"@type":"Organization","@id":"https:\/\/loopup.com\/us\/#organization","name":"LoopUp","url":"https:\/\/loopup.com\/us\/","logo":{"@type":"ImageObject","inLanguage":"en-US","@id":"https:\/\/loopup.com\/us\/#\/schema\/logo\/image\/","url":"https:\/\/loopup.com\/app\/uploads\/2016\/08\/Coloured_Logo_White_Background_200x200.png","contentUrl":"https:\/\/loopup.com\/app\/uploads\/2016\/08\/Coloured_Logo_White_Background_200x200.png","width":200,"height":200,"caption":"LoopUp"},"image":{"@id":"https:\/\/loopup.com\/us\/#\/schema\/logo\/image\/"},"sameAs":["https:\/\/www.facebook.com\/LoopUp","https:\/\/x.com\/LoopUp"]}]}},"_links":{"self":[{"href":"https:\/\/loopup.com\/us\/wp-json\/wp\/v2\/pages\/123784","targetHints":{"allow":["GET"]}}],"collection":[{"href":"https:\/\/loopup.com\/us\/wp-json\/wp\/v2\/pages"}],"about":[{"href":"https:\/\/loopup.com\/us\/wp-json\/wp\/v2\/types\/page"}],"author":[{"embeddable":true,"href":"https:\/\/loopup.com\/us\/wp-json\/wp\/v2\/users\/13"}],"replies":[{"embeddable":true,"href":"https:\/\/loopup.com\/us\/wp-json\/wp\/v2\/comments?post=123784"}],"version-history":[{"count":5,"href":"https:\/\/loopup.com\/us\/wp-json\/wp\/v2\/pages\/123784\/revisions"}],"predecessor-version":[{"id":123836,"href":"https:\/\/loopup.com\/us\/wp-json\/wp\/v2\/pages\/123784\/revisions\/123836"}],"wp:attachment":[{"href":"https:\/\/loopup.com\/us\/wp-json\/wp\/v2\/media?parent=123784"}],"curies":[{"name":"wp","href":"https:\/\/api.w.org\/{rel}","templated":true}]}}