{"id":59549,"date":"2020-04-14T17:32:29","date_gmt":"2020-04-14T16:32:29","guid":{"rendered":"https:\/\/loopup.com\/already-have-an-account\/"},"modified":"2021-01-21T18:11:32","modified_gmt":"2021-01-21T18:11:32","slug":"already-have-an-account","status":"publish","type":"page","link":"https:\/\/loopup.com\/es\/already-have-an-account\/","title":{"rendered":"Parece que ya tienes una cuenta con nosotros."},"content":{"rendered":"\n<h3 style=\"text-align: center;\"><a style=\"color: #76b246;\" href=\"https:\/\/account.loopup.com\">Inicie sesi\u00f3n<\/a> o <a style=\"color: #76b246;\" class=\"reset-password\">restablezca su contrase\u00f1a<\/a> ahora.<\/h3>\n<p style=\"text-align: center;\">Si necesita ayuda, comun\u00edquese con <a href=\"http:\/\/loopup.com\/support\/contact-support\">el soporte<\/a>.<\/p><script> \n\nvar resetUrl = sessionStorage.getItem(\"emailVal\");\n    if (resetUrl == null){\n        resetUrl = \"https:\/\/account.loopup.com\/forgot-password\";\n    }\n    else {\n     resetUrl = \"https:\/\/account.loopup.com\/forgot-password?email=\"+resetUrl;\n    }\n$('.reset-password').attr('href' , resetUrl);\nsessionStorage.clear();\n\n<\/script>\n\n\n\n<p><\/p>\n","protected":false},"excerpt":{"rendered":"<p>Inicie sesi\u00f3n o restablezca su contrase\u00f1a ahora. Si necesita ayuda, comun\u00edquese con el soporte.<\/p>\n","protected":false},"author":13,"featured_media":0,"parent":0,"menu_order":0,"comment_status":"closed","ping_status":"closed","template":"","meta":{"_acf_changed":false,"footnotes":""},"class_list":["post-59549","page","type-page","status-publish","hentry"],"acf":[],"yoast_head":"<!-- This site is optimized with the Yoast SEO Premium plugin v25.2 (Yoast SEO v25.2) - https:\/\/yoast.com\/wordpress\/plugins\/seo\/ -->\n<title>Parece que ya tienes una cuenta con nosotros. | LoopUp<\/title>\n<meta name=\"robots\" content=\"index, follow, max-snippet:-1, max-image-preview:large, max-video-preview:-1\" \/>\n<link rel=\"canonical\" href=\"https:\/\/loopup.com\/us\/already-have-an-account\/\" \/>\n<meta property=\"og:locale\" content=\"en_US\" \/>\n<meta property=\"og:type\" content=\"article\" \/>\n<meta property=\"og:title\" content=\"Parece que ya tienes una cuenta con nosotros.\" \/>\n<meta property=\"og:description\" content=\"Inicie sesi\u00f3n o restablezca su contrase\u00f1a ahora. Si necesita ayuda, comun\u00edquese con el soporte.\" \/>\n<meta property=\"og:url\" content=\"https:\/\/loopup.com\/us\/already-have-an-account\/\" \/>\n<meta property=\"og:site_name\" content=\"LoopUp\" \/>\n<meta property=\"article:publisher\" content=\"https:\/\/www.facebook.com\/LoopUp\" \/>\n<meta property=\"article:modified_time\" content=\"2021-01-21T18:11:32+00:00\" \/>\n<meta name=\"twitter:card\" content=\"summary_large_image\" \/>\n<meta name=\"twitter:site\" content=\"@LoopUp\" \/>\n<script type=\"application\/ld+json\" class=\"yoast-schema-graph\">{\"@context\":\"https:\/\/schema.org\",\"@graph\":[{\"@type\":\"WebPage\",\"@id\":\"https:\/\/loopup.com\/us\/already-have-an-account\/\",\"url\":\"https:\/\/loopup.com\/us\/already-have-an-account\/\",\"name\":\"Parece que ya tienes una cuenta con nosotros. | LoopUp\",\"isPartOf\":{\"@id\":\"https:\/\/loopup.com\/us\/#website\"},\"datePublished\":\"2020-04-14T16:32:29+00:00\",\"dateModified\":\"2021-01-21T18:11:32+00:00\",\"breadcrumb\":{\"@id\":\"https:\/\/loopup.com\/us\/already-have-an-account\/#breadcrumb\"},\"inLanguage\":\"en-US\",\"potentialAction\":[{\"@type\":\"ReadAction\",\"target\":[\"https:\/\/loopup.com\/us\/already-have-an-account\/\"]}]},{\"@type\":\"BreadcrumbList\",\"@id\":\"https:\/\/loopup.com\/us\/already-have-an-account\/#breadcrumb\",\"itemListElement\":[{\"@type\":\"ListItem\",\"position\":1,\"name\":\"Home\",\"item\":\"https:\/\/loopup.com\/us\/\"},{\"@type\":\"ListItem\",\"position\":2,\"name\":\"Parece que ya tienes una cuenta con nosotros.\"}]},{\"@type\":\"WebSite\",\"@id\":\"https:\/\/loopup.com\/us\/#website\",\"url\":\"https:\/\/loopup.com\/us\/\",\"name\":\"LoopUp\",\"description\":\"Simplify your world, Consolidate your multinational Teams telephony globally.\",\"publisher\":{\"@id\":\"https:\/\/loopup.com\/us\/#organization\"},\"potentialAction\":[{\"@type\":\"SearchAction\",\"target\":{\"@type\":\"EntryPoint\",\"urlTemplate\":\"https:\/\/loopup.com\/us\/?s={search_term_string}\"},\"query-input\":{\"@type\":\"PropertyValueSpecification\",\"valueRequired\":true,\"valueName\":\"search_term_string\"}}],\"inLanguage\":\"en-US\"},{\"@type\":\"Organization\",\"@id\":\"https:\/\/loopup.com\/us\/#organization\",\"name\":\"LoopUp\",\"url\":\"https:\/\/loopup.com\/us\/\",\"logo\":{\"@type\":\"ImageObject\",\"inLanguage\":\"en-US\",\"@id\":\"https:\/\/loopup.com\/us\/#\/schema\/logo\/image\/\",\"url\":\"https:\/\/loopup.com\/app\/uploads\/2016\/08\/Coloured_Logo_White_Background_200x200.png\",\"contentUrl\":\"https:\/\/loopup.com\/app\/uploads\/2016\/08\/Coloured_Logo_White_Background_200x200.png\",\"width\":200,\"height\":200,\"caption\":\"LoopUp\"},\"image\":{\"@id\":\"https:\/\/loopup.com\/us\/#\/schema\/logo\/image\/\"},\"sameAs\":[\"https:\/\/www.facebook.com\/LoopUp\",\"https:\/\/x.com\/LoopUp\"]}]}<\/script>\n<!-- \/ Yoast SEO Premium plugin. -->","yoast_head_json":{"title":"Parece que ya tienes una cuenta con nosotros. | LoopUp","robots":{"index":"index","follow":"follow","max-snippet":"max-snippet:-1","max-image-preview":"max-image-preview:large","max-video-preview":"max-video-preview:-1"},"canonical":"https:\/\/loopup.com\/us\/already-have-an-account\/","og_locale":"en_US","og_type":"article","og_title":"Parece que ya tienes una cuenta con nosotros.","og_description":"Inicie sesi\u00f3n o restablezca su contrase\u00f1a ahora. Si necesita ayuda, comun\u00edquese con el soporte.","og_url":"https:\/\/loopup.com\/us\/already-have-an-account\/","og_site_name":"LoopUp","article_publisher":"https:\/\/www.facebook.com\/LoopUp","article_modified_time":"2021-01-21T18:11:32+00:00","twitter_card":"summary_large_image","twitter_site":"@LoopUp","schema":{"@context":"https:\/\/schema.org","@graph":[{"@type":"WebPage","@id":"https:\/\/loopup.com\/us\/already-have-an-account\/","url":"https:\/\/loopup.com\/us\/already-have-an-account\/","name":"Parece que ya tienes una cuenta con nosotros. | LoopUp","isPartOf":{"@id":"https:\/\/loopup.com\/us\/#website"},"datePublished":"2020-04-14T16:32:29+00:00","dateModified":"2021-01-21T18:11:32+00:00","breadcrumb":{"@id":"https:\/\/loopup.com\/us\/already-have-an-account\/#breadcrumb"},"inLanguage":"en-US","potentialAction":[{"@type":"ReadAction","target":["https:\/\/loopup.com\/us\/already-have-an-account\/"]}]},{"@type":"BreadcrumbList","@id":"https:\/\/loopup.com\/us\/already-have-an-account\/#breadcrumb","itemListElement":[{"@type":"ListItem","position":1,"name":"Home","item":"https:\/\/loopup.com\/us\/"},{"@type":"ListItem","position":2,"name":"Parece que ya tienes una cuenta con nosotros."}]},{"@type":"WebSite","@id":"https:\/\/loopup.com\/us\/#website","url":"https:\/\/loopup.com\/us\/","name":"LoopUp","description":"Simplify your world, Consolidate your multinational Teams telephony globally.","publisher":{"@id":"https:\/\/loopup.com\/us\/#organization"},"potentialAction":[{"@type":"SearchAction","target":{"@type":"EntryPoint","urlTemplate":"https:\/\/loopup.com\/us\/?s={search_term_string}"},"query-input":{"@type":"PropertyValueSpecification","valueRequired":true,"valueName":"search_term_string"}}],"inLanguage":"en-US"},{"@type":"Organization","@id":"https:\/\/loopup.com\/us\/#organization","name":"LoopUp","url":"https:\/\/loopup.com\/us\/","logo":{"@type":"ImageObject","inLanguage":"en-US","@id":"https:\/\/loopup.com\/us\/#\/schema\/logo\/image\/","url":"https:\/\/loopup.com\/app\/uploads\/2016\/08\/Coloured_Logo_White_Background_200x200.png","contentUrl":"https:\/\/loopup.com\/app\/uploads\/2016\/08\/Coloured_Logo_White_Background_200x200.png","width":200,"height":200,"caption":"LoopUp"},"image":{"@id":"https:\/\/loopup.com\/us\/#\/schema\/logo\/image\/"},"sameAs":["https:\/\/www.facebook.com\/LoopUp","https:\/\/x.com\/LoopUp"]}]}},"_links":{"self":[{"href":"https:\/\/loopup.com\/us\/wp-json\/wp\/v2\/pages\/59549","targetHints":{"allow":["GET"]}}],"collection":[{"href":"https:\/\/loopup.com\/us\/wp-json\/wp\/v2\/pages"}],"about":[{"href":"https:\/\/loopup.com\/us\/wp-json\/wp\/v2\/types\/page"}],"author":[{"embeddable":true,"href":"https:\/\/loopup.com\/us\/wp-json\/wp\/v2\/users\/13"}],"replies":[{"embeddable":true,"href":"https:\/\/loopup.com\/us\/wp-json\/wp\/v2\/comments?post=59549"}],"version-history":[{"count":0,"href":"https:\/\/loopup.com\/us\/wp-json\/wp\/v2\/pages\/59549\/revisions"}],"wp:attachment":[{"href":"https:\/\/loopup.com\/us\/wp-json\/wp\/v2\/media?parent=59549"}],"curies":[{"name":"wp","href":"https:\/\/api.w.org\/{rel}","templated":true}]}}