{"id":63862,"date":"2020-06-05T10:13:53","date_gmt":"2020-06-05T09:13:53","guid":{"rendered":"https:\/\/loopup.com\/?page_id=63862"},"modified":"2020-06-05T10:22:08","modified_gmt":"2020-06-05T09:22:08","slug":"reuniones-en-linea","status":"publish","type":"page","link":"https:\/\/loopup.com\/es\/reuniones-en-linea\/","title":{"rendered":"Reuniones en l\u00ednea PPC Page"},"content":{"rendered":"\n<h1>Las reuniones en l\u00ednea de tu empresa son muy importantes. Aprovecha todo su potencial.<\/h1><h3>Experimente LoopUp con una PRUEBA GRATUITA de 30 d\u00edas &#8211; no se requiere tarjeta de cr\u00e9dito.<\/h3>\n","protected":false},"excerpt":{"rendered":"<p>Las reuniones en l\u00ednea de tu empresa son muy importantes. Aprovecha todo su potencial. Experimente LoopUp con una PRUEBA GRATUITA de 30 d\u00edas &#8211; no se requiere tarjeta de cr\u00e9dito.<\/p>\n","protected":false},"author":43,"featured_media":0,"parent":0,"menu_order":0,"comment_status":"closed","ping_status":"closed","template":"templates\/landing-page-ppc-oft.php","meta":{"_acf_changed":false,"footnotes":""},"class_list":["post-63862","page","type-page","status-publish","hentry"],"acf":[],"yoast_head":"<!-- This site is optimized with the Yoast SEO Premium plugin v25.2 (Yoast SEO v25.2) - https:\/\/yoast.com\/wordpress\/plugins\/seo\/ -->\n<title>Conoce LoopUp | Reuniones en l\u00ednea<\/title>\n<meta name=\"robots\" content=\"noindex, nofollow\" \/>\n<meta property=\"og:locale\" content=\"en_US\" \/>\n<meta property=\"og:type\" content=\"article\" \/>\n<meta property=\"og:title\" content=\"Reuniones en l\u00ednea PPC Page\" \/>\n<meta property=\"og:description\" content=\"Las reuniones en l\u00ednea de tu empresa son muy importantes. Aprovecha todo su potencial. Experimente LoopUp con una PRUEBA GRATUITA de 30 d\u00edas &#8211; no se requiere tarjeta de cr\u00e9dito.\" \/>\n<meta property=\"og:url\" content=\"https:\/\/loopup.com\/es\/reuniones-en-linea\/\" \/>\n<meta property=\"og:site_name\" content=\"LoopUp\" \/>\n<meta property=\"article:publisher\" content=\"https:\/\/www.facebook.com\/LoopUp\" \/>\n<meta property=\"article:modified_time\" content=\"2020-06-05T09:22:08+00:00\" \/>\n<meta name=\"twitter:card\" content=\"summary_large_image\" \/>\n<meta name=\"twitter:site\" content=\"@LoopUp\" \/>\n<script type=\"application\/ld+json\" class=\"yoast-schema-graph\">{\"@context\":\"https:\/\/schema.org\",\"@graph\":[{\"@type\":\"WebPage\",\"@id\":\"https:\/\/loopup.com\/es\/reuniones-en-linea\/\",\"url\":\"https:\/\/loopup.com\/es\/reuniones-en-linea\/\",\"name\":\"Conoce LoopUp | Reuniones en l\u00ednea\",\"isPartOf\":{\"@id\":\"https:\/\/loopup.com\/us\/#website\"},\"datePublished\":\"2020-06-05T09:13:53+00:00\",\"dateModified\":\"2020-06-05T09:22:08+00:00\",\"breadcrumb\":{\"@id\":\"https:\/\/loopup.com\/es\/reuniones-en-linea\/#breadcrumb\"},\"inLanguage\":\"en-US\",\"potentialAction\":[{\"@type\":\"ReadAction\",\"target\":[\"https:\/\/loopup.com\/es\/reuniones-en-linea\/\"]}]},{\"@type\":\"BreadcrumbList\",\"@id\":\"https:\/\/loopup.com\/es\/reuniones-en-linea\/#breadcrumb\",\"itemListElement\":[{\"@type\":\"ListItem\",\"position\":1,\"name\":\"Home\",\"item\":\"https:\/\/loopup.com\/us\/\"},{\"@type\":\"ListItem\",\"position\":2,\"name\":\"Reuniones en l\u00ednea PPC Page\"}]},{\"@type\":\"WebSite\",\"@id\":\"https:\/\/loopup.com\/us\/#website\",\"url\":\"https:\/\/loopup.com\/us\/\",\"name\":\"LoopUp\",\"description\":\"Simplify your world, Consolidate your multinational Teams telephony globally.\",\"publisher\":{\"@id\":\"https:\/\/loopup.com\/us\/#organization\"},\"potentialAction\":[{\"@type\":\"SearchAction\",\"target\":{\"@type\":\"EntryPoint\",\"urlTemplate\":\"https:\/\/loopup.com\/us\/?s={search_term_string}\"},\"query-input\":{\"@type\":\"PropertyValueSpecification\",\"valueRequired\":true,\"valueName\":\"search_term_string\"}}],\"inLanguage\":\"en-US\"},{\"@type\":\"Organization\",\"@id\":\"https:\/\/loopup.com\/us\/#organization\",\"name\":\"LoopUp\",\"url\":\"https:\/\/loopup.com\/us\/\",\"logo\":{\"@type\":\"ImageObject\",\"inLanguage\":\"en-US\",\"@id\":\"https:\/\/loopup.com\/us\/#\/schema\/logo\/image\/\",\"url\":\"https:\/\/loopup.com\/app\/uploads\/2016\/08\/Coloured_Logo_White_Background_200x200.png\",\"contentUrl\":\"https:\/\/loopup.com\/app\/uploads\/2016\/08\/Coloured_Logo_White_Background_200x200.png\",\"width\":200,\"height\":200,\"caption\":\"LoopUp\"},\"image\":{\"@id\":\"https:\/\/loopup.com\/us\/#\/schema\/logo\/image\/\"},\"sameAs\":[\"https:\/\/www.facebook.com\/LoopUp\",\"https:\/\/x.com\/LoopUp\"]}]}<\/script>\n<!-- \/ Yoast SEO Premium plugin. -->","yoast_head_json":{"title":"Conoce LoopUp | Reuniones en l\u00ednea","robots":{"index":"noindex","follow":"nofollow"},"og_locale":"en_US","og_type":"article","og_title":"Reuniones en l\u00ednea PPC Page","og_description":"Las reuniones en l\u00ednea de tu empresa son muy importantes. Aprovecha todo su potencial. Experimente LoopUp con una PRUEBA GRATUITA de 30 d\u00edas &#8211; no se requiere tarjeta de cr\u00e9dito.","og_url":"https:\/\/loopup.com\/es\/reuniones-en-linea\/","og_site_name":"LoopUp","article_publisher":"https:\/\/www.facebook.com\/LoopUp","article_modified_time":"2020-06-05T09:22:08+00:00","twitter_card":"summary_large_image","twitter_site":"@LoopUp","schema":{"@context":"https:\/\/schema.org","@graph":[{"@type":"WebPage","@id":"https:\/\/loopup.com\/es\/reuniones-en-linea\/","url":"https:\/\/loopup.com\/es\/reuniones-en-linea\/","name":"Conoce LoopUp | Reuniones en l\u00ednea","isPartOf":{"@id":"https:\/\/loopup.com\/us\/#website"},"datePublished":"2020-06-05T09:13:53+00:00","dateModified":"2020-06-05T09:22:08+00:00","breadcrumb":{"@id":"https:\/\/loopup.com\/es\/reuniones-en-linea\/#breadcrumb"},"inLanguage":"en-US","potentialAction":[{"@type":"ReadAction","target":["https:\/\/loopup.com\/es\/reuniones-en-linea\/"]}]},{"@type":"BreadcrumbList","@id":"https:\/\/loopup.com\/es\/reuniones-en-linea\/#breadcrumb","itemListElement":[{"@type":"ListItem","position":1,"name":"Home","item":"https:\/\/loopup.com\/us\/"},{"@type":"ListItem","position":2,"name":"Reuniones en l\u00ednea PPC Page"}]},{"@type":"WebSite","@id":"https:\/\/loopup.com\/us\/#website","url":"https:\/\/loopup.com\/us\/","name":"LoopUp","description":"Simplify your world, Consolidate your multinational Teams telephony globally.","publisher":{"@id":"https:\/\/loopup.com\/us\/#organization"},"potentialAction":[{"@type":"SearchAction","target":{"@type":"EntryPoint","urlTemplate":"https:\/\/loopup.com\/us\/?s={search_term_string}"},"query-input":{"@type":"PropertyValueSpecification","valueRequired":true,"valueName":"search_term_string"}}],"inLanguage":"en-US"},{"@type":"Organization","@id":"https:\/\/loopup.com\/us\/#organization","name":"LoopUp","url":"https:\/\/loopup.com\/us\/","logo":{"@type":"ImageObject","inLanguage":"en-US","@id":"https:\/\/loopup.com\/us\/#\/schema\/logo\/image\/","url":"https:\/\/loopup.com\/app\/uploads\/2016\/08\/Coloured_Logo_White_Background_200x200.png","contentUrl":"https:\/\/loopup.com\/app\/uploads\/2016\/08\/Coloured_Logo_White_Background_200x200.png","width":200,"height":200,"caption":"LoopUp"},"image":{"@id":"https:\/\/loopup.com\/us\/#\/schema\/logo\/image\/"},"sameAs":["https:\/\/www.facebook.com\/LoopUp","https:\/\/x.com\/LoopUp"]}]}},"_links":{"self":[{"href":"https:\/\/loopup.com\/us\/wp-json\/wp\/v2\/pages\/63862","targetHints":{"allow":["GET"]}}],"collection":[{"href":"https:\/\/loopup.com\/us\/wp-json\/wp\/v2\/pages"}],"about":[{"href":"https:\/\/loopup.com\/us\/wp-json\/wp\/v2\/types\/page"}],"author":[{"embeddable":true,"href":"https:\/\/loopup.com\/us\/wp-json\/wp\/v2\/users\/43"}],"replies":[{"embeddable":true,"href":"https:\/\/loopup.com\/us\/wp-json\/wp\/v2\/comments?post=63862"}],"version-history":[{"count":0,"href":"https:\/\/loopup.com\/us\/wp-json\/wp\/v2\/pages\/63862\/revisions"}],"wp:attachment":[{"href":"https:\/\/loopup.com\/us\/wp-json\/wp\/v2\/media?parent=63862"}],"curies":[{"name":"wp","href":"https:\/\/api.w.org\/{rel}","templated":true}]}}