{"id":66127,"date":"2020-07-09T09:45:12","date_gmt":"2020-07-09T08:45:12","guid":{"rendered":"https:\/\/loopup.com\/products\/meetings\/"},"modified":"2025-02-18T19:32:09","modified_gmt":"2025-02-18T19:32:09","slug":"reuniones-en-linea","status":"publish","type":"page","link":"https:\/\/loopup.com\/es\/soluciones\/reuniones-en-linea\/","title":{"rendered":"Reuniones en l\u00ednea"},"content":{"rendered":"\n<span class=\"small-heading\">REUNIONES EN L\u00cdNEA<\/span><h1>Una soluci\u00f3n para tus reuniones en l\u00ednea importantes<\/h1>\n<h2>Para reuniones en l\u00ednea con clientes o participantes externos importantes, necesitas tecnolog\u00eda que no te falle, simplemente no hay lugar para una mala experiencia. Las llamadas con LoopUp son de f\u00e1cil acceso para los invitados y el audio es absolutamente fiable.<br><br>LoopUp transforma tus reuniones en l\u00ednea, promoviendo el compromiso con el cliente e impulsando mejores resultados en tus llamadas. Est\u00e1 disponible como aplicaci\u00f3n de Microsoft Teams, o como una soluci\u00f3n independiente.<\/h2>\n","protected":false},"excerpt":{"rendered":"<p>REUNIONES EN L\u00cdNEA Una soluci\u00f3n para tus reuniones en l\u00ednea importantes Para reuniones en l\u00ednea con clientes o participantes externos importantes, necesitas tecnolog\u00eda que no te falle, simplemente no hay&#8230;<\/p>\n","protected":false},"author":13,"featured_media":0,"parent":66075,"menu_order":2,"comment_status":"closed","ping_status":"closed","template":"templates\/meetings.php","meta":{"_acf_changed":false,"footnotes":""},"class_list":["post-66127","page","type-page","status-publish","hentry"],"acf":[],"yoast_head":"<!-- This site is optimized with the Yoast SEO Premium plugin v25.2 (Yoast SEO v25.2) - https:\/\/yoast.com\/wordpress\/plugins\/seo\/ -->\n<title>Premium Audio, Video &amp; Web Conferencing | LoopUp<\/title>\n<meta name=\"description\" content=\"Reliable audio, a simple interface and one-click screen sharing and video allow you to collaborate effectively with clients and colleagues.\" \/>\n<meta name=\"robots\" content=\"index, follow, max-snippet:-1, max-image-preview:large, max-video-preview:-1\" \/>\n<link rel=\"canonical\" href=\"https:\/\/loopup.com\/es\/soluciones\/reuniones-en-linea\/\" \/>\n<meta property=\"og:locale\" content=\"en_US\" \/>\n<meta property=\"og:type\" content=\"article\" \/>\n<meta property=\"og:title\" content=\"Reuniones en l\u00ednea\" \/>\n<meta property=\"og:description\" content=\"Reliable audio, a simple interface and one-click screen sharing and video allow you to collaborate effectively with clients and colleagues.\" \/>\n<meta property=\"og:url\" content=\"https:\/\/loopup.com\/es\/soluciones\/reuniones-en-linea\/\" \/>\n<meta property=\"og:site_name\" content=\"LoopUp\" \/>\n<meta property=\"article:publisher\" content=\"https:\/\/www.facebook.com\/LoopUp\" \/>\n<meta property=\"article:modified_time\" content=\"2025-02-18T19:32:09+00:00\" \/>\n<meta name=\"twitter:card\" content=\"summary_large_image\" \/>\n<meta name=\"twitter:site\" content=\"@LoopUp\" \/>\n<meta name=\"twitter:label1\" content=\"Est. reading time\" \/>\n\t<meta name=\"twitter:data1\" content=\"1 minute\" \/>\n<script type=\"application\/ld+json\" class=\"yoast-schema-graph\">{\"@context\":\"https:\/\/schema.org\",\"@graph\":[{\"@type\":\"WebPage\",\"@id\":\"https:\/\/loopup.com\/es\/soluciones\/reuniones-en-linea\/\",\"url\":\"https:\/\/loopup.com\/es\/soluciones\/reuniones-en-linea\/\",\"name\":\"Premium Audio, Video & Web Conferencing | LoopUp\",\"isPartOf\":{\"@id\":\"https:\/\/loopup.com\/us\/#website\"},\"datePublished\":\"2020-07-09T08:45:12+00:00\",\"dateModified\":\"2025-02-18T19:32:09+00:00\",\"description\":\"Reliable audio, a simple interface and one-click screen sharing and video allow you to collaborate effectively with clients and colleagues.\",\"breadcrumb\":{\"@id\":\"https:\/\/loopup.com\/es\/soluciones\/reuniones-en-linea\/#breadcrumb\"},\"inLanguage\":\"en-US\",\"potentialAction\":[{\"@type\":\"ReadAction\",\"target\":[\"https:\/\/loopup.com\/es\/soluciones\/reuniones-en-linea\/\"]}]},{\"@type\":\"BreadcrumbList\",\"@id\":\"https:\/\/loopup.com\/es\/soluciones\/reuniones-en-linea\/#breadcrumb\",\"itemListElement\":[{\"@type\":\"ListItem\",\"position\":1,\"name\":\"Home\",\"item\":\"https:\/\/loopup.com\/us\/\"},{\"@type\":\"ListItem\",\"position\":2,\"name\":\"Solutions\",\"item\":\"https:\/\/loopup.com\/es\/soluciones\/\"},{\"@type\":\"ListItem\",\"position\":3,\"name\":\"Reuniones en l\u00ednea\"}]},{\"@type\":\"WebSite\",\"@id\":\"https:\/\/loopup.com\/us\/#website\",\"url\":\"https:\/\/loopup.com\/us\/\",\"name\":\"LoopUp\",\"description\":\"Simplify your world, Consolidate your multinational Teams telephony globally.\",\"publisher\":{\"@id\":\"https:\/\/loopup.com\/us\/#organization\"},\"potentialAction\":[{\"@type\":\"SearchAction\",\"target\":{\"@type\":\"EntryPoint\",\"urlTemplate\":\"https:\/\/loopup.com\/us\/?s={search_term_string}\"},\"query-input\":{\"@type\":\"PropertyValueSpecification\",\"valueRequired\":true,\"valueName\":\"search_term_string\"}}],\"inLanguage\":\"en-US\"},{\"@type\":\"Organization\",\"@id\":\"https:\/\/loopup.com\/us\/#organization\",\"name\":\"LoopUp\",\"url\":\"https:\/\/loopup.com\/us\/\",\"logo\":{\"@type\":\"ImageObject\",\"inLanguage\":\"en-US\",\"@id\":\"https:\/\/loopup.com\/us\/#\/schema\/logo\/image\/\",\"url\":\"https:\/\/loopup.com\/app\/uploads\/2016\/08\/Coloured_Logo_White_Background_200x200.png\",\"contentUrl\":\"https:\/\/loopup.com\/app\/uploads\/2016\/08\/Coloured_Logo_White_Background_200x200.png\",\"width\":200,\"height\":200,\"caption\":\"LoopUp\"},\"image\":{\"@id\":\"https:\/\/loopup.com\/us\/#\/schema\/logo\/image\/\"},\"sameAs\":[\"https:\/\/www.facebook.com\/LoopUp\",\"https:\/\/x.com\/LoopUp\"]}]}<\/script>\n<!-- \/ Yoast SEO Premium plugin. -->","yoast_head_json":{"title":"Premium Audio, Video & Web Conferencing | LoopUp","description":"Reliable audio, a simple interface and one-click screen sharing and video allow you to collaborate effectively with clients and colleagues.","robots":{"index":"index","follow":"follow","max-snippet":"max-snippet:-1","max-image-preview":"max-image-preview:large","max-video-preview":"max-video-preview:-1"},"canonical":"https:\/\/loopup.com\/es\/soluciones\/reuniones-en-linea\/","og_locale":"en_US","og_type":"article","og_title":"Reuniones en l\u00ednea","og_description":"Reliable audio, a simple interface and one-click screen sharing and video allow you to collaborate effectively with clients and colleagues.","og_url":"https:\/\/loopup.com\/es\/soluciones\/reuniones-en-linea\/","og_site_name":"LoopUp","article_publisher":"https:\/\/www.facebook.com\/LoopUp","article_modified_time":"2025-02-18T19:32:09+00:00","twitter_card":"summary_large_image","twitter_site":"@LoopUp","twitter_misc":{"Est. reading time":"1 minute"},"schema":{"@context":"https:\/\/schema.org","@graph":[{"@type":"WebPage","@id":"https:\/\/loopup.com\/es\/soluciones\/reuniones-en-linea\/","url":"https:\/\/loopup.com\/es\/soluciones\/reuniones-en-linea\/","name":"Premium Audio, Video & Web Conferencing | LoopUp","isPartOf":{"@id":"https:\/\/loopup.com\/us\/#website"},"datePublished":"2020-07-09T08:45:12+00:00","dateModified":"2025-02-18T19:32:09+00:00","description":"Reliable audio, a simple interface and one-click screen sharing and video allow you to collaborate effectively with clients and colleagues.","breadcrumb":{"@id":"https:\/\/loopup.com\/es\/soluciones\/reuniones-en-linea\/#breadcrumb"},"inLanguage":"en-US","potentialAction":[{"@type":"ReadAction","target":["https:\/\/loopup.com\/es\/soluciones\/reuniones-en-linea\/"]}]},{"@type":"BreadcrumbList","@id":"https:\/\/loopup.com\/es\/soluciones\/reuniones-en-linea\/#breadcrumb","itemListElement":[{"@type":"ListItem","position":1,"name":"Home","item":"https:\/\/loopup.com\/us\/"},{"@type":"ListItem","position":2,"name":"Solutions","item":"https:\/\/loopup.com\/es\/soluciones\/"},{"@type":"ListItem","position":3,"name":"Reuniones en l\u00ednea"}]},{"@type":"WebSite","@id":"https:\/\/loopup.com\/us\/#website","url":"https:\/\/loopup.com\/us\/","name":"LoopUp","description":"Simplify your world, Consolidate your multinational Teams telephony globally.","publisher":{"@id":"https:\/\/loopup.com\/us\/#organization"},"potentialAction":[{"@type":"SearchAction","target":{"@type":"EntryPoint","urlTemplate":"https:\/\/loopup.com\/us\/?s={search_term_string}"},"query-input":{"@type":"PropertyValueSpecification","valueRequired":true,"valueName":"search_term_string"}}],"inLanguage":"en-US"},{"@type":"Organization","@id":"https:\/\/loopup.com\/us\/#organization","name":"LoopUp","url":"https:\/\/loopup.com\/us\/","logo":{"@type":"ImageObject","inLanguage":"en-US","@id":"https:\/\/loopup.com\/us\/#\/schema\/logo\/image\/","url":"https:\/\/loopup.com\/app\/uploads\/2016\/08\/Coloured_Logo_White_Background_200x200.png","contentUrl":"https:\/\/loopup.com\/app\/uploads\/2016\/08\/Coloured_Logo_White_Background_200x200.png","width":200,"height":200,"caption":"LoopUp"},"image":{"@id":"https:\/\/loopup.com\/us\/#\/schema\/logo\/image\/"},"sameAs":["https:\/\/www.facebook.com\/LoopUp","https:\/\/x.com\/LoopUp"]}]}},"_links":{"self":[{"href":"https:\/\/loopup.com\/us\/wp-json\/wp\/v2\/pages\/66127","targetHints":{"allow":["GET"]}}],"collection":[{"href":"https:\/\/loopup.com\/us\/wp-json\/wp\/v2\/pages"}],"about":[{"href":"https:\/\/loopup.com\/us\/wp-json\/wp\/v2\/types\/page"}],"author":[{"embeddable":true,"href":"https:\/\/loopup.com\/us\/wp-json\/wp\/v2\/users\/13"}],"replies":[{"embeddable":true,"href":"https:\/\/loopup.com\/us\/wp-json\/wp\/v2\/comments?post=66127"}],"version-history":[{"count":0,"href":"https:\/\/loopup.com\/us\/wp-json\/wp\/v2\/pages\/66127\/revisions"}],"up":[{"embeddable":true,"href":"https:\/\/loopup.com\/us\/wp-json\/wp\/v2\/pages\/66075"}],"wp:attachment":[{"href":"https:\/\/loopup.com\/us\/wp-json\/wp\/v2\/media?parent=66127"}],"curies":[{"name":"wp","href":"https:\/\/api.w.org\/{rel}","templated":true}]}}