{"id":112213,"date":"2023-06-22T14:07:46","date_gmt":"2023-06-22T13:07:46","guid":{"rendered":"https:\/\/loopup.com\/homepage-2023\/"},"modified":"2025-04-29T11:50:12","modified_gmt":"2025-04-29T10:50:12","slug":"homepage","status":"publish","type":"page","link":"https:\/\/loopup.com\/fr\/homepage\/","title":{"rendered":"Homepage"},"content":{"rendered":"\n<h1>T\u00e9l\u00e9phonie Microsoft Teams <span>simplifi\u00e9<\/span><\/h1>\n<h2>Consolidez votre service de t\u00e9l\u00e9phonie Teams, \u00e0 l&#8217;\u00e9chelle mondiale. Lib\u00e9rez votre entreprise internationale\nde la multiplicit\u00e9 des fournisseurs r\u00e9gionaux. Engagez-vous avec un seul partenaire, qui s&#8217;occupera de vous partout.<\/h2>\n<p class=\"button-holder\"> <a class=\"btn green lrg\" href=\"https:\/\/loopup.com\/fr\/solutions\/cloud-telephony\/coverage\/\">V\u00e9rifier la couverture<\/a><\/p>\n","protected":false},"excerpt":{"rendered":"<p>T\u00e9l\u00e9phonie Microsoft Teams simplifi\u00e9 Consolidez votre service de t\u00e9l\u00e9phonie Teams, \u00e0 l&#8217;\u00e9chelle mondiale. Lib\u00e9rez votre entreprise internationale de la multiplicit\u00e9 des fournisseurs r\u00e9gionaux. Engagez-vous avec un seul partenaire, qui s&#8217;occupera&#8230;<\/p>\n","protected":false},"author":13,"featured_media":0,"parent":0,"menu_order":0,"comment_status":"closed","ping_status":"closed","template":"templates\/home-2023.php","meta":{"_acf_changed":false,"footnotes":""},"class_list":["post-112213","page","type-page","status-publish","hentry"],"acf":[],"yoast_head":"<!-- This site is optimized with the Yoast SEO Premium plugin v25.2 (Yoast SEO v25.2) - https:\/\/yoast.com\/wordpress\/plugins\/seo\/ -->\n<title>Global Microsoft Teams Cloud Telephony et leader mondial de la couverture globale du programme Operator Connect certifi\u00e9 par Microsoft.<\/title>\n<meta name=\"description\" content=\"LoopUp a pour vocation de fournir aux entreprises multinationales un fournisseur de t\u00e9l\u00e9phonie mondial unique, simplifiant et centralisant la gestion et l&#039;assistance en mati\u00e8re de t\u00e9l\u00e9phonie et permettant de r\u00e9aliser des \u00e9conomies d&#039;\u00e9chelle. LoopUp est le leader mondial de la couverture globale du programme Operator Connect certifi\u00e9 par Microsoft.\" \/>\n<meta name=\"robots\" content=\"index, follow, max-snippet:-1, max-image-preview:large, max-video-preview:-1\" \/>\n<link rel=\"canonical\" href=\"https:\/\/loopup.com\/fr\/\" \/>\n<meta property=\"og:locale\" content=\"en_US\" \/>\n<meta property=\"og:type\" content=\"article\" \/>\n<meta property=\"og:title\" content=\"Homepage\" \/>\n<meta property=\"og:description\" content=\"LoopUp a pour vocation de fournir aux entreprises multinationales un fournisseur de t\u00e9l\u00e9phonie mondial unique, simplifiant et centralisant la gestion et l&#039;assistance en mati\u00e8re de t\u00e9l\u00e9phonie et permettant de r\u00e9aliser des \u00e9conomies d&#039;\u00e9chelle. LoopUp est le leader mondial de la couverture globale du programme Operator Connect certifi\u00e9 par Microsoft.\" \/>\n<meta property=\"og:url\" content=\"https:\/\/loopup.com\/fr\/\" \/>\n<meta property=\"og:site_name\" content=\"LoopUp\" \/>\n<meta property=\"article:publisher\" content=\"https:\/\/www.facebook.com\/LoopUp\" \/>\n<meta property=\"article:modified_time\" content=\"2025-04-29T10:50:12+00:00\" \/>\n<meta name=\"twitter:card\" content=\"summary_large_image\" \/>\n<meta name=\"twitter:site\" content=\"@LoopUp\" \/>\n<meta name=\"twitter:label1\" content=\"Est. reading time\" \/>\n\t<meta name=\"twitter:data1\" content=\"1 minute\" \/>\n<script type=\"application\/ld+json\" class=\"yoast-schema-graph\">{\"@context\":\"https:\/\/schema.org\",\"@graph\":[{\"@type\":\"WebPage\",\"@id\":\"https:\/\/loopup.com\/fr\/\",\"url\":\"https:\/\/loopup.com\/fr\/\",\"name\":\"Global Microsoft Teams Cloud Telephony et leader mondial de la couverture globale du programme Operator Connect certifi\u00e9 par Microsoft.\",\"isPartOf\":{\"@id\":\"https:\/\/loopup.com\/us\/#website\"},\"datePublished\":\"2023-06-22T13:07:46+00:00\",\"dateModified\":\"2025-04-29T10:50:12+00:00\",\"description\":\"LoopUp a pour vocation de fournir aux entreprises multinationales un fournisseur de t\u00e9l\u00e9phonie mondial unique, simplifiant et centralisant la gestion et l'assistance en mati\u00e8re de t\u00e9l\u00e9phonie et permettant de r\u00e9aliser des \u00e9conomies d'\u00e9chelle. LoopUp est le leader mondial de la couverture globale du programme Operator Connect certifi\u00e9 par Microsoft.\",\"breadcrumb\":{\"@id\":\"https:\/\/loopup.com\/fr\/#breadcrumb\"},\"inLanguage\":\"en-US\",\"potentialAction\":[{\"@type\":\"ReadAction\",\"target\":[\"https:\/\/loopup.com\/fr\/\"]}]},{\"@type\":\"BreadcrumbList\",\"@id\":\"https:\/\/loopup.com\/fr\/#breadcrumb\",\"itemListElement\":[{\"@type\":\"ListItem\",\"position\":1,\"name\":\"Home\",\"item\":\"https:\/\/loopup.com\/us\/\"},{\"@type\":\"ListItem\",\"position\":2,\"name\":\"Homepage\"}]},{\"@type\":\"WebSite\",\"@id\":\"https:\/\/loopup.com\/us\/#website\",\"url\":\"https:\/\/loopup.com\/us\/\",\"name\":\"LoopUp\",\"description\":\"Simplify your world, Consolidate your multinational Teams telephony globally.\",\"publisher\":{\"@id\":\"https:\/\/loopup.com\/us\/#organization\"},\"potentialAction\":[{\"@type\":\"SearchAction\",\"target\":{\"@type\":\"EntryPoint\",\"urlTemplate\":\"https:\/\/loopup.com\/us\/?s={search_term_string}\"},\"query-input\":{\"@type\":\"PropertyValueSpecification\",\"valueRequired\":true,\"valueName\":\"search_term_string\"}}],\"inLanguage\":\"en-US\"},{\"@type\":\"Organization\",\"@id\":\"https:\/\/loopup.com\/us\/#organization\",\"name\":\"LoopUp\",\"url\":\"https:\/\/loopup.com\/us\/\",\"logo\":{\"@type\":\"ImageObject\",\"inLanguage\":\"en-US\",\"@id\":\"https:\/\/loopup.com\/us\/#\/schema\/logo\/image\/\",\"url\":\"https:\/\/loopup.com\/app\/uploads\/2016\/08\/Coloured_Logo_White_Background_200x200.png\",\"contentUrl\":\"https:\/\/loopup.com\/app\/uploads\/2016\/08\/Coloured_Logo_White_Background_200x200.png\",\"width\":200,\"height\":200,\"caption\":\"LoopUp\"},\"image\":{\"@id\":\"https:\/\/loopup.com\/us\/#\/schema\/logo\/image\/\"},\"sameAs\":[\"https:\/\/www.facebook.com\/LoopUp\",\"https:\/\/x.com\/LoopUp\"]}]}<\/script>\n<!-- \/ Yoast SEO Premium plugin. -->","yoast_head_json":{"title":"Global Microsoft Teams Cloud Telephony et leader mondial de la couverture globale du programme Operator Connect certifi\u00e9 par Microsoft.","description":"LoopUp a pour vocation de fournir aux entreprises multinationales un fournisseur de t\u00e9l\u00e9phonie mondial unique, simplifiant et centralisant la gestion et l'assistance en mati\u00e8re de t\u00e9l\u00e9phonie et permettant de r\u00e9aliser des \u00e9conomies d'\u00e9chelle. LoopUp est le leader mondial de la couverture globale du programme Operator Connect certifi\u00e9 par Microsoft.","robots":{"index":"index","follow":"follow","max-snippet":"max-snippet:-1","max-image-preview":"max-image-preview:large","max-video-preview":"max-video-preview:-1"},"canonical":"https:\/\/loopup.com\/fr\/","og_locale":"en_US","og_type":"article","og_title":"Homepage","og_description":"LoopUp a pour vocation de fournir aux entreprises multinationales un fournisseur de t\u00e9l\u00e9phonie mondial unique, simplifiant et centralisant la gestion et l'assistance en mati\u00e8re de t\u00e9l\u00e9phonie et permettant de r\u00e9aliser des \u00e9conomies d'\u00e9chelle. LoopUp est le leader mondial de la couverture globale du programme Operator Connect certifi\u00e9 par Microsoft.","og_url":"https:\/\/loopup.com\/fr\/","og_site_name":"LoopUp","article_publisher":"https:\/\/www.facebook.com\/LoopUp","article_modified_time":"2025-04-29T10:50:12+00:00","twitter_card":"summary_large_image","twitter_site":"@LoopUp","twitter_misc":{"Est. reading time":"1 minute"},"schema":{"@context":"https:\/\/schema.org","@graph":[{"@type":"WebPage","@id":"https:\/\/loopup.com\/fr\/","url":"https:\/\/loopup.com\/fr\/","name":"Global Microsoft Teams Cloud Telephony et leader mondial de la couverture globale du programme Operator Connect certifi\u00e9 par Microsoft.","isPartOf":{"@id":"https:\/\/loopup.com\/us\/#website"},"datePublished":"2023-06-22T13:07:46+00:00","dateModified":"2025-04-29T10:50:12+00:00","description":"LoopUp a pour vocation de fournir aux entreprises multinationales un fournisseur de t\u00e9l\u00e9phonie mondial unique, simplifiant et centralisant la gestion et l'assistance en mati\u00e8re de t\u00e9l\u00e9phonie et permettant de r\u00e9aliser des \u00e9conomies d'\u00e9chelle. LoopUp est le leader mondial de la couverture globale du programme Operator Connect certifi\u00e9 par Microsoft.","breadcrumb":{"@id":"https:\/\/loopup.com\/fr\/#breadcrumb"},"inLanguage":"en-US","potentialAction":[{"@type":"ReadAction","target":["https:\/\/loopup.com\/fr\/"]}]},{"@type":"BreadcrumbList","@id":"https:\/\/loopup.com\/fr\/#breadcrumb","itemListElement":[{"@type":"ListItem","position":1,"name":"Home","item":"https:\/\/loopup.com\/us\/"},{"@type":"ListItem","position":2,"name":"Homepage"}]},{"@type":"WebSite","@id":"https:\/\/loopup.com\/us\/#website","url":"https:\/\/loopup.com\/us\/","name":"LoopUp","description":"Simplify your world, Consolidate your multinational Teams telephony globally.","publisher":{"@id":"https:\/\/loopup.com\/us\/#organization"},"potentialAction":[{"@type":"SearchAction","target":{"@type":"EntryPoint","urlTemplate":"https:\/\/loopup.com\/us\/?s={search_term_string}"},"query-input":{"@type":"PropertyValueSpecification","valueRequired":true,"valueName":"search_term_string"}}],"inLanguage":"en-US"},{"@type":"Organization","@id":"https:\/\/loopup.com\/us\/#organization","name":"LoopUp","url":"https:\/\/loopup.com\/us\/","logo":{"@type":"ImageObject","inLanguage":"en-US","@id":"https:\/\/loopup.com\/us\/#\/schema\/logo\/image\/","url":"https:\/\/loopup.com\/app\/uploads\/2016\/08\/Coloured_Logo_White_Background_200x200.png","contentUrl":"https:\/\/loopup.com\/app\/uploads\/2016\/08\/Coloured_Logo_White_Background_200x200.png","width":200,"height":200,"caption":"LoopUp"},"image":{"@id":"https:\/\/loopup.com\/us\/#\/schema\/logo\/image\/"},"sameAs":["https:\/\/www.facebook.com\/LoopUp","https:\/\/x.com\/LoopUp"]}]}},"_links":{"self":[{"href":"https:\/\/loopup.com\/us\/wp-json\/wp\/v2\/pages\/112213","targetHints":{"allow":["GET"]}}],"collection":[{"href":"https:\/\/loopup.com\/us\/wp-json\/wp\/v2\/pages"}],"about":[{"href":"https:\/\/loopup.com\/us\/wp-json\/wp\/v2\/types\/page"}],"author":[{"embeddable":true,"href":"https:\/\/loopup.com\/us\/wp-json\/wp\/v2\/users\/13"}],"replies":[{"embeddable":true,"href":"https:\/\/loopup.com\/us\/wp-json\/wp\/v2\/comments?post=112213"}],"version-history":[{"count":0,"href":"https:\/\/loopup.com\/us\/wp-json\/wp\/v2\/pages\/112213\/revisions"}],"wp:attachment":[{"href":"https:\/\/loopup.com\/us\/wp-json\/wp\/v2\/media?parent=112213"}],"curies":[{"name":"wp","href":"https:\/\/api.w.org\/{rel}","templated":true}]}}