{"id":119356,"date":"2025-04-22T13:39:31","date_gmt":"2025-04-22T12:39:31","guid":{"rendered":"https:\/\/loopup.com\/homepage-2025\/"},"modified":"2025-11-12T11:11:21","modified_gmt":"2025-11-12T11:11:21","slug":"homepage-2025","status":"publish","type":"page","link":"https:\/\/loopup.com\/fr\/homepage-2025\/","title":{"rendered":"Homepage 2025"},"content":{"rendered":"\n<h1>Simplifiez votre monde<\/h1>\n<h2>Consolidez votre t\u00e9l\u00e9phonie d&#8217;\u00e9quipe multinationale \u00e0 l&#8217;\u00e9chelle mondiale<\/h2>\n","protected":false},"excerpt":{"rendered":"<p>Simplifiez votre monde Consolidez votre t\u00e9l\u00e9phonie d&#8217;\u00e9quipe multinationale \u00e0 l&#8217;\u00e9chelle mondiale<\/p>\n","protected":false},"author":13,"featured_media":0,"parent":0,"menu_order":0,"comment_status":"closed","ping_status":"closed","template":"templates\/home-2025.php","meta":{"_acf_changed":false,"footnotes":""},"class_list":["post-119356","page","type-page","status-publish","hentry"],"acf":[],"yoast_head":"<!-- This site is optimized with the Yoast SEO Premium plugin v25.2 (Yoast SEO v25.2) - https:\/\/yoast.com\/wordpress\/plugins\/seo\/ -->\n<title>Consolidez votre t\u00e9l\u00e9phonie d\u2019\u00e9quipe multinationale \u00e0 l\u2019\u00e9chelle mondiale<\/title>\n<meta name=\"description\" content=\"LoopUp aide les entreprises multinationales \u00e0 consolider la fa\u00e7on dont elles ach\u00e8tent et g\u00e8rent leur t\u00e9l\u00e9phonie mondiale Microsoft Teams, en offrant des num\u00e9ros de t\u00e9l\u00e9phone et un service de remplacement du RTPC enti\u00e8rement bas\u00e9 sur le cloud dans plus de 100 pays \u00e0 travers le monde. Nous lib\u00e9rons les multinationales des frustrations, de la complexit\u00e9 et de l&#039;inefficacit\u00e9 li\u00e9es \u00e0 la collaboration avec de multiples op\u00e9rateurs r\u00e9gionaux, chacun ayant ses propres contrats, tarifs, \u00e9quipes d&#039;assistance et portails de gestion. LoopUp offre une solution globale unique et coh\u00e9rente, combinant la conception, le d\u00e9ploiement, la prestation de services et l&#039;assistance - fournie \u00e0 l&#039;\u00e9chelle mondiale et int\u00e9gr\u00e9e \u00e0 Microsoft Teams. LoopUp a son si\u00e8ge \u00e0 Londres et des activit\u00e9s dans le monde entier.\" \/>\n<meta name=\"robots\" content=\"index, follow, max-snippet:-1, max-image-preview:large, max-video-preview:-1\" \/>\n<link rel=\"canonical\" href=\"https:\/\/loopup.com\/fr\/\" \/>\n<meta property=\"og:locale\" content=\"en_US\" \/>\n<meta property=\"og:type\" content=\"article\" \/>\n<meta property=\"og:title\" content=\"Homepage 2025\" \/>\n<meta property=\"og:description\" content=\"LoopUp helps multinational enterprises consolidate how they buy and management their global Microsoft Teams telephony, offering phone numbers and full cloud-based, PSTN-replacement service in over 100 countries around the world. We liberate multinationals from the frustrations, complexities and inefficiencies of working with multiple regional carriers, each with their own contracts, pricing, support teams and management portals. LoopUp offers a single and consistent global solution, combining design, deployment, service delivery and support \u2013 provided globally and all integrated with Microsoft Teams.\" \/>\n<meta property=\"og:url\" content=\"https:\/\/loopup.com\/fr\/\" \/>\n<meta property=\"og:site_name\" content=\"LoopUp\" \/>\n<meta property=\"article:publisher\" content=\"https:\/\/www.facebook.com\/LoopUp\" \/>\n<meta property=\"article:modified_time\" content=\"2025-11-12T11:11:21+00:00\" \/>\n<meta property=\"og:image\" content=\"https:\/\/loopup.com\/app\/uploads\/2014\/07\/loopup-logo.png\" \/>\n\t<meta property=\"og:image:width\" content=\"1214\" \/>\n\t<meta property=\"og:image:height\" content=\"590\" \/>\n\t<meta property=\"og:image:type\" content=\"image\/png\" \/>\n<meta name=\"twitter:card\" content=\"summary_large_image\" \/>\n<meta name=\"twitter:site\" content=\"@LoopUp\" \/>\n<meta name=\"twitter:label1\" content=\"Est. reading time\" \/>\n\t<meta name=\"twitter:data1\" content=\"1 minute\" \/>\n<script type=\"application\/ld+json\" class=\"yoast-schema-graph\">{\"@context\":\"https:\/\/schema.org\",\"@graph\":[{\"@type\":\"WebPage\",\"@id\":\"https:\/\/loopup.com\/fr\/\",\"url\":\"https:\/\/loopup.com\/fr\/\",\"name\":\"Consolidez votre t\u00e9l\u00e9phonie d\u2019\u00e9quipe multinationale \u00e0 l\u2019\u00e9chelle mondiale\",\"isPartOf\":{\"@id\":\"https:\/\/loopup.com\/us\/#website\"},\"datePublished\":\"2025-04-22T12:39:31+00:00\",\"dateModified\":\"2025-11-12T11:11:21+00:00\",\"description\":\"LoopUp aide les entreprises multinationales \u00e0 consolider la fa\u00e7on dont elles ach\u00e8tent et g\u00e8rent leur t\u00e9l\u00e9phonie mondiale Microsoft Teams, en offrant des num\u00e9ros de t\u00e9l\u00e9phone et un service de remplacement du RTPC enti\u00e8rement bas\u00e9 sur le cloud dans plus de 100 pays \u00e0 travers le monde. Nous lib\u00e9rons les multinationales des frustrations, de la complexit\u00e9 et de l'inefficacit\u00e9 li\u00e9es \u00e0 la collaboration avec de multiples op\u00e9rateurs r\u00e9gionaux, chacun ayant ses propres contrats, tarifs, \u00e9quipes d'assistance et portails de gestion. LoopUp offre une solution globale unique et coh\u00e9rente, combinant la conception, le d\u00e9ploiement, la prestation de services et l'assistance - fournie \u00e0 l'\u00e9chelle mondiale et int\u00e9gr\u00e9e \u00e0 Microsoft Teams. LoopUp a son si\u00e8ge \u00e0 Londres et des activit\u00e9s dans le monde entier.\",\"breadcrumb\":{\"@id\":\"https:\/\/loopup.com\/fr\/#breadcrumb\"},\"inLanguage\":\"en-US\",\"potentialAction\":[{\"@type\":\"ReadAction\",\"target\":[\"https:\/\/loopup.com\/fr\/\"]}]},{\"@type\":\"BreadcrumbList\",\"@id\":\"https:\/\/loopup.com\/fr\/#breadcrumb\",\"itemListElement\":[{\"@type\":\"ListItem\",\"position\":1,\"name\":\"Home\",\"item\":\"https:\/\/loopup.com\/us\/\"},{\"@type\":\"ListItem\",\"position\":2,\"name\":\"Homepage 2025\"}]},{\"@type\":\"WebSite\",\"@id\":\"https:\/\/loopup.com\/us\/#website\",\"url\":\"https:\/\/loopup.com\/us\/\",\"name\":\"LoopUp\",\"description\":\"Simplify your world, Consolidate your multinational Teams telephony globally.\",\"publisher\":{\"@id\":\"https:\/\/loopup.com\/us\/#organization\"},\"potentialAction\":[{\"@type\":\"SearchAction\",\"target\":{\"@type\":\"EntryPoint\",\"urlTemplate\":\"https:\/\/loopup.com\/us\/?s={search_term_string}\"},\"query-input\":{\"@type\":\"PropertyValueSpecification\",\"valueRequired\":true,\"valueName\":\"search_term_string\"}}],\"inLanguage\":\"en-US\"},{\"@type\":\"Organization\",\"@id\":\"https:\/\/loopup.com\/us\/#organization\",\"name\":\"LoopUp\",\"url\":\"https:\/\/loopup.com\/us\/\",\"logo\":{\"@type\":\"ImageObject\",\"inLanguage\":\"en-US\",\"@id\":\"https:\/\/loopup.com\/us\/#\/schema\/logo\/image\/\",\"url\":\"https:\/\/loopup.com\/app\/uploads\/2016\/08\/Coloured_Logo_White_Background_200x200.png\",\"contentUrl\":\"https:\/\/loopup.com\/app\/uploads\/2016\/08\/Coloured_Logo_White_Background_200x200.png\",\"width\":200,\"height\":200,\"caption\":\"LoopUp\"},\"image\":{\"@id\":\"https:\/\/loopup.com\/us\/#\/schema\/logo\/image\/\"},\"sameAs\":[\"https:\/\/www.facebook.com\/LoopUp\",\"https:\/\/x.com\/LoopUp\"]}]}<\/script>\n<!-- \/ Yoast SEO Premium plugin. -->","yoast_head_json":{"title":"Consolidez votre t\u00e9l\u00e9phonie d\u2019\u00e9quipe multinationale \u00e0 l\u2019\u00e9chelle mondiale","description":"LoopUp aide les entreprises multinationales \u00e0 consolider la fa\u00e7on dont elles ach\u00e8tent et g\u00e8rent leur t\u00e9l\u00e9phonie mondiale Microsoft Teams, en offrant des num\u00e9ros de t\u00e9l\u00e9phone et un service de remplacement du RTPC enti\u00e8rement bas\u00e9 sur le cloud dans plus de 100 pays \u00e0 travers le monde. Nous lib\u00e9rons les multinationales des frustrations, de la complexit\u00e9 et de l'inefficacit\u00e9 li\u00e9es \u00e0 la collaboration avec de multiples op\u00e9rateurs r\u00e9gionaux, chacun ayant ses propres contrats, tarifs, \u00e9quipes d'assistance et portails de gestion. LoopUp offre une solution globale unique et coh\u00e9rente, combinant la conception, le d\u00e9ploiement, la prestation de services et l'assistance - fournie \u00e0 l'\u00e9chelle mondiale et int\u00e9gr\u00e9e \u00e0 Microsoft Teams. LoopUp a son si\u00e8ge \u00e0 Londres et des activit\u00e9s dans le monde entier.","robots":{"index":"index","follow":"follow","max-snippet":"max-snippet:-1","max-image-preview":"max-image-preview:large","max-video-preview":"max-video-preview:-1"},"canonical":"https:\/\/loopup.com\/fr\/","og_locale":"en_US","og_type":"article","og_title":"Homepage 2025","og_description":"LoopUp helps multinational enterprises consolidate how they buy and management their global Microsoft Teams telephony, offering phone numbers and full cloud-based, PSTN-replacement service in over 100 countries around the world. We liberate multinationals from the frustrations, complexities and inefficiencies of working with multiple regional carriers, each with their own contracts, pricing, support teams and management portals. LoopUp offers a single and consistent global solution, combining design, deployment, service delivery and support \u2013 provided globally and all integrated with Microsoft Teams.","og_url":"https:\/\/loopup.com\/fr\/","og_site_name":"LoopUp","article_publisher":"https:\/\/www.facebook.com\/LoopUp","article_modified_time":"2025-11-12T11:11:21+00:00","og_image":[{"width":1214,"height":590,"url":"https:\/\/loopup.com\/app\/uploads\/2014\/07\/loopup-logo.png","type":"image\/png"}],"twitter_card":"summary_large_image","twitter_site":"@LoopUp","twitter_misc":{"Est. reading time":"1 minute"},"schema":{"@context":"https:\/\/schema.org","@graph":[{"@type":"WebPage","@id":"https:\/\/loopup.com\/fr\/","url":"https:\/\/loopup.com\/fr\/","name":"Consolidez votre t\u00e9l\u00e9phonie d\u2019\u00e9quipe multinationale \u00e0 l\u2019\u00e9chelle mondiale","isPartOf":{"@id":"https:\/\/loopup.com\/us\/#website"},"datePublished":"2025-04-22T12:39:31+00:00","dateModified":"2025-11-12T11:11:21+00:00","description":"LoopUp aide les entreprises multinationales \u00e0 consolider la fa\u00e7on dont elles ach\u00e8tent et g\u00e8rent leur t\u00e9l\u00e9phonie mondiale Microsoft Teams, en offrant des num\u00e9ros de t\u00e9l\u00e9phone et un service de remplacement du RTPC enti\u00e8rement bas\u00e9 sur le cloud dans plus de 100 pays \u00e0 travers le monde. Nous lib\u00e9rons les multinationales des frustrations, de la complexit\u00e9 et de l'inefficacit\u00e9 li\u00e9es \u00e0 la collaboration avec de multiples op\u00e9rateurs r\u00e9gionaux, chacun ayant ses propres contrats, tarifs, \u00e9quipes d'assistance et portails de gestion. LoopUp offre une solution globale unique et coh\u00e9rente, combinant la conception, le d\u00e9ploiement, la prestation de services et l'assistance - fournie \u00e0 l'\u00e9chelle mondiale et int\u00e9gr\u00e9e \u00e0 Microsoft Teams. LoopUp a son si\u00e8ge \u00e0 Londres et des activit\u00e9s dans le monde entier.","breadcrumb":{"@id":"https:\/\/loopup.com\/fr\/#breadcrumb"},"inLanguage":"en-US","potentialAction":[{"@type":"ReadAction","target":["https:\/\/loopup.com\/fr\/"]}]},{"@type":"BreadcrumbList","@id":"https:\/\/loopup.com\/fr\/#breadcrumb","itemListElement":[{"@type":"ListItem","position":1,"name":"Home","item":"https:\/\/loopup.com\/us\/"},{"@type":"ListItem","position":2,"name":"Homepage 2025"}]},{"@type":"WebSite","@id":"https:\/\/loopup.com\/us\/#website","url":"https:\/\/loopup.com\/us\/","name":"LoopUp","description":"Simplify your world, Consolidate your multinational Teams telephony globally.","publisher":{"@id":"https:\/\/loopup.com\/us\/#organization"},"potentialAction":[{"@type":"SearchAction","target":{"@type":"EntryPoint","urlTemplate":"https:\/\/loopup.com\/us\/?s={search_term_string}"},"query-input":{"@type":"PropertyValueSpecification","valueRequired":true,"valueName":"search_term_string"}}],"inLanguage":"en-US"},{"@type":"Organization","@id":"https:\/\/loopup.com\/us\/#organization","name":"LoopUp","url":"https:\/\/loopup.com\/us\/","logo":{"@type":"ImageObject","inLanguage":"en-US","@id":"https:\/\/loopup.com\/us\/#\/schema\/logo\/image\/","url":"https:\/\/loopup.com\/app\/uploads\/2016\/08\/Coloured_Logo_White_Background_200x200.png","contentUrl":"https:\/\/loopup.com\/app\/uploads\/2016\/08\/Coloured_Logo_White_Background_200x200.png","width":200,"height":200,"caption":"LoopUp"},"image":{"@id":"https:\/\/loopup.com\/us\/#\/schema\/logo\/image\/"},"sameAs":["https:\/\/www.facebook.com\/LoopUp","https:\/\/x.com\/LoopUp"]}]}},"_links":{"self":[{"href":"https:\/\/loopup.com\/us\/wp-json\/wp\/v2\/pages\/119356","targetHints":{"allow":["GET"]}}],"collection":[{"href":"https:\/\/loopup.com\/us\/wp-json\/wp\/v2\/pages"}],"about":[{"href":"https:\/\/loopup.com\/us\/wp-json\/wp\/v2\/types\/page"}],"author":[{"embeddable":true,"href":"https:\/\/loopup.com\/us\/wp-json\/wp\/v2\/users\/13"}],"replies":[{"embeddable":true,"href":"https:\/\/loopup.com\/us\/wp-json\/wp\/v2\/comments?post=119356"}],"version-history":[{"count":1,"href":"https:\/\/loopup.com\/us\/wp-json\/wp\/v2\/pages\/119356\/revisions"}],"predecessor-version":[{"id":120053,"href":"https:\/\/loopup.com\/us\/wp-json\/wp\/v2\/pages\/119356\/revisions\/120053"}],"wp:attachment":[{"href":"https:\/\/loopup.com\/us\/wp-json\/wp\/v2\/media?parent=119356"}],"curies":[{"name":"wp","href":"https:\/\/api.w.org\/{rel}","templated":true}]}}