{"id":66121,"date":"2020-07-09T09:45:12","date_gmt":"2020-07-09T08:45:12","guid":{"rendered":"https:\/\/loopup.com\/products\/meetings\/"},"modified":"2025-02-18T19:31:42","modified_gmt":"2025-02-18T19:31:42","slug":"reunions-a-distance","status":"publish","type":"page","link":"https:\/\/loopup.com\/fr\/solutions\/reunions-a-distance\/","title":{"rendered":"R\u00e9unions \u00e0 distance"},"content":{"rendered":"\n<span class=\"small-heading\">R\u00c9UNIONS \u00c0 DISTANCE<\/span><h1>Une solution de conf\u00e9rence pour r\u00e9unions importantes<\/h1>\n<h2>Pour vos r\u00e9unions virtuelles avec des clients ou d\u2019autres invit\u00e9s externes importants, vous avez besoin d\u2019une technologie qui ne vous laissera pas tomber \u2013 il n\u2019y a tout simplement pas de place pour une mauvaise exp\u00e9rience. Les vid\u00e9oconf\u00e9rences de LoopUp sont faciles \u00e0 rejoindre pour les invit\u00e9s et l\u2019audio est absolument fiable.<br><br>LoopUp transforme vos r\u00e9unions \u00e0 distance, favorisant l\u2019engagement des clients et g\u00e9n\u00e9rant de meilleurs r\u00e9sultats commerciaux. LoopUp disponible en tant qu\u2019application native pour Microsoft Teams ou en tant que solution autonome.<\/h2>\n","protected":false},"excerpt":{"rendered":"<p>R\u00c9UNIONS \u00c0 DISTANCE Une solution de conf\u00e9rence pour r\u00e9unions importantes Pour vos r\u00e9unions virtuelles avec des clients ou d\u2019autres invit\u00e9s externes importants, vous avez besoin d\u2019une technologie qui ne vous&#8230;<\/p>\n","protected":false},"author":13,"featured_media":0,"parent":66070,"menu_order":2,"comment_status":"closed","ping_status":"closed","template":"templates\/meetings.php","meta":{"_acf_changed":false,"footnotes":""},"class_list":["post-66121","page","type-page","status-publish","hentry"],"acf":[],"yoast_head":"<!-- This site is optimized with the Yoast SEO Premium plugin v25.2 (Yoast SEO v25.2) - https:\/\/yoast.com\/wordpress\/plugins\/seo\/ -->\n<title>Premium Audio, Video &amp; Web Conferencing | LoopUp<\/title>\n<meta name=\"description\" content=\"Reliable audio, a simple interface and one-click screen sharing and video allow you to collaborate effectively with clients and colleagues.\" \/>\n<meta name=\"robots\" content=\"index, follow, max-snippet:-1, max-image-preview:large, max-video-preview:-1\" \/>\n<link rel=\"canonical\" href=\"https:\/\/loopup.com\/fr\/solutions\/reunions-a-distance\/\" \/>\n<meta property=\"og:locale\" content=\"en_US\" \/>\n<meta property=\"og:type\" content=\"article\" \/>\n<meta property=\"og:title\" content=\"R\u00e9unions \u00e0 distance\" \/>\n<meta property=\"og:description\" content=\"Reliable audio, a simple interface and one-click screen sharing and video allow you to collaborate effectively with clients and colleagues.\" \/>\n<meta property=\"og:url\" content=\"https:\/\/loopup.com\/fr\/solutions\/reunions-a-distance\/\" \/>\n<meta property=\"og:site_name\" content=\"LoopUp\" \/>\n<meta property=\"article:publisher\" content=\"https:\/\/www.facebook.com\/LoopUp\" \/>\n<meta property=\"article:modified_time\" content=\"2025-02-18T19:31:42+00:00\" \/>\n<meta name=\"twitter:card\" content=\"summary_large_image\" \/>\n<meta name=\"twitter:site\" content=\"@LoopUp\" \/>\n<meta name=\"twitter:label1\" content=\"Est. reading time\" \/>\n\t<meta name=\"twitter:data1\" content=\"1 minute\" \/>\n<script type=\"application\/ld+json\" class=\"yoast-schema-graph\">{\"@context\":\"https:\/\/schema.org\",\"@graph\":[{\"@type\":\"WebPage\",\"@id\":\"https:\/\/loopup.com\/fr\/solutions\/reunions-a-distance\/\",\"url\":\"https:\/\/loopup.com\/fr\/solutions\/reunions-a-distance\/\",\"name\":\"Premium Audio, Video & Web Conferencing | LoopUp\",\"isPartOf\":{\"@id\":\"https:\/\/loopup.com\/us\/#website\"},\"datePublished\":\"2020-07-09T08:45:12+00:00\",\"dateModified\":\"2025-02-18T19:31:42+00:00\",\"description\":\"Reliable audio, a simple interface and one-click screen sharing and video allow you to collaborate effectively with clients and colleagues.\",\"breadcrumb\":{\"@id\":\"https:\/\/loopup.com\/fr\/solutions\/reunions-a-distance\/#breadcrumb\"},\"inLanguage\":\"en-US\",\"potentialAction\":[{\"@type\":\"ReadAction\",\"target\":[\"https:\/\/loopup.com\/fr\/solutions\/reunions-a-distance\/\"]}]},{\"@type\":\"BreadcrumbList\",\"@id\":\"https:\/\/loopup.com\/fr\/solutions\/reunions-a-distance\/#breadcrumb\",\"itemListElement\":[{\"@type\":\"ListItem\",\"position\":1,\"name\":\"Home\",\"item\":\"https:\/\/loopup.com\/us\/\"},{\"@type\":\"ListItem\",\"position\":2,\"name\":\"Solutions\",\"item\":\"https:\/\/loopup.com\/fr\/solutions\/\"},{\"@type\":\"ListItem\",\"position\":3,\"name\":\"R\u00e9unions \u00e0 distance\"}]},{\"@type\":\"WebSite\",\"@id\":\"https:\/\/loopup.com\/us\/#website\",\"url\":\"https:\/\/loopup.com\/us\/\",\"name\":\"LoopUp\",\"description\":\"Simplify your world, Consolidate your multinational Teams telephony globally.\",\"publisher\":{\"@id\":\"https:\/\/loopup.com\/us\/#organization\"},\"potentialAction\":[{\"@type\":\"SearchAction\",\"target\":{\"@type\":\"EntryPoint\",\"urlTemplate\":\"https:\/\/loopup.com\/us\/?s={search_term_string}\"},\"query-input\":{\"@type\":\"PropertyValueSpecification\",\"valueRequired\":true,\"valueName\":\"search_term_string\"}}],\"inLanguage\":\"en-US\"},{\"@type\":\"Organization\",\"@id\":\"https:\/\/loopup.com\/us\/#organization\",\"name\":\"LoopUp\",\"url\":\"https:\/\/loopup.com\/us\/\",\"logo\":{\"@type\":\"ImageObject\",\"inLanguage\":\"en-US\",\"@id\":\"https:\/\/loopup.com\/us\/#\/schema\/logo\/image\/\",\"url\":\"https:\/\/loopup.com\/app\/uploads\/2016\/08\/Coloured_Logo_White_Background_200x200.png\",\"contentUrl\":\"https:\/\/loopup.com\/app\/uploads\/2016\/08\/Coloured_Logo_White_Background_200x200.png\",\"width\":200,\"height\":200,\"caption\":\"LoopUp\"},\"image\":{\"@id\":\"https:\/\/loopup.com\/us\/#\/schema\/logo\/image\/\"},\"sameAs\":[\"https:\/\/www.facebook.com\/LoopUp\",\"https:\/\/x.com\/LoopUp\"]}]}<\/script>\n<!-- \/ Yoast SEO Premium plugin. -->","yoast_head_json":{"title":"Premium Audio, Video & Web Conferencing | LoopUp","description":"Reliable audio, a simple interface and one-click screen sharing and video allow you to collaborate effectively with clients and colleagues.","robots":{"index":"index","follow":"follow","max-snippet":"max-snippet:-1","max-image-preview":"max-image-preview:large","max-video-preview":"max-video-preview:-1"},"canonical":"https:\/\/loopup.com\/fr\/solutions\/reunions-a-distance\/","og_locale":"en_US","og_type":"article","og_title":"R\u00e9unions \u00e0 distance","og_description":"Reliable audio, a simple interface and one-click screen sharing and video allow you to collaborate effectively with clients and colleagues.","og_url":"https:\/\/loopup.com\/fr\/solutions\/reunions-a-distance\/","og_site_name":"LoopUp","article_publisher":"https:\/\/www.facebook.com\/LoopUp","article_modified_time":"2025-02-18T19:31:42+00:00","twitter_card":"summary_large_image","twitter_site":"@LoopUp","twitter_misc":{"Est. reading time":"1 minute"},"schema":{"@context":"https:\/\/schema.org","@graph":[{"@type":"WebPage","@id":"https:\/\/loopup.com\/fr\/solutions\/reunions-a-distance\/","url":"https:\/\/loopup.com\/fr\/solutions\/reunions-a-distance\/","name":"Premium Audio, Video & Web Conferencing | LoopUp","isPartOf":{"@id":"https:\/\/loopup.com\/us\/#website"},"datePublished":"2020-07-09T08:45:12+00:00","dateModified":"2025-02-18T19:31:42+00:00","description":"Reliable audio, a simple interface and one-click screen sharing and video allow you to collaborate effectively with clients and colleagues.","breadcrumb":{"@id":"https:\/\/loopup.com\/fr\/solutions\/reunions-a-distance\/#breadcrumb"},"inLanguage":"en-US","potentialAction":[{"@type":"ReadAction","target":["https:\/\/loopup.com\/fr\/solutions\/reunions-a-distance\/"]}]},{"@type":"BreadcrumbList","@id":"https:\/\/loopup.com\/fr\/solutions\/reunions-a-distance\/#breadcrumb","itemListElement":[{"@type":"ListItem","position":1,"name":"Home","item":"https:\/\/loopup.com\/us\/"},{"@type":"ListItem","position":2,"name":"Solutions","item":"https:\/\/loopup.com\/fr\/solutions\/"},{"@type":"ListItem","position":3,"name":"R\u00e9unions \u00e0 distance"}]},{"@type":"WebSite","@id":"https:\/\/loopup.com\/us\/#website","url":"https:\/\/loopup.com\/us\/","name":"LoopUp","description":"Simplify your world, Consolidate your multinational Teams telephony globally.","publisher":{"@id":"https:\/\/loopup.com\/us\/#organization"},"potentialAction":[{"@type":"SearchAction","target":{"@type":"EntryPoint","urlTemplate":"https:\/\/loopup.com\/us\/?s={search_term_string}"},"query-input":{"@type":"PropertyValueSpecification","valueRequired":true,"valueName":"search_term_string"}}],"inLanguage":"en-US"},{"@type":"Organization","@id":"https:\/\/loopup.com\/us\/#organization","name":"LoopUp","url":"https:\/\/loopup.com\/us\/","logo":{"@type":"ImageObject","inLanguage":"en-US","@id":"https:\/\/loopup.com\/us\/#\/schema\/logo\/image\/","url":"https:\/\/loopup.com\/app\/uploads\/2016\/08\/Coloured_Logo_White_Background_200x200.png","contentUrl":"https:\/\/loopup.com\/app\/uploads\/2016\/08\/Coloured_Logo_White_Background_200x200.png","width":200,"height":200,"caption":"LoopUp"},"image":{"@id":"https:\/\/loopup.com\/us\/#\/schema\/logo\/image\/"},"sameAs":["https:\/\/www.facebook.com\/LoopUp","https:\/\/x.com\/LoopUp"]}]}},"_links":{"self":[{"href":"https:\/\/loopup.com\/us\/wp-json\/wp\/v2\/pages\/66121","targetHints":{"allow":["GET"]}}],"collection":[{"href":"https:\/\/loopup.com\/us\/wp-json\/wp\/v2\/pages"}],"about":[{"href":"https:\/\/loopup.com\/us\/wp-json\/wp\/v2\/types\/page"}],"author":[{"embeddable":true,"href":"https:\/\/loopup.com\/us\/wp-json\/wp\/v2\/users\/13"}],"replies":[{"embeddable":true,"href":"https:\/\/loopup.com\/us\/wp-json\/wp\/v2\/comments?post=66121"}],"version-history":[{"count":0,"href":"https:\/\/loopup.com\/us\/wp-json\/wp\/v2\/pages\/66121\/revisions"}],"up":[{"embeddable":true,"href":"https:\/\/loopup.com\/us\/wp-json\/wp\/v2\/pages\/66070"}],"wp:attachment":[{"href":"https:\/\/loopup.com\/us\/wp-json\/wp\/v2\/media?parent=66121"}],"curies":[{"name":"wp","href":"https:\/\/api.w.org\/{rel}","templated":true}]}}