{"id":22100,"date":"2016-10-27T09:38:43","date_gmt":"2016-10-27T08:38:43","guid":{"rendered":"https:\/\/loopup.com\/enterprise\/"},"modified":"2019-07-03T16:08:59","modified_gmt":"2019-07-03T15:08:59","slug":"byggd-for-business-foretag","status":"publish","type":"page","link":"https:\/\/loopup.com\/sv\/how-it-works\/byggd-for-business-foretag\/","title":{"rendered":"Byggd f\u00f6r business f\u00f6retag"},"content":{"rendered":"<h1>Enterprise grade l\u00f6sning<\/h1>\n<h3>LoopUp levererar en m\u00f6tesupplevelse du kan lita p\u00e5, med den kvalitet, s\u00e4kerhet och tillf\u00f6rlitlighet du beh\u00f6ver.<\/h3>\n","protected":false},"excerpt":{"rendered":"<p>Enterprise grade l\u00f6sning LoopUp levererar en m\u00f6tesupplevelse du kan lita p\u00e5, med den kvalitet, s\u00e4kerhet och tillf\u00f6rlitlighet du beh\u00f6ver.<\/p>\n","protected":false},"author":13,"featured_media":0,"parent":42492,"menu_order":2,"comment_status":"closed","ping_status":"closed","template":"templates\/enterprise.php","meta":{"_acf_changed":false,"footnotes":""},"class_list":["post-22100","page","type-page","status-publish","hentry"],"acf":[],"yoast_head":"<!-- This site is optimized with the Yoast SEO Premium plugin v25.2 (Yoast SEO v25.2) - https:\/\/yoast.com\/wordpress\/plugins\/seo\/ -->\n<title>LoopUp-distansm\u00f6ten | Samarbetsprogram f\u00f6r f\u00f6retaget.<\/title>\n<meta name=\"description\" content=\"LoopUp \u00e4r ett distansm\u00f6tesprogram avsett f\u00f6r f\u00f6retagskunder, med den kvalitet, s\u00e4kerhet och tillf\u00f6rlitlighet som f\u00f6retaget beh\u00f6ver. L\u00e4s mer h\u00e4r.\" \/>\n<meta name=\"robots\" content=\"index, follow, max-snippet:-1, max-image-preview:large, max-video-preview:-1\" \/>\n<link rel=\"canonical\" href=\"https:\/\/loopup.com\/us\/how-it-works\/built-for-business\/\" \/>\n<meta property=\"og:locale\" content=\"en_US\" \/>\n<meta property=\"og:type\" content=\"article\" \/>\n<meta property=\"og:title\" content=\"Byggd f\u00f6r business f\u00f6retag\" \/>\n<meta property=\"og:description\" content=\"LoopUp \u00e4r ett distansm\u00f6tesprogram avsett f\u00f6r f\u00f6retagskunder, med den kvalitet, s\u00e4kerhet och tillf\u00f6rlitlighet som f\u00f6retaget beh\u00f6ver. L\u00e4s mer h\u00e4r.\" \/>\n<meta property=\"og:url\" content=\"https:\/\/loopup.com\/us\/how-it-works\/built-for-business\/\" \/>\n<meta property=\"og:site_name\" content=\"LoopUp\" \/>\n<meta property=\"article:publisher\" content=\"https:\/\/www.facebook.com\/LoopUp\" \/>\n<meta property=\"article:modified_time\" content=\"2019-07-03T15:08:59+00:00\" \/>\n<meta name=\"twitter:card\" content=\"summary_large_image\" \/>\n<meta name=\"twitter:site\" content=\"@LoopUp\" \/>\n<script type=\"application\/ld+json\" class=\"yoast-schema-graph\">{\"@context\":\"https:\/\/schema.org\",\"@graph\":[{\"@type\":\"WebPage\",\"@id\":\"https:\/\/loopup.com\/us\/how-it-works\/built-for-business\/\",\"url\":\"https:\/\/loopup.com\/us\/how-it-works\/built-for-business\/\",\"name\":\"LoopUp-distansm\u00f6ten | Samarbetsprogram f\u00f6r f\u00f6retaget.\",\"isPartOf\":{\"@id\":\"https:\/\/loopup.com\/us\/#website\"},\"datePublished\":\"2016-10-27T08:38:43+00:00\",\"dateModified\":\"2019-07-03T15:08:59+00:00\",\"description\":\"LoopUp \u00e4r ett distansm\u00f6tesprogram avsett f\u00f6r f\u00f6retagskunder, med den kvalitet, s\u00e4kerhet och tillf\u00f6rlitlighet som f\u00f6retaget beh\u00f6ver. L\u00e4s mer h\u00e4r.\",\"breadcrumb\":{\"@id\":\"https:\/\/loopup.com\/us\/how-it-works\/built-for-business\/#breadcrumb\"},\"inLanguage\":\"en-US\",\"potentialAction\":[{\"@type\":\"ReadAction\",\"target\":[\"https:\/\/loopup.com\/us\/how-it-works\/built-for-business\/\"]}]},{\"@type\":\"BreadcrumbList\",\"@id\":\"https:\/\/loopup.com\/us\/how-it-works\/built-for-business\/#breadcrumb\",\"itemListElement\":[{\"@type\":\"ListItem\",\"position\":1,\"name\":\"Home\",\"item\":\"https:\/\/loopup.com\/us\/\"},{\"@type\":\"ListItem\",\"position\":2,\"name\":\"How it works\",\"item\":\"https:\/\/loopup.com\/us\/?page_id=42470\"},{\"@type\":\"ListItem\",\"position\":3,\"name\":\"Byggd f\u00f6r business f\u00f6retag\"}]},{\"@type\":\"WebSite\",\"@id\":\"https:\/\/loopup.com\/us\/#website\",\"url\":\"https:\/\/loopup.com\/us\/\",\"name\":\"LoopUp\",\"description\":\"Simplify your world, Consolidate your multinational Teams telephony globally.\",\"publisher\":{\"@id\":\"https:\/\/loopup.com\/us\/#organization\"},\"potentialAction\":[{\"@type\":\"SearchAction\",\"target\":{\"@type\":\"EntryPoint\",\"urlTemplate\":\"https:\/\/loopup.com\/us\/?s={search_term_string}\"},\"query-input\":{\"@type\":\"PropertyValueSpecification\",\"valueRequired\":true,\"valueName\":\"search_term_string\"}}],\"inLanguage\":\"en-US\"},{\"@type\":\"Organization\",\"@id\":\"https:\/\/loopup.com\/us\/#organization\",\"name\":\"LoopUp\",\"url\":\"https:\/\/loopup.com\/us\/\",\"logo\":{\"@type\":\"ImageObject\",\"inLanguage\":\"en-US\",\"@id\":\"https:\/\/loopup.com\/us\/#\/schema\/logo\/image\/\",\"url\":\"https:\/\/loopup.com\/app\/uploads\/2016\/08\/Coloured_Logo_White_Background_200x200.png\",\"contentUrl\":\"https:\/\/loopup.com\/app\/uploads\/2016\/08\/Coloured_Logo_White_Background_200x200.png\",\"width\":200,\"height\":200,\"caption\":\"LoopUp\"},\"image\":{\"@id\":\"https:\/\/loopup.com\/us\/#\/schema\/logo\/image\/\"},\"sameAs\":[\"https:\/\/www.facebook.com\/LoopUp\",\"https:\/\/x.com\/LoopUp\"]}]}<\/script>\n<!-- \/ Yoast SEO Premium plugin. -->","yoast_head_json":{"title":"LoopUp-distansm\u00f6ten | Samarbetsprogram f\u00f6r f\u00f6retaget.","description":"LoopUp \u00e4r ett distansm\u00f6tesprogram avsett f\u00f6r f\u00f6retagskunder, med den kvalitet, s\u00e4kerhet och tillf\u00f6rlitlighet som f\u00f6retaget beh\u00f6ver. L\u00e4s mer h\u00e4r.","robots":{"index":"index","follow":"follow","max-snippet":"max-snippet:-1","max-image-preview":"max-image-preview:large","max-video-preview":"max-video-preview:-1"},"canonical":"https:\/\/loopup.com\/us\/how-it-works\/built-for-business\/","og_locale":"en_US","og_type":"article","og_title":"Byggd f\u00f6r business f\u00f6retag","og_description":"LoopUp \u00e4r ett distansm\u00f6tesprogram avsett f\u00f6r f\u00f6retagskunder, med den kvalitet, s\u00e4kerhet och tillf\u00f6rlitlighet som f\u00f6retaget beh\u00f6ver. L\u00e4s mer h\u00e4r.","og_url":"https:\/\/loopup.com\/us\/how-it-works\/built-for-business\/","og_site_name":"LoopUp","article_publisher":"https:\/\/www.facebook.com\/LoopUp","article_modified_time":"2019-07-03T15:08:59+00:00","twitter_card":"summary_large_image","twitter_site":"@LoopUp","schema":{"@context":"https:\/\/schema.org","@graph":[{"@type":"WebPage","@id":"https:\/\/loopup.com\/us\/how-it-works\/built-for-business\/","url":"https:\/\/loopup.com\/us\/how-it-works\/built-for-business\/","name":"LoopUp-distansm\u00f6ten | Samarbetsprogram f\u00f6r f\u00f6retaget.","isPartOf":{"@id":"https:\/\/loopup.com\/us\/#website"},"datePublished":"2016-10-27T08:38:43+00:00","dateModified":"2019-07-03T15:08:59+00:00","description":"LoopUp \u00e4r ett distansm\u00f6tesprogram avsett f\u00f6r f\u00f6retagskunder, med den kvalitet, s\u00e4kerhet och tillf\u00f6rlitlighet som f\u00f6retaget beh\u00f6ver. L\u00e4s mer h\u00e4r.","breadcrumb":{"@id":"https:\/\/loopup.com\/us\/how-it-works\/built-for-business\/#breadcrumb"},"inLanguage":"en-US","potentialAction":[{"@type":"ReadAction","target":["https:\/\/loopup.com\/us\/how-it-works\/built-for-business\/"]}]},{"@type":"BreadcrumbList","@id":"https:\/\/loopup.com\/us\/how-it-works\/built-for-business\/#breadcrumb","itemListElement":[{"@type":"ListItem","position":1,"name":"Home","item":"https:\/\/loopup.com\/us\/"},{"@type":"ListItem","position":2,"name":"How it works","item":"https:\/\/loopup.com\/us\/?page_id=42470"},{"@type":"ListItem","position":3,"name":"Byggd f\u00f6r business f\u00f6retag"}]},{"@type":"WebSite","@id":"https:\/\/loopup.com\/us\/#website","url":"https:\/\/loopup.com\/us\/","name":"LoopUp","description":"Simplify your world, Consolidate your multinational Teams telephony globally.","publisher":{"@id":"https:\/\/loopup.com\/us\/#organization"},"potentialAction":[{"@type":"SearchAction","target":{"@type":"EntryPoint","urlTemplate":"https:\/\/loopup.com\/us\/?s={search_term_string}"},"query-input":{"@type":"PropertyValueSpecification","valueRequired":true,"valueName":"search_term_string"}}],"inLanguage":"en-US"},{"@type":"Organization","@id":"https:\/\/loopup.com\/us\/#organization","name":"LoopUp","url":"https:\/\/loopup.com\/us\/","logo":{"@type":"ImageObject","inLanguage":"en-US","@id":"https:\/\/loopup.com\/us\/#\/schema\/logo\/image\/","url":"https:\/\/loopup.com\/app\/uploads\/2016\/08\/Coloured_Logo_White_Background_200x200.png","contentUrl":"https:\/\/loopup.com\/app\/uploads\/2016\/08\/Coloured_Logo_White_Background_200x200.png","width":200,"height":200,"caption":"LoopUp"},"image":{"@id":"https:\/\/loopup.com\/us\/#\/schema\/logo\/image\/"},"sameAs":["https:\/\/www.facebook.com\/LoopUp","https:\/\/x.com\/LoopUp"]}]}},"_links":{"self":[{"href":"https:\/\/loopup.com\/us\/wp-json\/wp\/v2\/pages\/22100","targetHints":{"allow":["GET"]}}],"collection":[{"href":"https:\/\/loopup.com\/us\/wp-json\/wp\/v2\/pages"}],"about":[{"href":"https:\/\/loopup.com\/us\/wp-json\/wp\/v2\/types\/page"}],"author":[{"embeddable":true,"href":"https:\/\/loopup.com\/us\/wp-json\/wp\/v2\/users\/13"}],"replies":[{"embeddable":true,"href":"https:\/\/loopup.com\/us\/wp-json\/wp\/v2\/comments?post=22100"}],"version-history":[{"count":0,"href":"https:\/\/loopup.com\/us\/wp-json\/wp\/v2\/pages\/22100\/revisions"}],"up":[{"embeddable":true,"href":"https:\/\/loopup.com\/us\/wp-json\/wp\/v2\/pages\/42492"}],"wp:attachment":[{"href":"https:\/\/loopup.com\/us\/wp-json\/wp\/v2\/media?parent=22100"}],"curies":[{"name":"wp","href":"https:\/\/api.w.org\/{rel}","templated":true}]}}