{"id":23155,"date":"2015-11-27T16:59:07","date_gmt":"2015-11-27T16:59:07","guid":{"rendered":"https:\/\/loopup.com\/legal\/"},"modified":"2026-03-23T10:06:32","modified_gmt":"2026-03-23T10:06:32","slug":"legal","status":"publish","type":"page","link":"https:\/\/loopup.com\/sv\/legal\/","title":{"rendered":"Juridik"},"content":{"rendered":"<h2>Tj\u00e4nstevillkor<\/h2>\n<ul class=\"square\">\n<li><a href=\"terms-service\/\">Tj\u00e4nstevillkor<\/a><\/li>\n<li><a href=\"https:\/\/loopup.com\/sv\/event-by-loopup-terms-and-conditions\/\">Tj\u00e4nstevillkor \u2013 Event by LoopUp<\/a><\/li>\n<li><a href=\"permitted-use-takedown-policy\/\">Policy f\u00f6r till\u00e5ten anv\u00e4ndning och nedtagning<\/a><\/li>\n<\/ul>\n<h2>Efterlevnad<\/h2>\n<ul class=\"square\">\n<li><a href=\"privacy-policy\/\">Integritetspolicy<\/a><\/li>\n<li><a href=\"cookie-policy\/\">Cookiepolicy<\/a><\/li>\n<li><a href=\"https:\/\/loopup.com\/sv\/legal\/gdpr-atagande\/\">GDPR-\u00e5tagande<\/a><\/li>\n<li><a href=\"https:\/\/loopup.com\/app\/uploads\/2021\/01\/LoopUp-Policy-Modern-Slavery-Statement.pdf\">F\u00f6rklaring om modernt slaveri<\/a><\/li>\n<li><a href=\"uk-code-best-practice-complaint-handling\/\">Brittisk kod f\u00f6r b\u00e4sta praxis och klagom\u00e5lshantering<\/a><\/li>\n<li><a href=\"uk-sales-marketing-code\/\">Brittisk praxiskod f\u00f6r f\u00f6rs\u00e4ljning och marknadsf\u00f6ring f\u00f6r fasta telefonitj\u00e4nster<\/a><\/li>\n<li><a href=\"https:\/\/loopup.com\/app\/uploads\/resources\/legal\/LoopUp-Carbon-Reduction-Plan-25-June-2025.pdf\">Carbon Reduction Plan<\/a><\/li>\n<li><a href=\"https:\/\/loopup.com\/app\/uploads\/resources\/legal\/LoopUp-Accessibility-Plan-Canada-February-2026-v1.1.pdf\">Accessible Canada Act \u2013 LoopUp Accessibility Plan<\/a><\/li>\n<\/ul>\n<h2>Andra resurser<\/h2>\n<ul class=\"square\">\n<li><a href=\"website-terms-use\/\">Anv\u00e4ndarvillkor f\u00f6r webbplatsen<\/a><\/li>\n<li><a href=\"eula\/\">Licensavtal<\/a><\/li>\n<li><a title=\"LoopUp IP Guidelines\" href=\"ip-guidelines\/\">Immaterialr\u00e4ttsliga riktlinjer<\/a><\/li>\n<li><a href=\"eula\/\">Licensavtal<\/a><\/li>\n<\/ul>\n","protected":false},"excerpt":{"rendered":"<p>Tj\u00e4nstevillkor Tj\u00e4nstevillkor Tj\u00e4nstevillkor \u2013 Event by LoopUp Policy f\u00f6r till\u00e5ten anv\u00e4ndning och nedtagning Efterlevnad Integritetspolicy Cookiepolicy GDPR-\u00e5tagande F\u00f6rklaring om modernt slaveri Brittisk kod f\u00f6r b\u00e4sta praxis och klagom\u00e5lshantering Brittisk praxiskod&#8230;<\/p>\n","protected":false},"author":13,"featured_media":0,"parent":0,"menu_order":7,"comment_status":"closed","ping_status":"closed","template":"","meta":{"_acf_changed":false,"footnotes":""},"class_list":["post-23155","page","type-page","status-publish","hentry"],"acf":[],"yoast_head":"<!-- This site is optimized with the Yoast SEO Premium plugin v25.2 (Yoast SEO v25.2) - https:\/\/yoast.com\/wordpress\/plugins\/seo\/ -->\n<title>Legal | LoopUp Legal Documents Related to our Software.<\/title>\n<meta name=\"description\" content=\"You&#039;ll find LoopUp&#039;s Legal documents here, including website terms and conditions, product terms of service and EULA for customers.\" \/>\n<meta name=\"robots\" content=\"index, follow, max-snippet:-1, max-image-preview:large, max-video-preview:-1\" \/>\n<link rel=\"canonical\" href=\"https:\/\/loopup.com\/sv\/legal\/\" \/>\n<meta property=\"og:locale\" content=\"en_US\" \/>\n<meta property=\"og:type\" content=\"article\" \/>\n<meta property=\"og:title\" content=\"Juridik\" \/>\n<meta property=\"og:description\" content=\"You&#039;ll find LoopUp&#039;s Legal documents here, including website terms and conditions, product terms of service and EULA for customers.\" \/>\n<meta property=\"og:url\" content=\"https:\/\/loopup.com\/sv\/legal\/\" \/>\n<meta property=\"og:site_name\" content=\"LoopUp\" \/>\n<meta property=\"article:publisher\" content=\"https:\/\/www.facebook.com\/LoopUp\" \/>\n<meta property=\"article:modified_time\" content=\"2026-03-23T10:06:32+00:00\" \/>\n<meta name=\"twitter:card\" content=\"summary_large_image\" \/>\n<meta name=\"twitter:site\" content=\"@LoopUp\" \/>\n<meta name=\"twitter:label1\" content=\"Est. reading time\" \/>\n\t<meta name=\"twitter:data1\" content=\"1 minute\" \/>\n<script type=\"application\/ld+json\" class=\"yoast-schema-graph\">{\"@context\":\"https:\/\/schema.org\",\"@graph\":[{\"@type\":\"WebPage\",\"@id\":\"https:\/\/loopup.com\/sv\/legal\/\",\"url\":\"https:\/\/loopup.com\/sv\/legal\/\",\"name\":\"Legal | LoopUp Legal Documents Related to our Software.\",\"isPartOf\":{\"@id\":\"https:\/\/loopup.com\/us\/#website\"},\"datePublished\":\"2015-11-27T16:59:07+00:00\",\"dateModified\":\"2026-03-23T10:06:32+00:00\",\"description\":\"You'll find LoopUp's Legal documents here, including website terms and conditions, product terms of service and EULA for customers.\",\"breadcrumb\":{\"@id\":\"https:\/\/loopup.com\/sv\/legal\/#breadcrumb\"},\"inLanguage\":\"en-US\",\"potentialAction\":[{\"@type\":\"ReadAction\",\"target\":[\"https:\/\/loopup.com\/sv\/legal\/\"]}]},{\"@type\":\"BreadcrumbList\",\"@id\":\"https:\/\/loopup.com\/sv\/legal\/#breadcrumb\",\"itemListElement\":[{\"@type\":\"ListItem\",\"position\":1,\"name\":\"Home\",\"item\":\"https:\/\/loopup.com\/us\/\"},{\"@type\":\"ListItem\",\"position\":2,\"name\":\"Juridik\"}]},{\"@type\":\"WebSite\",\"@id\":\"https:\/\/loopup.com\/us\/#website\",\"url\":\"https:\/\/loopup.com\/us\/\",\"name\":\"LoopUp\",\"description\":\"Simplify your world, Consolidate your multinational Teams telephony globally.\",\"publisher\":{\"@id\":\"https:\/\/loopup.com\/us\/#organization\"},\"potentialAction\":[{\"@type\":\"SearchAction\",\"target\":{\"@type\":\"EntryPoint\",\"urlTemplate\":\"https:\/\/loopup.com\/us\/?s={search_term_string}\"},\"query-input\":{\"@type\":\"PropertyValueSpecification\",\"valueRequired\":true,\"valueName\":\"search_term_string\"}}],\"inLanguage\":\"en-US\"},{\"@type\":\"Organization\",\"@id\":\"https:\/\/loopup.com\/us\/#organization\",\"name\":\"LoopUp\",\"url\":\"https:\/\/loopup.com\/us\/\",\"logo\":{\"@type\":\"ImageObject\",\"inLanguage\":\"en-US\",\"@id\":\"https:\/\/loopup.com\/us\/#\/schema\/logo\/image\/\",\"url\":\"https:\/\/loopup.com\/app\/uploads\/2016\/08\/Coloured_Logo_White_Background_200x200.png\",\"contentUrl\":\"https:\/\/loopup.com\/app\/uploads\/2016\/08\/Coloured_Logo_White_Background_200x200.png\",\"width\":200,\"height\":200,\"caption\":\"LoopUp\"},\"image\":{\"@id\":\"https:\/\/loopup.com\/us\/#\/schema\/logo\/image\/\"},\"sameAs\":[\"https:\/\/www.facebook.com\/LoopUp\",\"https:\/\/x.com\/LoopUp\"]}]}<\/script>\n<!-- \/ Yoast SEO Premium plugin. -->","yoast_head_json":{"title":"Legal | LoopUp Legal Documents Related to our Software.","description":"You'll find LoopUp's Legal documents here, including website terms and conditions, product terms of service and EULA for customers.","robots":{"index":"index","follow":"follow","max-snippet":"max-snippet:-1","max-image-preview":"max-image-preview:large","max-video-preview":"max-video-preview:-1"},"canonical":"https:\/\/loopup.com\/sv\/legal\/","og_locale":"en_US","og_type":"article","og_title":"Juridik","og_description":"You'll find LoopUp's Legal documents here, including website terms and conditions, product terms of service and EULA for customers.","og_url":"https:\/\/loopup.com\/sv\/legal\/","og_site_name":"LoopUp","article_publisher":"https:\/\/www.facebook.com\/LoopUp","article_modified_time":"2026-03-23T10:06:32+00:00","twitter_card":"summary_large_image","twitter_site":"@LoopUp","twitter_misc":{"Est. reading time":"1 minute"},"schema":{"@context":"https:\/\/schema.org","@graph":[{"@type":"WebPage","@id":"https:\/\/loopup.com\/sv\/legal\/","url":"https:\/\/loopup.com\/sv\/legal\/","name":"Legal | LoopUp Legal Documents Related to our Software.","isPartOf":{"@id":"https:\/\/loopup.com\/us\/#website"},"datePublished":"2015-11-27T16:59:07+00:00","dateModified":"2026-03-23T10:06:32+00:00","description":"You'll find LoopUp's Legal documents here, including website terms and conditions, product terms of service and EULA for customers.","breadcrumb":{"@id":"https:\/\/loopup.com\/sv\/legal\/#breadcrumb"},"inLanguage":"en-US","potentialAction":[{"@type":"ReadAction","target":["https:\/\/loopup.com\/sv\/legal\/"]}]},{"@type":"BreadcrumbList","@id":"https:\/\/loopup.com\/sv\/legal\/#breadcrumb","itemListElement":[{"@type":"ListItem","position":1,"name":"Home","item":"https:\/\/loopup.com\/us\/"},{"@type":"ListItem","position":2,"name":"Juridik"}]},{"@type":"WebSite","@id":"https:\/\/loopup.com\/us\/#website","url":"https:\/\/loopup.com\/us\/","name":"LoopUp","description":"Simplify your world, Consolidate your multinational Teams telephony globally.","publisher":{"@id":"https:\/\/loopup.com\/us\/#organization"},"potentialAction":[{"@type":"SearchAction","target":{"@type":"EntryPoint","urlTemplate":"https:\/\/loopup.com\/us\/?s={search_term_string}"},"query-input":{"@type":"PropertyValueSpecification","valueRequired":true,"valueName":"search_term_string"}}],"inLanguage":"en-US"},{"@type":"Organization","@id":"https:\/\/loopup.com\/us\/#organization","name":"LoopUp","url":"https:\/\/loopup.com\/us\/","logo":{"@type":"ImageObject","inLanguage":"en-US","@id":"https:\/\/loopup.com\/us\/#\/schema\/logo\/image\/","url":"https:\/\/loopup.com\/app\/uploads\/2016\/08\/Coloured_Logo_White_Background_200x200.png","contentUrl":"https:\/\/loopup.com\/app\/uploads\/2016\/08\/Coloured_Logo_White_Background_200x200.png","width":200,"height":200,"caption":"LoopUp"},"image":{"@id":"https:\/\/loopup.com\/us\/#\/schema\/logo\/image\/"},"sameAs":["https:\/\/www.facebook.com\/LoopUp","https:\/\/x.com\/LoopUp"]}]}},"_links":{"self":[{"href":"https:\/\/loopup.com\/us\/wp-json\/wp\/v2\/pages\/23155","targetHints":{"allow":["GET"]}}],"collection":[{"href":"https:\/\/loopup.com\/us\/wp-json\/wp\/v2\/pages"}],"about":[{"href":"https:\/\/loopup.com\/us\/wp-json\/wp\/v2\/types\/page"}],"author":[{"embeddable":true,"href":"https:\/\/loopup.com\/us\/wp-json\/wp\/v2\/users\/13"}],"replies":[{"embeddable":true,"href":"https:\/\/loopup.com\/us\/wp-json\/wp\/v2\/comments?post=23155"}],"version-history":[{"count":7,"href":"https:\/\/loopup.com\/us\/wp-json\/wp\/v2\/pages\/23155\/revisions"}],"predecessor-version":[{"id":125094,"href":"https:\/\/loopup.com\/us\/wp-json\/wp\/v2\/pages\/23155\/revisions\/125094"}],"wp:attachment":[{"href":"https:\/\/loopup.com\/us\/wp-json\/wp\/v2\/media?parent=23155"}],"curies":[{"name":"wp","href":"https:\/\/api.w.org\/{rel}","templated":true}]}}