{"id":44070,"date":"2019-07-08T09:44:48","date_gmt":"2019-07-08T08:44:48","guid":{"rendered":"https:\/\/loopup.com\/meetingzone-upgrade\/"},"modified":"2020-01-07T13:52:54","modified_gmt":"2020-01-07T13:52:54","slug":"meetingzoneupgrade","status":"publish","type":"page","link":"https:\/\/loopup.com\/sv\/meetingzoneupgrade\/","title":{"rendered":"MeetingZone Upgrade"},"content":{"rendered":"\n<div class=\"row\">\n<div class=\"grid_8\"><style>.bg-2{display:none;} .bg-5{background-color: #ffffff;} h1, hr, small{display:none;} h3 {margin-top:40px; margin-bottom:0} h4{margin-bottom:20px; margin-top:30px; font-weight:bold} h4:first-of-type{margin-top:0}<\/style>\n<figure><img decoding=\"async\" style=\"max-width: 500px;\" src=\"https:\/\/loopup.com\/app\/uploads\/2019\/07\/loopup-meetingzone-logo.png\"><\/figure><p><\/p>\n<p>MeetingZone blev tidigare uppk\u00f6pta av LoopUp. MeetingZone kontona kommer att bli uppgraderade till Loop Up plattformen. Vi g\u00f6r det f\u00f6r att dina konferenssamtal ska bli b\u00e4ttre och f\u00f6r att \u00f6verg\u00e5 till en ny generation telekominfrastruktur som ger b\u00e4ttre plattformss\u00e4kerhet och samtalskvalitet.<\/p>\n<p><u><b>Observera att dina nuvarande MeetingZone-nummer och pinkoder inte kommer att \u00e4ndras och fortsatt kommer att fungera efter uppgraderingen till LoopUp.<\/b><\/u><\/p>\n<\/div>\n<div class=\"grid_4\"><figure><img decoding=\"async\" class=\"img-max\" style=\"border-radius: 4px; margin-top: 20px; margin-bottom: 20px; max-width: 380px;\" src=\"https:\/\/loopup.com\/app\/uploads\/2019\/07\/loopup-video-ui-1.jpg\"><\/figure><\/div>\n<\/div>\n\n\n\n<div class=\"accordion\"><a class=\"accordion-expand-all\" href=\"#\"> <span class=\"expand\" style=\"display: inline;\"> Expandera Alla<\/span> <span class=\"collapse\" style=\"display: none;\">Kollapsa Alla<\/span> <\/a>\n<div class=\"accordion-item\">\n<div class=\"accordion-title\">Information till MeetingZone-anv\u00e4ndare<\/div>\n<div class=\"accordion-content\" style=\"display: none;\">\n<div class=\"row\">\n<div class=\"grid_5\"><figure><img decoding=\"async\" class=\"img-max\" style=\"border-radius: 4px; margin-top: 20px; margin-bottom: 20px; max-width: 380px;\" src=\"https:\/\/loopup.com\/app\/uploads\/2019\/07\/loopup-video-ui-2.jpg\"><\/figure><\/div>\n<div class=\"grid_6\">\n<h4>Tillg\u00e5ng till f\u00f6rb\u00e4ttrade funktioner<\/h4>\n<p>LoopUp \u00e4r en utm\u00e4rkt plattform f\u00f6r onlinem\u00f6ten som hj\u00e4lper organisationer att samarbeta effektivare. Den har ett enkelt, intuitivt gr\u00e4nssnitt \u2013 ingen utbildning kr\u00e4vs. Efter uppgraderingen f\u00e5r du tillg\u00e5ng till en m\u00e4ngd funktioner f\u00f6r b\u00e4ttre m\u00f6ten:<\/p>\n<ul>\n<li>Som ett valfritt alternativ till att ringa in kan man klicka p\u00e5 en anslutningsl\u00e4nk och d\u00e5 kommer LoopUp att ringa dig p\u00e5 en telefon som du sj\u00e4lv v\u00e4ljer. Allts\u00e5 inget mera trassel med inringningsnummer och koder.<\/li>\n<li>Med aviserade samtalsstarter f\u00e5r du reda p\u00e5 n\u00e4r din f\u00f6rsta deltagare ansluter sig<\/li>\n<li>Det enkla gr\u00e4nssnittet visar vem som deltar och vem som talar<\/li>\n<li>Identifierar och st\u00e4nger av distraherande bakgrundsbrus<\/li>\n<li>LoopUp f\u00f6r Outlook g\u00f6r det l\u00e4tt att skicka m\u00f6tesinbjudningar<\/li>\n<li>Mobilappen g\u00f6r det m\u00f6jligt att hantera m\u00f6ten fr\u00e5n din telefon<\/li>\n<li>Sk\u00e4rmdelning med ett klick<\/li>\n<li>Videokonferens med ett klick<\/li>\n<\/ul>\n<\/div>\n<\/div>\n<div class=\"row\">\n<div class=\"grid_12\">\n<h4>Tidsschema f\u00f6r uppgraderingen av ditt konto<\/h4>\n<p>Under senare delen av 2019 och i b\u00f6rjan av 2020 kommer anv\u00e4ndarkontona att flyttas till LoopUp plattformen. Eftersom det handlar om ett stort antal konton flyttar vi dem i omg\u00e5ngar. Vi arbetar s\u00e5 snabbt vi kan! N\u00e4r vi bekr\u00e4ftat tiden f\u00f6r din kontouppgradering kommer vi att meddela dig den. Vi kommer \u00e4ven att ber\u00e4tta hur du kan f\u00e5 ut det mesta av ditt nya LoopUp-konto.<\/p>\n<p><u><b>Observera att dina nuvarande MeetingZone-nummer och \u00e5tkomstkoder inte kommer att \u00e4ndras och fortsatt kommer att fungera efter uppgraderingen till LoopUp.<\/b><\/u><\/p>\n<h4>Inst\u00e4llning av din LoopUp-profil<\/h4>\n<p>N\u00e4r ditt anv\u00e4ndarkonto har flyttats till LoopUp kommer du att f\u00e5 ett e-postmeddelande som bjuder in dig att st\u00e4lla in din LoopUp-profil. Du kommer att beh\u00f6va en LoopUp-profil f\u00f6r att f\u00e5 tillg\u00e5ng till f\u00f6rb\u00e4ttrade funktioner som aviserade samtalsstarter, m\u00f6jlighet att se vem som deltar i samtalet och vem som talar, sk\u00e4rmdelning, videokonferenser och inspelning av samtal.<\/p>\n<p>Att st\u00e4lla in sin LoopUp-profil \u00e4r enkelt och g\u00e5r snabbt \u2013 det tar bara n\u00e5gra minuter. Du blir inbjuden att skapa ett l\u00f6senord, ladda ned verktyget Outlook Invite och mobilappen, spara telefonnummer f\u00f6r snabbare \u00e5tkomst till dina m\u00f6ten samt att ladda upp ett foto och profilinformation s\u00e5 att m\u00f6tets deltagare f\u00e5r veta lite mer om dig.<\/p>\n<p>Det g\u00f6r ingenting om du inte har tid att st\u00e4lla in din LoopUp-profil direkt. Du kan \u00e4nd\u00e5 delta i konferenssamtal med dina nuvarande MeetingZone-inringningsnummer och pinkoder, och du kan st\u00e4lla in ditt LoopUp-konto senare.<\/p>\n<p>Om du inte f\u00e5r n\u00e5got e-postmeddelande fr\u00e5n LoopUp f\u00f6r att st\u00e4lla in din profil s\u00e5 kan du \u00e4nd\u00e5 g\u00f6ra det genom att anv\u00e4nda dina nuvarande PIN-koder fr\u00e5n MeetingZone.<\/p>\n<p><u><b>Observera att du inte kommer att kunna st\u00e4lla in din LoopUp-profil f\u00f6rr\u00e4n ditt anv\u00e4ndarkonto har flyttats till LoopUp. N\u00e4r vi bekr\u00e4ftat tiden f\u00f6r din kontouppgradering kommer vi att meddela dig den.<\/b><\/u><\/p>\n<h4>Tillg\u00e5ng till MeetingZones kundportal och m\u00f6teskontroller<\/h4>\n<p>N\u00e4r ditt anv\u00e4ndarkonto har flyttats till LoopUp kommer du att fortsatt kunna logga in p\u00e5 MeetingZones kundportal f\u00f6r att komma \u00e5t dina inspelningar och din samtalshistorik. Dock kommer du inte l\u00e4ngre att kunna skicka m\u00f6tesinbjudningar eller ansluta dig till samtal via din kundportal. F\u00f6r att kunna g\u00f6ra det kommer du att beh\u00f6va anv\u00e4nda ditt LoopUp-konto ist\u00e4llet.<\/p>\n<\/div>\n<\/div>\n<\/div>\n<\/div>\n<div class=\"accordion-item\">\n<div class=\"accordion-title\">Information till MeetingZone-kontoadministrat\u00f6rer<\/div>\n<div class=\"accordion-content\" style=\"display: none;\">\n<h4>Process f\u00f6r uppgraderingen av dina anv\u00e4ndare<\/h4>\n<p>N\u00e4r vi \u00e4r redo att flytta ditt f\u00f6retagskonto till LoopUp-plattformen kommer alla kontoadministrat\u00f6rer att f\u00e5 ett e-postmeddelande som informerar dem om vilket specifikt datum detta kommer att ske. Alla anv\u00e4ndarkonton p\u00e5 ett f\u00f6retag kommer att flyttas p\u00e5 samma datum. Anv\u00e4ndarna kommer ocks\u00e5 att f\u00e5 en avisering via e-post.<\/p>\n<p>N\u00e4r anv\u00e4ndarkontona har flyttats till LoopUp kommer anv\u00e4ndarna att f\u00e5 ett e-postmeddelande som bjuder in dem att st\u00e4lla in sin LoopUp-profil. Anv\u00e4ndarna kommer inte att beh\u00f6va en LoopUp-profil f\u00f6r att kunna delta i sina konferenssamtal. Men vi skulle vilja uppmuntra anv\u00e4ndare att st\u00e4lla in sina LoopUp-profiler f\u00f6r att de d\u00e5 ska f\u00e5 tillg\u00e5ng till en m\u00e4ngd f\u00f6rb\u00e4ttrade funktioner.<\/p>\n<p>Vi kan endast skicka e-postmeddelanden f\u00f6r att st\u00e4lla in profilen till anv\u00e4ndare som vi har en giltig e-postadress till. Anv\u00e4ndare som inte f\u00e5r n\u00e5got e-postmeddelande fr\u00e5n LoopUp kan st\u00e4lla in sin LoopUp-profil genom att anv\u00e4nda sina nuvarande PIN-koder fr\u00e5n MeetingZone. Vi kommer att ge detaljerad information om hur man g\u00f6r detta innan anv\u00e4ndarkontona flyttas till LoopUp.<\/p>\n<h4>LoopUps administrat\u00f6ravsnitt<\/h4>\n<p>N\u00e4r ditt konto har flyttats till LoopUp kommer du att kunna skapa, avsluta och redigera anv\u00e4ndarkonton via LoopUps administrat\u00f6ravsnitt. Administrat\u00f6rskonton i MeetingZone kommer automatiskt att bli administrat\u00f6rskonton i LoopUp n\u00e4r ett f\u00f6retags konto uppgraderas. LoopUp-administrat\u00f6rer kommer att se ytterligare en Administrat\u00f6r-flik p\u00e5 sina LoopUp-konton, vilket ger dem tillg\u00e5ng till anv\u00e4ndarinformation.<\/p>\n<h4>Priser<\/h4>\n<p>Vi beh\u00e5ller v\u00e5ra pay-as-you-go-priser, s\u00e5 du betalar bara f\u00f6r det du anv\u00e4nder. Och vi \u00e4r beslutsamma i att h\u00e5lla v\u00e5ra priser konkurrenskraftiga, s\u00e5 <u><strong>vi h\u00f6jer inte n\u00e5gra avgifter som du f\u00f6r n\u00e4rvarande betalar.<\/strong><\/u><\/p>\n<p>Vi kommer att skicka ett e-postmeddelande med detaljerad prisinformation till dig innan vi uppgraderar ditt konto.<\/p>\n<h4>Villkor<\/h4>\n<p>Kundavtalen med MeetingZone kommer fortfarande att g\u00e4lla och villkoren kommer att f\u00f6rbli desamma.<\/p>\n<h4>Data och sekretess<\/h4>\n<p>Vi f\u00f6ljer g\u00e4llande dataskyddslagstiftning. Alla detaljer om vilka personuppgifter vi samlar in och f\u00f6r vilka syften vi samlar in s\u00e5dana personuppgifter finns i v\u00e5r integritetspolicy. LoopUp \u00e4r ISO 27001-certifierat, vilket betyder att vi f\u00f6ljer branschens erk\u00e4nda standard och processer f\u00f6r dataskydd (inklusive personuppgifter). Du kan hitta v\u00e5rt l\u00f6fte till dig p\u00e5 https:\/\/loopup.com\/en\/legal\/privacy-policy\/<\/p>\n<\/div>\n<\/div>\n<div class=\"accordion-item\">\n<div class=\"accordion-title\">Vanliga fr\u00e5gor<\/div>\n<div class=\"accordion-content\" style=\"display: none;\">\n<h4>Vanliga fr\u00e5gor<\/h4>\n<p><span style=\"color: #76b246;\">Vad kommer att h\u00e4nda med varum\u00e4rket MeetingZone?<\/span><br>MeetingZone kommer att omprofileras till LoopUp. All framtida e-postkommunikation och support kommer att ske via LoopUp.<\/p>\n<p><span style=\"color: #76b246;\">Kommer anv\u00e4ndare och administrat\u00f6rer fortfarande att kunna logga in p\u00e5 MeetingZones webbportal f\u00f6r att komma \u00e5t sin kontoinformation?<\/span><br>Efter uppgraderingen till LoopUp kommer anv\u00e4ndare och administrat\u00f6rer fortfarande att kunna komma \u00e5t sin kontoinformation i MeetingZone via MeetingZones webbportal, men de kommer inte att kunna skicka inbjudningar eller delta i samtal via webbportalen.<\/p>\n<p><span style=\"color: #76b246;\">Mitt konto anv\u00e4nder Lync-integrering (ACL) \u2013 kommer det fortfarande att finnas tillg\u00e4ngligt?<\/span><br>Lync-integrering kommer inte l\u00e4ngre att erbjudas efter \u00f6verg\u00e5ngen till LoopUp-plattformen. F\u00f6r mer information om detta kan du kontakta kontoansvarig eller <a href=\"mailto:customerservice@meetingzone.com\">customerservice@meetingzone.com<\/a><\/p>\n<\/div>\n<\/div>\n<h4>&nbsp;<\/h4>\n<h4>Kundtj\u00e4nst<\/h4>\n<p>Om du vill veta mer om LoopUps utm\u00e4rkta plattform f\u00f6r onlinem\u00f6ten, bes\u00f6k <a href=\"https:\/\/loopup.com\/support\">https:\/\/loopup.com\/support<\/a>. Om du har ytterligare fr\u00e5gor om uppgraderingsprocessen f\u00f6r ditt konto, e-posta oss p\u00e5 <a href=\"mailto:customerservice@meetingzone.com\">customerservice@meetingzone.com.<\/a><\/p>\n<\/div>\n","protected":false},"excerpt":{"rendered":"<p>MeetingZone blev tidigare uppk\u00f6pta av LoopUp. MeetingZone kontona kommer att bli uppgraderade till Loop Up plattformen. Vi g\u00f6r det f\u00f6r att dina konferenssamtal ska bli b\u00e4ttre och f\u00f6r att \u00f6verg\u00e5&#8230;<\/p>\n","protected":false},"author":13,"featured_media":0,"parent":0,"menu_order":0,"comment_status":"closed","ping_status":"closed","template":"","meta":{"_acf_changed":false,"footnotes":""},"class_list":["post-44070","page","type-page","status-publish","hentry"],"acf":[],"yoast_head":"<!-- This site is optimized with the Yoast SEO Premium plugin v25.2 (Yoast SEO v25.2) - https:\/\/yoast.com\/wordpress\/plugins\/seo\/ -->\n<title>MeetingZone Upgrade | LoopUp<\/title>\n<meta name=\"robots\" content=\"index, follow, max-snippet:-1, max-image-preview:large, max-video-preview:-1\" \/>\n<link rel=\"canonical\" href=\"https:\/\/loopup.com\/us\/meetingzoneupgrade\/\" \/>\n<meta property=\"og:locale\" content=\"en_US\" \/>\n<meta property=\"og:type\" content=\"article\" \/>\n<meta property=\"og:title\" content=\"MeetingZone Upgrade\" \/>\n<meta property=\"og:description\" content=\"MeetingZone blev tidigare uppk\u00f6pta av LoopUp. MeetingZone kontona kommer att bli uppgraderade till Loop Up plattformen. Vi g\u00f6r det f\u00f6r att dina konferenssamtal ska bli b\u00e4ttre och f\u00f6r att \u00f6verg\u00e5...\" \/>\n<meta property=\"og:url\" content=\"https:\/\/loopup.com\/us\/meetingzoneupgrade\/\" \/>\n<meta property=\"og:site_name\" content=\"LoopUp\" \/>\n<meta property=\"article:publisher\" content=\"https:\/\/www.facebook.com\/LoopUp\" \/>\n<meta property=\"article:modified_time\" content=\"2020-01-07T13:52:54+00:00\" \/>\n<meta property=\"og:image\" content=\"https:\/\/loopup.com\/app\/uploads\/2019\/07\/loopup-meetingzone-logo.png\" \/>\n<meta name=\"twitter:card\" content=\"summary_large_image\" \/>\n<meta name=\"twitter:site\" content=\"@LoopUp\" \/>\n<meta name=\"twitter:label1\" content=\"Est. reading time\" \/>\n\t<meta name=\"twitter:data1\" content=\"6 minutes\" \/>\n<script type=\"application\/ld+json\" class=\"yoast-schema-graph\">{\"@context\":\"https:\/\/schema.org\",\"@graph\":[{\"@type\":\"WebPage\",\"@id\":\"https:\/\/loopup.com\/us\/meetingzoneupgrade\/\",\"url\":\"https:\/\/loopup.com\/us\/meetingzoneupgrade\/\",\"name\":\"MeetingZone Upgrade | LoopUp\",\"isPartOf\":{\"@id\":\"https:\/\/loopup.com\/us\/#website\"},\"primaryImageOfPage\":{\"@id\":\"https:\/\/loopup.com\/us\/meetingzoneupgrade\/#primaryimage\"},\"image\":{\"@id\":\"https:\/\/loopup.com\/us\/meetingzoneupgrade\/#primaryimage\"},\"thumbnailUrl\":\"https:\/\/loopup.com\/app\/uploads\/2019\/07\/loopup-meetingzone-logo.png\",\"datePublished\":\"2019-07-08T08:44:48+00:00\",\"dateModified\":\"2020-01-07T13:52:54+00:00\",\"breadcrumb\":{\"@id\":\"https:\/\/loopup.com\/us\/meetingzoneupgrade\/#breadcrumb\"},\"inLanguage\":\"en-US\",\"potentialAction\":[{\"@type\":\"ReadAction\",\"target\":[\"https:\/\/loopup.com\/us\/meetingzoneupgrade\/\"]}]},{\"@type\":\"ImageObject\",\"inLanguage\":\"en-US\",\"@id\":\"https:\/\/loopup.com\/us\/meetingzoneupgrade\/#primaryimage\",\"url\":\"https:\/\/loopup.com\/app\/uploads\/2019\/07\/loopup-meetingzone-logo.png\",\"contentUrl\":\"https:\/\/loopup.com\/app\/uploads\/2019\/07\/loopup-meetingzone-logo.png\"},{\"@type\":\"BreadcrumbList\",\"@id\":\"https:\/\/loopup.com\/us\/meetingzoneupgrade\/#breadcrumb\",\"itemListElement\":[{\"@type\":\"ListItem\",\"position\":1,\"name\":\"Home\",\"item\":\"https:\/\/loopup.com\/us\/\"},{\"@type\":\"ListItem\",\"position\":2,\"name\":\"MeetingZone Upgrade\"}]},{\"@type\":\"WebSite\",\"@id\":\"https:\/\/loopup.com\/us\/#website\",\"url\":\"https:\/\/loopup.com\/us\/\",\"name\":\"LoopUp\",\"description\":\"Simplify your world, Consolidate your multinational Teams telephony globally.\",\"publisher\":{\"@id\":\"https:\/\/loopup.com\/us\/#organization\"},\"potentialAction\":[{\"@type\":\"SearchAction\",\"target\":{\"@type\":\"EntryPoint\",\"urlTemplate\":\"https:\/\/loopup.com\/us\/?s={search_term_string}\"},\"query-input\":{\"@type\":\"PropertyValueSpecification\",\"valueRequired\":true,\"valueName\":\"search_term_string\"}}],\"inLanguage\":\"en-US\"},{\"@type\":\"Organization\",\"@id\":\"https:\/\/loopup.com\/us\/#organization\",\"name\":\"LoopUp\",\"url\":\"https:\/\/loopup.com\/us\/\",\"logo\":{\"@type\":\"ImageObject\",\"inLanguage\":\"en-US\",\"@id\":\"https:\/\/loopup.com\/us\/#\/schema\/logo\/image\/\",\"url\":\"https:\/\/loopup.com\/app\/uploads\/2016\/08\/Coloured_Logo_White_Background_200x200.png\",\"contentUrl\":\"https:\/\/loopup.com\/app\/uploads\/2016\/08\/Coloured_Logo_White_Background_200x200.png\",\"width\":200,\"height\":200,\"caption\":\"LoopUp\"},\"image\":{\"@id\":\"https:\/\/loopup.com\/us\/#\/schema\/logo\/image\/\"},\"sameAs\":[\"https:\/\/www.facebook.com\/LoopUp\",\"https:\/\/x.com\/LoopUp\"]}]}<\/script>\n<!-- \/ Yoast SEO Premium plugin. -->","yoast_head_json":{"title":"MeetingZone Upgrade | LoopUp","robots":{"index":"index","follow":"follow","max-snippet":"max-snippet:-1","max-image-preview":"max-image-preview:large","max-video-preview":"max-video-preview:-1"},"canonical":"https:\/\/loopup.com\/us\/meetingzoneupgrade\/","og_locale":"en_US","og_type":"article","og_title":"MeetingZone Upgrade","og_description":"MeetingZone blev tidigare uppk\u00f6pta av LoopUp. MeetingZone kontona kommer att bli uppgraderade till Loop Up plattformen. Vi g\u00f6r det f\u00f6r att dina konferenssamtal ska bli b\u00e4ttre och f\u00f6r att \u00f6verg\u00e5...","og_url":"https:\/\/loopup.com\/us\/meetingzoneupgrade\/","og_site_name":"LoopUp","article_publisher":"https:\/\/www.facebook.com\/LoopUp","article_modified_time":"2020-01-07T13:52:54+00:00","og_image":[{"url":"https:\/\/loopup.com\/app\/uploads\/2019\/07\/loopup-meetingzone-logo.png","type":"","width":"","height":""}],"twitter_card":"summary_large_image","twitter_site":"@LoopUp","twitter_misc":{"Est. reading time":"6 minutes"},"schema":{"@context":"https:\/\/schema.org","@graph":[{"@type":"WebPage","@id":"https:\/\/loopup.com\/us\/meetingzoneupgrade\/","url":"https:\/\/loopup.com\/us\/meetingzoneupgrade\/","name":"MeetingZone Upgrade | LoopUp","isPartOf":{"@id":"https:\/\/loopup.com\/us\/#website"},"primaryImageOfPage":{"@id":"https:\/\/loopup.com\/us\/meetingzoneupgrade\/#primaryimage"},"image":{"@id":"https:\/\/loopup.com\/us\/meetingzoneupgrade\/#primaryimage"},"thumbnailUrl":"https:\/\/loopup.com\/app\/uploads\/2019\/07\/loopup-meetingzone-logo.png","datePublished":"2019-07-08T08:44:48+00:00","dateModified":"2020-01-07T13:52:54+00:00","breadcrumb":{"@id":"https:\/\/loopup.com\/us\/meetingzoneupgrade\/#breadcrumb"},"inLanguage":"en-US","potentialAction":[{"@type":"ReadAction","target":["https:\/\/loopup.com\/us\/meetingzoneupgrade\/"]}]},{"@type":"ImageObject","inLanguage":"en-US","@id":"https:\/\/loopup.com\/us\/meetingzoneupgrade\/#primaryimage","url":"https:\/\/loopup.com\/app\/uploads\/2019\/07\/loopup-meetingzone-logo.png","contentUrl":"https:\/\/loopup.com\/app\/uploads\/2019\/07\/loopup-meetingzone-logo.png"},{"@type":"BreadcrumbList","@id":"https:\/\/loopup.com\/us\/meetingzoneupgrade\/#breadcrumb","itemListElement":[{"@type":"ListItem","position":1,"name":"Home","item":"https:\/\/loopup.com\/us\/"},{"@type":"ListItem","position":2,"name":"MeetingZone Upgrade"}]},{"@type":"WebSite","@id":"https:\/\/loopup.com\/us\/#website","url":"https:\/\/loopup.com\/us\/","name":"LoopUp","description":"Simplify your world, Consolidate your multinational Teams telephony globally.","publisher":{"@id":"https:\/\/loopup.com\/us\/#organization"},"potentialAction":[{"@type":"SearchAction","target":{"@type":"EntryPoint","urlTemplate":"https:\/\/loopup.com\/us\/?s={search_term_string}"},"query-input":{"@type":"PropertyValueSpecification","valueRequired":true,"valueName":"search_term_string"}}],"inLanguage":"en-US"},{"@type":"Organization","@id":"https:\/\/loopup.com\/us\/#organization","name":"LoopUp","url":"https:\/\/loopup.com\/us\/","logo":{"@type":"ImageObject","inLanguage":"en-US","@id":"https:\/\/loopup.com\/us\/#\/schema\/logo\/image\/","url":"https:\/\/loopup.com\/app\/uploads\/2016\/08\/Coloured_Logo_White_Background_200x200.png","contentUrl":"https:\/\/loopup.com\/app\/uploads\/2016\/08\/Coloured_Logo_White_Background_200x200.png","width":200,"height":200,"caption":"LoopUp"},"image":{"@id":"https:\/\/loopup.com\/us\/#\/schema\/logo\/image\/"},"sameAs":["https:\/\/www.facebook.com\/LoopUp","https:\/\/x.com\/LoopUp"]}]}},"_links":{"self":[{"href":"https:\/\/loopup.com\/us\/wp-json\/wp\/v2\/pages\/44070","targetHints":{"allow":["GET"]}}],"collection":[{"href":"https:\/\/loopup.com\/us\/wp-json\/wp\/v2\/pages"}],"about":[{"href":"https:\/\/loopup.com\/us\/wp-json\/wp\/v2\/types\/page"}],"author":[{"embeddable":true,"href":"https:\/\/loopup.com\/us\/wp-json\/wp\/v2\/users\/13"}],"replies":[{"embeddable":true,"href":"https:\/\/loopup.com\/us\/wp-json\/wp\/v2\/comments?post=44070"}],"version-history":[{"count":0,"href":"https:\/\/loopup.com\/us\/wp-json\/wp\/v2\/pages\/44070\/revisions"}],"wp:attachment":[{"href":"https:\/\/loopup.com\/us\/wp-json\/wp\/v2\/media?parent=44070"}],"curies":[{"name":"wp","href":"https:\/\/api.w.org\/{rel}","templated":true}]}}